{"id":1822,"date":"2024-02-03T14:56:41","date_gmt":"2024-02-03T14:56:41","guid":{"rendered":"https:\/\/villamedicina.hu\/?page_id=1822"},"modified":"2024-02-20T13:24:02","modified_gmt":"2024-02-20T13:24:02","slug":"ultrahang","status":"publish","type":"page","link":"https:\/\/villamedicina.hu\/en\/gyik\/ultrahang\/","title":{"rendered":"Ultrasound"},"content":{"rendered":"<div data-elementor-type=\"wp-page\" data-elementor-id=\"1822\" class=\"elementor elementor-1822\" data-elementor-post-type=\"page\">\n\t\t\t\t<div class=\"elementor-element elementor-element-4981dea2 e-flex e-con-boxed e-con e-parent\" data-id=\"4981dea2\" data-element_type=\"container\" data-settings=\"{&quot;background_background&quot;:&quot;classic&quot;}\">\n\t\t\t\t\t<div class=\"e-con-inner\">\n\t\t<div class=\"elementor-element elementor-element-45b9f06a e-con-full e-flex e-con e-child\" data-id=\"45b9f06a\" data-element_type=\"container\">\n\t\t\t\t<div class=\"elementor-element elementor-element-3bb85f17 elementor-hidden-desktop elementor-widget elementor-widget-image\" data-id=\"3bb85f17\" data-element_type=\"widget\" data-widget_type=\"image.default\">\n\t\t\t\t<div class=\"elementor-widget-container\">\n\t\t\t<style>\/*! elementor - v3.23.0 - 15-07-2024 *\/\n.elementor-widget-image{text-align:center}.elementor-widget-image a{display:inline-block}.elementor-widget-image a img[src$=\".svg\"]{width:48px}.elementor-widget-image img{vertical-align:middle;display:inline-block}<\/style>\t\t\t\t\t\t\t\t\t\t<img fetchpriority=\"high\" decoding=\"async\" width=\"800\" height=\"533\" src=\"https:\/\/villamedicina.hu\/wp-content\/uploads\/2024\/01\/cheerful-blonde-woman-talking-to-her-doctor-1024x682.jpg\" class=\"attachment-large size-large wp-image-666\" alt=\"Cheerful blonde woman talking to her doctor\" srcset=\"https:\/\/villamedicina.hu\/wp-content\/uploads\/2024\/01\/cheerful-blonde-woman-talking-to-her-doctor-1024x682.jpg 1024w, https:\/\/villamedicina.hu\/wp-content\/uploads\/2024\/01\/cheerful-blonde-woman-talking-to-her-doctor-300x200.jpg 300w, https:\/\/villamedicina.hu\/wp-content\/uploads\/2024\/01\/cheerful-blonde-woman-talking-to-her-doctor-768x512.jpg 768w, https:\/\/villamedicina.hu\/wp-content\/uploads\/2024\/01\/cheerful-blonde-woman-talking-to-her-doctor-1536x1024.jpg 1536w, https:\/\/villamedicina.hu\/wp-content\/uploads\/2024\/01\/cheerful-blonde-woman-talking-to-her-doctor.jpg 1920w\" sizes=\"(max-width: 800px) 100vw, 800px\" \/>\t\t\t\t\t\t\t\t\t\t\t\t\t<\/div>\n\t\t\t\t<\/div>\n\t\t\t\t<div class=\"elementor-element elementor-element-3ad85ab1 elementor-widget-divider--view-line elementor-widget elementor-widget-divider\" data-id=\"3ad85ab1\" data-element_type=\"widget\" data-widget_type=\"divider.default\">\n\t\t\t\t<div class=\"elementor-widget-container\">\n\t\t\t<style>\/*! elementor - v3.23.0 - 15-07-2024 *\/\n.elementor-widget-divider{--divider-border-style:none;--divider-border-width:1px;--divider-color:#0c0d0e;--divider-icon-size:20px;--divider-element-spacing:10px;--divider-pattern-height:24px;--divider-pattern-size:20px;--divider-pattern-url:none;--divider-pattern-repeat:repeat-x}.elementor-widget-divider .elementor-divider{display:flex}.elementor-widget-divider .elementor-divider__text{font-size:15px;line-height:1;max-width:95%}.elementor-widget-divider .elementor-divider__element{margin:0 var(--divider-element-spacing);flex-shrink:0}.elementor-widget-divider .elementor-icon{font-size:var(--divider-icon-size)}.elementor-widget-divider .elementor-divider-separator{display:flex;margin:0;direction:ltr}.elementor-widget-divider--view-line_icon .elementor-divider-separator,.elementor-widget-divider--view-line_text .elementor-divider-separator{align-items:center}.elementor-widget-divider--view-line_icon .elementor-divider-separator:after,.elementor-widget-divider--view-line_icon .elementor-divider-separator:before,.elementor-widget-divider--view-line_text .elementor-divider-separator:after,.elementor-widget-divider--view-line_text .elementor-divider-separator:before{display:block;content:\"\";border-block-end:0;flex-grow:1;border-block-start:var(--divider-border-width) var(--divider-border-style) var(--divider-color)}.elementor-widget-divider--element-align-left .elementor-divider .elementor-divider-separator>.elementor-divider__svg:first-of-type{flex-grow:0;flex-shrink:100}.elementor-widget-divider--element-align-left .elementor-divider-separator:before{content:none}.elementor-widget-divider--element-align-left .elementor-divider__element{margin-left:0}.elementor-widget-divider--element-align-right .elementor-divider .elementor-divider-separator>.elementor-divider__svg:last-of-type{flex-grow:0;flex-shrink:100}.elementor-widget-divider--element-align-right .elementor-divider-separator:after{content:none}.elementor-widget-divider--element-align-right .elementor-divider__element{margin-right:0}.elementor-widget-divider--element-align-start .elementor-divider .elementor-divider-separator>.elementor-divider__svg:first-of-type{flex-grow:0;flex-shrink:100}.elementor-widget-divider--element-align-start .elementor-divider-separator:before{content:none}.elementor-widget-divider--element-align-start .elementor-divider__element{margin-inline-start:0}.elementor-widget-divider--element-align-end .elementor-divider .elementor-divider-separator>.elementor-divider__svg:last-of-type{flex-grow:0;flex-shrink:100}.elementor-widget-divider--element-align-end .elementor-divider-separator:after{content:none}.elementor-widget-divider--element-align-end .elementor-divider__element{margin-inline-end:0}.elementor-widget-divider:not(.elementor-widget-divider--view-line_text):not(.elementor-widget-divider--view-line_icon) .elementor-divider-separator{border-block-start:var(--divider-border-width) var(--divider-border-style) var(--divider-color)}.elementor-widget-divider--separator-type-pattern{--divider-border-style:none}.elementor-widget-divider--separator-type-pattern.elementor-widget-divider--view-line .elementor-divider-separator,.elementor-widget-divider--separator-type-pattern:not(.elementor-widget-divider--view-line) .elementor-divider-separator:after,.elementor-widget-divider--separator-type-pattern:not(.elementor-widget-divider--view-line) .elementor-divider-separator:before,.elementor-widget-divider--separator-type-pattern:not([class*=elementor-widget-divider--view]) .elementor-divider-separator{width:100%;min-height:var(--divider-pattern-height);-webkit-mask-size:var(--divider-pattern-size) 100%;mask-size:var(--divider-pattern-size) 100%;-webkit-mask-repeat:var(--divider-pattern-repeat);mask-repeat:var(--divider-pattern-repeat);background-color:var(--divider-color);-webkit-mask-image:var(--divider-pattern-url);mask-image:var(--divider-pattern-url)}.elementor-widget-divider--no-spacing{--divider-pattern-size:auto}.elementor-widget-divider--bg-round{--divider-pattern-repeat:round}.rtl .elementor-widget-divider .elementor-divider__text{direction:rtl}.e-con-inner>.elementor-widget-divider,.e-con>.elementor-widget-divider{width:var(--container-widget-width,100%);--flex-grow:var(--container-widget-flex-grow)}<\/style>\t\t<div class=\"elementor-divider\">\n\t\t\t<span class=\"elementor-divider-separator\">\n\t\t\t\t\t\t<\/span>\n\t\t<\/div>\n\t\t\t\t<\/div>\n\t\t\t\t<\/div>\n\t\t\t\t<div class=\"elementor-element elementor-element-9fad801 elementor-widget elementor-widget-heading\" data-id=\"9fad801\" data-element_type=\"widget\" data-widget_type=\"heading.default\">\n\t\t\t\t<div class=\"elementor-widget-container\">\n\t\t\t<style>\/*! elementor - v3.23.0 - 15-07-2024 *\/\n.elementor-heading-title{padding:0;margin:0;line-height:1}.elementor-widget-heading .elementor-heading-title[class*=elementor-size-]>a{color:inherit;font-size:inherit;line-height:inherit}.elementor-widget-heading .elementor-heading-title.elementor-size-small{font-size:15px}.elementor-widget-heading .elementor-heading-title.elementor-size-medium{font-size:19px}.elementor-widget-heading .elementor-heading-title.elementor-size-large{font-size:29px}.elementor-widget-heading .elementor-heading-title.elementor-size-xl{font-size:39px}.elementor-widget-heading .elementor-heading-title.elementor-size-xxl{font-size:59px}<\/style><h2 class=\"elementor-heading-title elementor-size-default\">FAQ - Ultrasound<\/h2>\t\t<\/div>\n\t\t\t\t<\/div>\n\t\t\t\t<div class=\"elementor-element elementor-element-45ab95c2 elementor-widget elementor-widget-n-accordion\" data-id=\"45ab95c2\" data-element_type=\"widget\" data-settings=\"{&quot;default_state&quot;:&quot;expanded&quot;,&quot;max_items_expended&quot;:&quot;one&quot;,&quot;n_accordion_animation_duration&quot;:{&quot;unit&quot;:&quot;ms&quot;,&quot;size&quot;:400,&quot;sizes&quot;:[]}}\" data-widget_type=\"nested-accordion.default\">\n\t\t\t\t<div class=\"elementor-widget-container\">\n\t\t\t\t\t<div class=\"e-n-accordion\" aria-label=\"Accordion. Open links with Enter or Space, close with Escape, and navigate with Arrow Keys\">\n\t\t\t\t\t\t<details id=\"e-n-accordion-item-1160\" class=\"e-n-accordion-item\" open>\n\t\t\t\t<summary class=\"e-n-accordion-item-title\" data-accordion-index=\"1\" tabindex=\"0\" aria-expanded=\"true\" aria-controls=\"e-n-accordion-item-1160\" >\n\t\t\t\t\t<span class='e-n-accordion-item-title-header'><h2 class=\"e-n-accordion-item-title-text\"> Are you free to eat or drink before the exams? <\/h2><\/span>\n\t\t\t\t\t\t\t\t\t<\/summary>\n\t\t\t\t<div role=\"region\" aria-labelledby=\"e-n-accordion-item-1160\" class=\"elementor-element elementor-element-7ecdf7c8 e-con-full e-flex e-con e-child\" data-id=\"7ecdf7c8\" data-element_type=\"container\">\n\t\t\t\t<div class=\"elementor-element elementor-element-6714abf3 elementor-widget elementor-widget-text-editor\" data-id=\"6714abf3\" data-element_type=\"widget\" data-widget_type=\"text-editor.default\">\n\t\t\t\t<div class=\"elementor-widget-container\">\n\t\t\t<style>\/*! elementor - v3.23.0 - 15-07-2024 *\/\n.elementor-widget-text-editor.elementor-drop-cap-view-stacked .elementor-drop-cap{background-color:#69727d;color:#fff}.elementor-widget-text-editor.elementor-drop-cap-view-framed .elementor-drop-cap{color:#69727d;border:3px solid;background-color:transparent}.elementor-widget-text-editor:not(.elementor-drop-cap-view-default) .elementor-drop-cap{margin-top:8px}.elementor-widget-text-editor:not(.elementor-drop-cap-view-default) .elementor-drop-cap-letter{width:1em;height:1em}.elementor-widget-text-editor .elementor-drop-cap{float:left;text-align:center;line-height:1;font-size:50px}.elementor-widget-text-editor .elementor-drop-cap-letter{display:inline-block}<\/style>\t\t\t\t<p>In the case of tests involving the biliary system and intestines, the fluid and gas content is disturbing, so you must come on an empty stomach, 6-7 hours of fasting is necessary, 3-4 hours of fasting is sufficient for children. So, in this case you should not eat! Pelvic examinations can be performed with a full bladder. The patient should drink non-carbonated soft drinks, water, tea, and not go to the toilet 1 hour before the examination. In other words, in this case, liquid consumption is directly recommended!<\/p>\t\t\t\t\t\t<\/div>\n\t\t\t\t<\/div>\n\t\t\t\t<\/div>\n\t\t\t\t\t<\/details>\n\t\t\t\t\t\t<details id=\"e-n-accordion-item-1161\" class=\"e-n-accordion-item\" >\n\t\t\t\t<summary class=\"e-n-accordion-item-title\" data-accordion-index=\"2\" tabindex=\"-1\" aria-expanded=\"false\" aria-controls=\"e-n-accordion-item-1161\" >\n\t\t\t\t\t<span class='e-n-accordion-item-title-header'><h2 class=\"e-n-accordion-item-title-text\"> Is it necessary to present the old findings to the examining physician? <\/h2><\/span>\n\t\t\t\t\t\t\t\t\t<\/summary>\n\t\t\t\t<div role=\"region\" aria-labelledby=\"e-n-accordion-item-1161\" class=\"elementor-element elementor-element-6a1b3da0 e-con-full e-flex e-con e-child\" data-id=\"6a1b3da0\" data-element_type=\"container\">\n\t\t\t\t<div class=\"elementor-element elementor-element-585350c8 elementor-widget elementor-widget-text-editor\" data-id=\"585350c8\" data-element_type=\"widget\" data-widget_type=\"text-editor.default\">\n\t\t\t\t<div class=\"elementor-widget-container\">\n\t\t\t\t\t\t\t<p>In addition to discussing the complaints, it is also very important to review the previous ultrasound examination results and laboratory findings before the examination, as the examining doctor can extract a lot of information from them.<\/p>\t\t\t\t\t\t<\/div>\n\t\t\t\t<\/div>\n\t\t\t\t<\/div>\n\t\t\t\t\t<\/details>\n\t\t\t\t\t\t<details id=\"e-n-accordion-item-1162\" class=\"e-n-accordion-item\" >\n\t\t\t\t<summary class=\"e-n-accordion-item-title\" data-accordion-index=\"3\" tabindex=\"-1\" aria-expanded=\"false\" aria-controls=\"e-n-accordion-item-1162\" >\n\t\t\t\t\t<span class='e-n-accordion-item-title-header'><h2 class=\"e-n-accordion-item-title-text\"> I received the examination result, now how to proceed? <\/h2><\/span>\n\t\t\t\t\t\t\t\t\t<\/summary>\n\t\t\t\t<div role=\"region\" aria-labelledby=\"e-n-accordion-item-1162\" class=\"elementor-element elementor-element-366e080e e-con-full e-flex e-con e-child\" data-id=\"366e080e\" data-element_type=\"container\">\n\t\t\t\t<div class=\"elementor-element elementor-element-1f778914 elementor-widget elementor-widget-text-editor\" data-id=\"1f778914\" data-element_type=\"widget\" data-widget_type=\"text-editor.default\">\n\t\t\t\t<div class=\"elementor-widget-container\">\n\t\t\t\t\t\t\t<p>If necessary, the examining doctor - in consultation with the patient - recommends additional imaging tests or sends the results back to the specialist. In all cases, this is brought to the patient's attention verbally, but it can also be found at the bottom of the report.<\/p>\t\t\t\t\t\t<\/div>\n\t\t\t\t<\/div>\n\t\t\t\t<\/div>\n\t\t\t\t\t<\/details>\n\t\t\t\t\t\t<details id=\"e-n-accordion-item-1163\" class=\"e-n-accordion-item\" >\n\t\t\t\t<summary class=\"e-n-accordion-item-title\" data-accordion-index=\"4\" tabindex=\"-1\" aria-expanded=\"false\" aria-controls=\"e-n-accordion-item-1163\" >\n\t\t\t\t\t<span class='e-n-accordion-item-title-header'><h2 class=\"e-n-accordion-item-title-text\"> I'm going for a genetic ultrasound; Do I need to bring a pendrive with me? <\/h2><\/span>\n\t\t\t\t\t\t\t\t\t<\/summary>\n\t\t\t\t<div role=\"region\" aria-labelledby=\"e-n-accordion-item-1163\" class=\"elementor-element elementor-element-539ffe93 e-con-full e-flex e-con e-child\" data-id=\"539ffe93\" data-element_type=\"container\">\n\t\t\t\t<div class=\"elementor-element elementor-element-25f9b7a1 elementor-widget elementor-widget-text-editor\" data-id=\"25f9b7a1\" data-element_type=\"widget\" data-widget_type=\"text-editor.default\">\n\t\t\t\t<div class=\"elementor-widget-container\">\n\t\t\t\t\t\t\t<p>You do not need to bring any data carrier with you to the genetic ultrasound examination, because the recordings made during the examinations will be sent online to the e-mail address you provided after the examination.<\/p>\t\t\t\t\t\t<\/div>\n\t\t\t\t<\/div>\n\t\t\t\t<\/div>\n\t\t\t\t\t<\/details>\n\t\t\t\t\t<\/div>\n\t\t\t\t\t<script type=\"application\/ld+json\">{\"@context\":\"https:\\\/\\\/schema.org\",\"@type\":\"FAQPage\",\"mainEntity\":[{\"@type\":\"Question\",\"name\":\"Szabad-e inni a vizsg\\u00e1latok el\\u0151tt?\",\"acceptedAnswer\":{\"@type\":\"Answer\",\"text\":\"Az eperendszert \\u00e9s beleket \\u00e9rint\\u0151 vizsg\\u00e1lat eset\\u00e9n a folyad\\u00e9k-\\u00e9s g\\u00e1ztartalom zavar\\u00f3, ez\\u00e9rt \\u00e9hgyomorral kell j\\u00f6nni, 6-7 \\u00f3r\\u00e1s \\u00e9hez\\u00e9s sz\\u00fcks\\u00e9ges, gyermekekn\\u00e9l a 3-4 \\u00f3r\\u00e1s \\u00e9hez\\u00e9s elegend\\u0151. Teh\\u00e1t ebben az esetben nem szabad enni! A kismedencei vizsg\\u00e1latok telt h\\u00fagyh\\u00f3lyag mellett v\\u00e9gezhet\\u0151ek. Sz\\u00e9nsavmentes \\u00fcd\\u00edt\\u0151t, v\\u00edzet, te\\u00e1t igyon a beteg, vizsg\\u00e1lat el\\u0151tt 1 \\u00f3r\\u00e1val m\\u00e1r ne menjen wc-re. Azaz ebben az esetben a folyad\\u00e9kfogyaszt\\u00e1s egyenesen aj\\u00e1nlott!\"}},{\"@type\":\"Question\",\"name\":\"Sz\\u00fcks\\u00e9ges-e a r\\u00e9gebbi leletek bemutat\\u00e1sa a vizsg\\u00e1l\\u00f3 Orvosnak?\",\"acceptedAnswer\":{\"@type\":\"Answer\",\"text\":\"A panaszok \\u00e1tbesz\\u00e9l\\u00e9se mellett a kor\\u00e1bbi UH-vizsg\\u00e1lati eredm\\u00e9nyek, laborleletek vizsg\\u00e1lat el\\u0151tti \\u00e1tn\\u00e9z\\u00e9se is nagyon fontos, mivel ezekb\\u0151l is sok inform\\u00e1ci\\u00f3t tud lesz\\u0171rni a vizsg\\u00e1l\\u00f3 orvos.\"}},{\"@type\":\"Question\",\"name\":\"Megkaptam a vizsg\\u00e1lati eredm\\u00e9nyt, most hogyan tov\\u00e1bb?\",\"acceptedAnswer\":{\"@type\":\"Answer\",\"text\":\"Ha sz\\u00fcks\\u00e9ges a vizsg\\u00e1l\\u00f3 orvos \\u2013 a beteggel megbesz\\u00e9lve \\u2013 tov\\u00e1bbi k\\u00e9palkot\\u00e1si vizsg\\u00e1latokat javasol vagy az eredm\\u00e9nnyel visszak\\u00fcldi a szakorvoshoz. Ezt minden esetben sz\\u00f3ban is a beteg tudom\\u00e1s\\u00e1ra hozz\\u00e1k, de a lelet alj\\u00e1n is megtal\\u00e1lhat\\u00f3.\"}},{\"@type\":\"Question\",\"name\":\"Genetikai ultrahangra megyek, sz\\u00fcks\\u00e9ges-e pendrive-ot magammal vinnem?\",\"acceptedAnswer\":{\"@type\":\"Answer\",\"text\":\"Nem sz\\u00fcks\\u00e9ges semmilyen adathordoz\\u00f3t sem mag\\u00e1val hoznia a genetikai ultrahang vizsg\\u00e1lat\\u00e1ra, mert a vizsg\\u00e1latokon k\\u00e9sz\\u00edtett felv\\u00e9teleket, a vizsg\\u00e1latot k\\u00f6vet\\u0151en Online tov\\u00e1bb\\u00edtunk az \\u00d6n \\u00e1ltal megadott e-mail c\\u00edmre.\"}}]}<\/script>\n\t\t\t\t\t<\/div>\n\t\t\t\t<\/div>\n\t\t\t\t<div class=\"elementor-element elementor-element-1868063 elementor-mobile-align-center elementor-widget elementor-widget-global elementor-global-2114 elementor-widget-button\" data-id=\"1868063\" data-element_type=\"widget\" data-widget_type=\"button.default\">\n\t\t\t\t<div class=\"elementor-widget-container\">\n\t\t\t\t\t<div class=\"elementor-button-wrapper\">\n\t\t\t<a class=\"elementor-button elementor-button-link elementor-size-md\" href=\"https:\/\/villamedicina.hu\/en\/kapcsolat\/\">\n\t\t\t\t\t\t<span class=\"elementor-button-content-wrapper\">\n\t\t\t\t\t\t\t\t\t<span class=\"elementor-button-text\">Do you have a question? <\/span>\n\t\t\t\t\t<\/span>\n\t\t\t\t\t<\/a>\n\t\t<\/div>\n\t\t\t\t<\/div>\n\t\t\t\t<\/div>\n\t\t\t\t<\/div>\n\t\t<div class=\"elementor-element elementor-element-7a418886 e-con-full elementor-hidden-tablet elementor-hidden-mobile e-flex e-con e-child\" data-id=\"7a418886\" data-element_type=\"container\" data-settings=\"{&quot;background_background&quot;:&quot;classic&quot;,&quot;sticky&quot;:&quot;top&quot;,&quot;sticky_parent&quot;:&quot;yes&quot;,&quot;sticky_on&quot;:[&quot;desktop&quot;,&quot;tablet&quot;,&quot;mobile&quot;],&quot;sticky_offset&quot;:0,&quot;sticky_effects_offset&quot;:0}\">\n\t\t\t\t<\/div>\n\t\t\t\t\t<\/div>\n\t\t\t\t<\/div>\n\t\t\t\t<\/div>","protected":false},"excerpt":{"rendered":"<p>Ultrahang k\u00e9rd\u00e9sek Szabad-e inni a vizsg\u00e1latok el\u0151tt? Az eperendszert \u00e9s beleket \u00e9rint\u0151 vizsg\u00e1lat eset\u00e9n a folyad\u00e9k-\u00e9s g\u00e1ztartalom zavar\u00f3, ez\u00e9rt \u00e9hgyomorral kell j\u00f6nni, 6-7 \u00f3r\u00e1s \u00e9hez\u00e9s sz\u00fcks\u00e9ges, gyermekekn\u00e9l a 3-4 \u00f3r\u00e1s \u00e9hez\u00e9s elegend\u0151. Teh\u00e1t ebben az esetben nem szabad enni! A kismedencei vizsg\u00e1latok telt h\u00fagyh\u00f3lyag mellett v\u00e9gezhet\u0151ek. Sz\u00e9nsavmentes \u00fcd\u00edt\u0151t, v\u00edzet, te\u00e1t igyon a beteg, vizsg\u00e1lat el\u0151tt [&hellip;]<\/p>","protected":false},"author":3,"featured_media":0,"parent":489,"menu_order":0,"comment_status":"closed","ping_status":"closed","template":"elementor_header_footer","meta":{"_acf_changed":false,"footnotes":""},"class_list":["post-1822","page","type-page","status-publish","hentry"],"acf":[],"_links":{"self":[{"href":"https:\/\/villamedicina.hu\/en\/wp-json\/wp\/v2\/pages\/1822","targetHints":{"allow":["GET"]}}],"collection":[{"href":"https:\/\/villamedicina.hu\/en\/wp-json\/wp\/v2\/pages"}],"about":[{"href":"https:\/\/villamedicina.hu\/en\/wp-json\/wp\/v2\/types\/page"}],"author":[{"embeddable":true,"href":"https:\/\/villamedicina.hu\/en\/wp-json\/wp\/v2\/users\/3"}],"replies":[{"embeddable":true,"href":"https:\/\/villamedicina.hu\/en\/wp-json\/wp\/v2\/comments?post=1822"}],"version-history":[{"count":5,"href":"https:\/\/villamedicina.hu\/en\/wp-json\/wp\/v2\/pages\/1822\/revisions"}],"predecessor-version":[{"id":2530,"href":"https:\/\/villamedicina.hu\/en\/wp-json\/wp\/v2\/pages\/1822\/revisions\/2530"}],"up":[{"embeddable":true,"href":"https:\/\/villamedicina.hu\/en\/wp-json\/wp\/v2\/pages\/489"}],"wp:attachment":[{"href":"https:\/\/villamedicina.hu\/en\/wp-json\/wp\/v2\/media?parent=1822"}],"curies":[{"name":"wp","href":"https:\/\/api.w.org\/{rel}","templated":true}]}}