{"id":1827,"date":"2024-02-03T15:01:42","date_gmt":"2024-02-03T15:01:42","guid":{"rendered":"https:\/\/villamedicina.hu\/?page_id=1827"},"modified":"2024-02-20T13:26:33","modified_gmt":"2024-02-20T13:26:33","slug":"babamozi","status":"publish","type":"page","link":"https:\/\/villamedicina.hu\/en\/gyik\/babamozi\/","title":{"rendered":"INSIDE PREGNANCY VIDEO"},"content":{"rendered":"<div data-elementor-type=\"wp-page\" data-elementor-id=\"1827\" class=\"elementor elementor-1827\" data-elementor-post-type=\"page\">\n\t\t\t\t<div class=\"elementor-element elementor-element-7476b838 e-flex e-con-boxed e-con e-parent\" data-id=\"7476b838\" data-element_type=\"container\" data-settings=\"{&quot;background_background&quot;:&quot;classic&quot;}\">\n\t\t\t\t\t<div class=\"e-con-inner\">\n\t\t<div class=\"elementor-element elementor-element-6b42d250 e-con-full e-flex e-con e-child\" data-id=\"6b42d250\" data-element_type=\"container\">\n\t\t\t\t<div class=\"elementor-element elementor-element-7ee449f elementor-hidden-desktop elementor-widget elementor-widget-image\" data-id=\"7ee449f\" data-element_type=\"widget\" data-widget_type=\"image.default\">\n\t\t\t\t<div class=\"elementor-widget-container\">\n\t\t\t<style>\/*! elementor - v3.23.0 - 15-07-2024 *\/\n.elementor-widget-image{text-align:center}.elementor-widget-image a{display:inline-block}.elementor-widget-image a img[src$=\".svg\"]{width:48px}.elementor-widget-image img{vertical-align:middle;display:inline-block}<\/style>\t\t\t\t\t\t\t\t\t\t<img fetchpriority=\"high\" decoding=\"async\" width=\"800\" height=\"533\" src=\"https:\/\/villamedicina.hu\/wp-content\/uploads\/2024\/01\/cheerful-blonde-woman-talking-to-her-doctor-1024x682.jpg\" class=\"attachment-large size-large wp-image-666\" alt=\"Cheerful blonde woman talking to her doctor\" srcset=\"https:\/\/villamedicina.hu\/wp-content\/uploads\/2024\/01\/cheerful-blonde-woman-talking-to-her-doctor-1024x682.jpg 1024w, https:\/\/villamedicina.hu\/wp-content\/uploads\/2024\/01\/cheerful-blonde-woman-talking-to-her-doctor-300x200.jpg 300w, https:\/\/villamedicina.hu\/wp-content\/uploads\/2024\/01\/cheerful-blonde-woman-talking-to-her-doctor-768x512.jpg 768w, https:\/\/villamedicina.hu\/wp-content\/uploads\/2024\/01\/cheerful-blonde-woman-talking-to-her-doctor-1536x1024.jpg 1536w, https:\/\/villamedicina.hu\/wp-content\/uploads\/2024\/01\/cheerful-blonde-woman-talking-to-her-doctor.jpg 1920w\" sizes=\"(max-width: 800px) 100vw, 800px\" \/>\t\t\t\t\t\t\t\t\t\t\t\t\t<\/div>\n\t\t\t\t<\/div>\n\t\t\t\t<div class=\"elementor-element elementor-element-439ce425 elementor-widget elementor-widget-heading\" data-id=\"439ce425\" data-element_type=\"widget\" data-widget_type=\"heading.default\">\n\t\t\t\t<div class=\"elementor-widget-container\">\n\t\t\t<style>\/*! elementor - v3.23.0 - 15-07-2024 *\/\n.elementor-heading-title{padding:0;margin:0;line-height:1}.elementor-widget-heading .elementor-heading-title[class*=elementor-size-]>a{color:inherit;font-size:inherit;line-height:inherit}.elementor-widget-heading .elementor-heading-title.elementor-size-small{font-size:15px}.elementor-widget-heading .elementor-heading-title.elementor-size-medium{font-size:19px}.elementor-widget-heading .elementor-heading-title.elementor-size-large{font-size:29px}.elementor-widget-heading .elementor-heading-title.elementor-size-xl{font-size:39px}.elementor-widget-heading .elementor-heading-title.elementor-size-xxl{font-size:59px}<\/style><h1 class=\"elementor-heading-title elementor-size-default\">FAQ - Baby Cinema<\/h1>\t\t<\/div>\n\t\t\t\t<\/div>\n\t\t\t\t<div class=\"elementor-element elementor-element-7eec1916 elementor-widget-divider--view-line elementor-widget elementor-widget-divider\" data-id=\"7eec1916\" data-element_type=\"widget\" data-widget_type=\"divider.default\">\n\t\t\t\t<div class=\"elementor-widget-container\">\n\t\t\t<style>\/*! elementor - v3.23.0 - 15-07-2024 *\/\n.elementor-widget-divider{--divider-border-style:none;--divider-border-width:1px;--divider-color:#0c0d0e;--divider-icon-size:20px;--divider-element-spacing:10px;--divider-pattern-height:24px;--divider-pattern-size:20px;--divider-pattern-url:none;--divider-pattern-repeat:repeat-x}.elementor-widget-divider .elementor-divider{display:flex}.elementor-widget-divider .elementor-divider__text{font-size:15px;line-height:1;max-width:95%}.elementor-widget-divider .elementor-divider__element{margin:0 var(--divider-element-spacing);flex-shrink:0}.elementor-widget-divider .elementor-icon{font-size:var(--divider-icon-size)}.elementor-widget-divider .elementor-divider-separator{display:flex;margin:0;direction:ltr}.elementor-widget-divider--view-line_icon .elementor-divider-separator,.elementor-widget-divider--view-line_text .elementor-divider-separator{align-items:center}.elementor-widget-divider--view-line_icon .elementor-divider-separator:after,.elementor-widget-divider--view-line_icon .elementor-divider-separator:before,.elementor-widget-divider--view-line_text .elementor-divider-separator:after,.elementor-widget-divider--view-line_text .elementor-divider-separator:before{display:block;content:\"\";border-block-end:0;flex-grow:1;border-block-start:var(--divider-border-width) var(--divider-border-style) var(--divider-color)}.elementor-widget-divider--element-align-left .elementor-divider .elementor-divider-separator>.elementor-divider__svg:first-of-type{flex-grow:0;flex-shrink:100}.elementor-widget-divider--element-align-left .elementor-divider-separator:before{content:none}.elementor-widget-divider--element-align-left .elementor-divider__element{margin-left:0}.elementor-widget-divider--element-align-right .elementor-divider .elementor-divider-separator>.elementor-divider__svg:last-of-type{flex-grow:0;flex-shrink:100}.elementor-widget-divider--element-align-right .elementor-divider-separator:after{content:none}.elementor-widget-divider--element-align-right .elementor-divider__element{margin-right:0}.elementor-widget-divider--element-align-start .elementor-divider .elementor-divider-separator>.elementor-divider__svg:first-of-type{flex-grow:0;flex-shrink:100}.elementor-widget-divider--element-align-start .elementor-divider-separator:before{content:none}.elementor-widget-divider--element-align-start .elementor-divider__element{margin-inline-start:0}.elementor-widget-divider--element-align-end .elementor-divider .elementor-divider-separator>.elementor-divider__svg:last-of-type{flex-grow:0;flex-shrink:100}.elementor-widget-divider--element-align-end .elementor-divider-separator:after{content:none}.elementor-widget-divider--element-align-end .elementor-divider__element{margin-inline-end:0}.elementor-widget-divider:not(.elementor-widget-divider--view-line_text):not(.elementor-widget-divider--view-line_icon) .elementor-divider-separator{border-block-start:var(--divider-border-width) var(--divider-border-style) var(--divider-color)}.elementor-widget-divider--separator-type-pattern{--divider-border-style:none}.elementor-widget-divider--separator-type-pattern.elementor-widget-divider--view-line .elementor-divider-separator,.elementor-widget-divider--separator-type-pattern:not(.elementor-widget-divider--view-line) .elementor-divider-separator:after,.elementor-widget-divider--separator-type-pattern:not(.elementor-widget-divider--view-line) .elementor-divider-separator:before,.elementor-widget-divider--separator-type-pattern:not([class*=elementor-widget-divider--view]) .elementor-divider-separator{width:100%;min-height:var(--divider-pattern-height);-webkit-mask-size:var(--divider-pattern-size) 100%;mask-size:var(--divider-pattern-size) 100%;-webkit-mask-repeat:var(--divider-pattern-repeat);mask-repeat:var(--divider-pattern-repeat);background-color:var(--divider-color);-webkit-mask-image:var(--divider-pattern-url);mask-image:var(--divider-pattern-url)}.elementor-widget-divider--no-spacing{--divider-pattern-size:auto}.elementor-widget-divider--bg-round{--divider-pattern-repeat:round}.rtl .elementor-widget-divider .elementor-divider__text{direction:rtl}.e-con-inner>.elementor-widget-divider,.e-con>.elementor-widget-divider{width:var(--container-widget-width,100%);--flex-grow:var(--container-widget-flex-grow)}<\/style>\t\t<div class=\"elementor-divider\">\n\t\t\t<span class=\"elementor-divider-separator\">\n\t\t\t\t\t\t<\/span>\n\t\t<\/div>\n\t\t\t\t<\/div>\n\t\t\t\t<\/div>\n\t\t\t\t<div class=\"elementor-element elementor-element-be1f3a7 elementor-widget elementor-widget-n-accordion\" data-id=\"be1f3a7\" data-element_type=\"widget\" data-settings=\"{&quot;default_state&quot;:&quot;expanded&quot;,&quot;max_items_expended&quot;:&quot;one&quot;,&quot;n_accordion_animation_duration&quot;:{&quot;unit&quot;:&quot;ms&quot;,&quot;size&quot;:400,&quot;sizes&quot;:[]}}\" data-widget_type=\"nested-accordion.default\">\n\t\t\t\t<div class=\"elementor-widget-container\">\n\t\t\t\t\t<div class=\"e-n-accordion\" aria-label=\"Accordion. Open links with Enter or Space, close with Escape, and navigate with Arrow Keys\">\n\t\t\t\t\t\t<details id=\"e-n-accordion-item-1990\" class=\"e-n-accordion-item\" open>\n\t\t\t\t<summary class=\"e-n-accordion-item-title\" data-accordion-index=\"1\" tabindex=\"0\" aria-expanded=\"true\" aria-controls=\"e-n-accordion-item-1990\" >\n\t\t\t\t\t<span class='e-n-accordion-item-title-header'><h2 class=\"e-n-accordion-item-title-text\"> When is the best time for a Baby Cinema examination? <\/h2><\/span>\n\t\t\t\t\t\t\t\t\t<\/summary>\n\t\t\t\t<div role=\"region\" aria-labelledby=\"e-n-accordion-item-1990\" class=\"elementor-element elementor-element-5c7987e5 e-con-full e-flex e-con e-child\" data-id=\"5c7987e5\" data-element_type=\"container\">\n\t\t\t\t<div class=\"elementor-element elementor-element-291be727 elementor-widget elementor-widget-text-editor\" data-id=\"291be727\" data-element_type=\"widget\" data-widget_type=\"text-editor.default\">\n\t\t\t\t<div class=\"elementor-widget-container\">\n\t\t\t<style>\/*! elementor - v3.23.0 - 15-07-2024 *\/\n.elementor-widget-text-editor.elementor-drop-cap-view-stacked .elementor-drop-cap{background-color:#69727d;color:#fff}.elementor-widget-text-editor.elementor-drop-cap-view-framed .elementor-drop-cap{color:#69727d;border:3px solid;background-color:transparent}.elementor-widget-text-editor:not(.elementor-drop-cap-view-default) .elementor-drop-cap{margin-top:8px}.elementor-widget-text-editor:not(.elementor-drop-cap-view-default) .elementor-drop-cap-letter{width:1em;height:1em}.elementor-widget-text-editor .elementor-drop-cap{float:left;text-align:center;line-height:1;font-size:50px}.elementor-widget-text-editor .elementor-drop-cap-letter{display:inline-block}<\/style>\t\t\t\t<p>The optimal period is between the 26th and 32nd weeks of pregnancy. The examination can still be performed after the 32nd week, provided that the fetus's position allows it.<\/p>\t\t\t\t\t\t<\/div>\n\t\t\t\t<\/div>\n\t\t\t\t<\/div>\n\t\t\t\t\t<\/details>\n\t\t\t\t\t\t<details id=\"e-n-accordion-item-1991\" class=\"e-n-accordion-item\" >\n\t\t\t\t<summary class=\"e-n-accordion-item-title\" data-accordion-index=\"2\" tabindex=\"-1\" aria-expanded=\"false\" aria-controls=\"e-n-accordion-item-1991\" >\n\t\t\t\t\t<span class='e-n-accordion-item-title-header'><h2 class=\"e-n-accordion-item-title-text\"> When is an examination considered successful? <\/h2><\/span>\n\t\t\t\t\t\t\t\t\t<\/summary>\n\t\t\t\t<div role=\"region\" aria-labelledby=\"e-n-accordion-item-1991\" class=\"elementor-element elementor-element-5dd29dcb e-con-full e-flex e-con e-child\" data-id=\"5dd29dcb\" data-element_type=\"container\">\n\t\t\t\t<div class=\"elementor-element elementor-element-3a82017d elementor-widget elementor-widget-text-editor\" data-id=\"3a82017d\" data-element_type=\"widget\" data-widget_type=\"text-editor.default\">\n\t\t\t\t<div class=\"elementor-widget-container\">\n\t\t\t\t\t\t\t<p>It is essential that the face of the foetus is free and that there is a sufficient amount of amniotic fluid in front of it. Very often, they cover themselves with their hands, legs or a piece of umbilical cord, which we try to counteract by positioning the Fetus, walking or eating something sweet or drinking something to ensure a successful examination.<\/p>\t\t\t\t\t\t<\/div>\n\t\t\t\t<\/div>\n\t\t\t\t<\/div>\n\t\t\t\t\t<\/details>\n\t\t\t\t\t\t<details id=\"e-n-accordion-item-1992\" class=\"e-n-accordion-item\" >\n\t\t\t\t<summary class=\"e-n-accordion-item-title\" data-accordion-index=\"3\" tabindex=\"-1\" aria-expanded=\"false\" aria-controls=\"e-n-accordion-item-1992\" >\n\t\t\t\t\t<span class='e-n-accordion-item-title-header'><h2 class=\"e-n-accordion-item-title-text\"> How should we prepare for Baby Cinema?  <\/h2><\/span>\n\t\t\t\t\t\t\t\t\t<\/summary>\n\t\t\t\t<div role=\"region\" aria-labelledby=\"e-n-accordion-item-1992\" class=\"elementor-element elementor-element-3805b276 e-con-full e-flex e-con e-child\" data-id=\"3805b276\" data-element_type=\"container\">\n\t\t\t\t<div class=\"elementor-element elementor-element-7205afe2 elementor-widget elementor-widget-text-editor\" data-id=\"7205afe2\" data-element_type=\"widget\" data-widget_type=\"text-editor.default\">\n\t\t\t\t<div class=\"elementor-widget-container\">\n\t\t\t\t\t\t\t<p>This type of test does not require much preparation. It is worth observing which foods and drinks the foetus will be most active on and consuming them about half an hour before the test. If you know what time of day the foetus is most active, this may also help you to choose the time of the test.<\/p>\t\t\t\t\t\t<\/div>\n\t\t\t\t<\/div>\n\t\t\t\t<\/div>\n\t\t\t\t\t<\/details>\n\t\t\t\t\t\t<details id=\"e-n-accordion-item-1993\" class=\"e-n-accordion-item\" >\n\t\t\t\t<summary class=\"e-n-accordion-item-title\" data-accordion-index=\"4\" tabindex=\"-1\" aria-expanded=\"false\" aria-controls=\"e-n-accordion-item-1993\" >\n\t\t\t\t\t<span class='e-n-accordion-item-title-header'><h2 class=\"e-n-accordion-item-title-text\"> Who do we recommend our Baby Cinema to? <\/h2><\/span>\n\t\t\t\t\t\t\t\t\t<\/summary>\n\t\t\t\t<div role=\"region\" aria-labelledby=\"e-n-accordion-item-1993\" class=\"elementor-element elementor-element-1c648e53 e-con-full e-flex e-con e-child\" data-id=\"1c648e53\" data-element_type=\"container\">\n\t\t\t\t<div class=\"elementor-element elementor-element-5995760d elementor-widget elementor-widget-text-editor\" data-id=\"5995760d\" data-element_type=\"widget\" data-widget_type=\"text-editor.default\">\n\t\t\t\t<div class=\"elementor-widget-container\">\n\t\t\t\t\t\t\t<p>We recommend it to anyone who wants to get an insight into the life of their new baby, to see his or her moments, expressions, moods and to share this wonderful time with the whole family. It's worth knowing that not all tests are successful at first, because unfortunately the baby doesn't know what we expect from him yet. However, a successful scan can show wonderful things, even a little smile or grimace, which you can look back on for a long time after the scan with the help of the recorded images.<\/p>\t\t\t\t\t\t<\/div>\n\t\t\t\t<\/div>\n\t\t\t\t<\/div>\n\t\t\t\t\t<\/details>\n\t\t\t\t\t<\/div>\n\t\t\t\t\t<script type=\"application\/ld+json\">{\"@context\":\"https:\\\/\\\/schema.org\",\"@type\":\"FAQPage\",\"mainEntity\":[{\"@type\":\"Question\",\"name\":\"Mikor javasolt a Babamozi vizsg\\u00e1lat?\",\"acceptedAnswer\":{\"@type\":\"Answer\",\"text\":\"A terhess\\u00e9g 26-32. hete k\\u00f6z\\u00f6tt van a legoptim\\u00e1lisabb id\\u0151szak. A 32. h\\u00e9t ut\\u00e1n is el lehet v\\u00e9gezni a vizsg\\u00e1latot, amennyiben a magzat fekv\\u00e9se m\\u00e9g lehet\\u0151v\\u00e9 teszi sz\\u00e1munkra.\"}},{\"@type\":\"Question\",\"name\":\"Mikor sikeres egy vizsg\\u00e1lat?\",\"acceptedAnswer\":{\"@type\":\"Answer\",\"text\":\"Alapfelt\\u00e9tel, hogy a magzat arca szabadon legyen \\u00e9s megfelel\\u0151 mennyis\\u00e9g\\u0171 magzatv\\u00edz is legyen el\\u0151tte. Nagyon gyakran takarj\\u00e1k el magukat kezeikkel, l\\u00e1baikkal vagy egy k\\u00f6ld\\u00f6kzsin\\u00f3r darabbal, ami ellen pr\\u00f3b\\u00e1lunk tenni a Kismama poz\\u00edcion\\u00e1l\\u00e1s\\u00e1val, s\\u00e9t\\u00e1val vagy valamilyen \\u00e9des \\u00e9tel, ital fogyaszt\\u00e1s\\u00e1val a sikeres vizsg\\u00e1lat \\u00e9rdek\\u00e9ben.\"}},{\"@type\":\"Question\",\"name\":\"Hogyan k\\u00e9sz\\u00fclj\\u00fcnk a Babamozira?\",\"acceptedAnswer\":{\"@type\":\"Answer\",\"text\":\"Ez a fajta vizsg\\u00e1lat nem ig\\u00e9nyel nagy felk\\u00e9sz\\u00fcl\\u00e9st. \\u00c9rdemes megfigyelni, hogy melyik \\u00e9telre, italra lesz akt\\u00edvabb a magzat \\u00e9s a vizsg\\u00e1lat el\\u0151tt k\\u00f6r\\u00fclbel\\u00fcl f\\u00e9l \\u00f3r\\u00e1val abb\\u00f3l fogyasztani. Ha esetleg tudni lehet, hogy a magzat melyik napszakban akt\\u00edvabb, az is seg\\u00edts\\u00e9get ny\\u00fajthat a vizsg\\u00e1lat id\\u0151pontj\\u00e1nak megv\\u00e1laszt\\u00e1s\\u00e1ban.\"}},{\"@type\":\"Question\",\"name\":\"Kinek aj\\u00e1nljuk a Babamozinkat?\",\"acceptedAnswer\":{\"@type\":\"Answer\",\"text\":\"Mindenkinek aj\\u00e1nljuk, aki szeretne betekint\\u00e9st nyerni sz\\u00fcletend\\u0151 Kisbab\\u00e1ja \\u00e9let\\u00e9be, k\\u00edv\\u00e1ncsi a mozzanataira, arckifejez\\u00e9seire, hangulat\\u00e1ra, valamint szeretn\\u00e9 megosztani ezt a csod\\u00e1latos id\\u0151szakot az eg\\u00e9sz csal\\u00e1dj\\u00e1val. \\u00c9rdemes tudni, hogy nem minden vizsg\\u00e1lat siker\\u00fcl els\\u0151re, mert sajnos a baba m\\u00e9g nem tudja, hogy mit v\\u00e1runk el T\\u0151le. Azonban sikeres vizsg\\u00e1lat sor\\u00e1n csod\\u00e1latos dolgokat l\\u00e1thatunk, ak\\u00e1r egy kis mosolyt, vagy grimaszt, amelyet a vizsg\\u00e1latot k\\u00f6vet\\u0151en is hossz\\u00fa id\\u0151n kereszt\\u00fcl visszan\\u00e9zhet\\u00fcnk a r\\u00f6gz\\u00edtett felv\\u00e9telek seg\\u00edts\\u00e9g\\u00e9vel.\"}}]}<\/script>\n\t\t\t\t\t<\/div>\n\t\t\t\t<\/div>\n\t\t\t\t<div class=\"elementor-element elementor-element-b769983 elementor-mobile-align-center elementor-widget elementor-widget-global elementor-global-2114 elementor-widget-button\" data-id=\"b769983\" data-element_type=\"widget\" data-widget_type=\"button.default\">\n\t\t\t\t<div class=\"elementor-widget-container\">\n\t\t\t\t\t<div class=\"elementor-button-wrapper\">\n\t\t\t<a class=\"elementor-button elementor-button-link elementor-size-md\" href=\"https:\/\/villamedicina.hu\/en\/kapcsolat\/\">\n\t\t\t\t\t\t<span class=\"elementor-button-content-wrapper\">\n\t\t\t\t\t\t\t\t\t<span class=\"elementor-button-text\">Do you have a question? <\/span>\n\t\t\t\t\t<\/span>\n\t\t\t\t\t<\/a>\n\t\t<\/div>\n\t\t\t\t<\/div>\n\t\t\t\t<\/div>\n\t\t\t\t<\/div>\n\t\t<div class=\"elementor-element elementor-element-6a97549d e-con-full elementor-hidden-tablet elementor-hidden-mobile e-flex e-con e-child\" data-id=\"6a97549d\" data-element_type=\"container\" data-settings=\"{&quot;background_background&quot;:&quot;classic&quot;,&quot;sticky&quot;:&quot;top&quot;,&quot;sticky_parent&quot;:&quot;yes&quot;,&quot;sticky_on&quot;:[&quot;desktop&quot;,&quot;tablet&quot;,&quot;mobile&quot;],&quot;sticky_offset&quot;:0,&quot;sticky_effects_offset&quot;:0}\">\n\t\t\t\t<\/div>\n\t\t\t\t\t<\/div>\n\t\t\t\t<\/div>\n\t\t\t\t<\/div>","protected":false},"excerpt":{"rendered":"<p>Babamozi k\u00e9rd\u00e9sek Mikor javasolt a Babamozi vizsg\u00e1lat? A terhess\u00e9g 26-32. hete k\u00f6z\u00f6tt van a legoptim\u00e1lisabb id\u0151szak. A 32. h\u00e9t ut\u00e1n is el lehet v\u00e9gezni a vizsg\u00e1latot, amennyiben a magzat fekv\u00e9se m\u00e9g lehet\u0151v\u00e9 teszi sz\u00e1munkra. Mikor sikeres egy vizsg\u00e1lat? Alapfelt\u00e9tel, hogy a magzat arca szabadon legyen \u00e9s megfelel\u0151 mennyis\u00e9g\u0171 magzatv\u00edz is legyen el\u0151tte. Nagyon gyakran takarj\u00e1k [&hellip;]<\/p>","protected":false},"author":3,"featured_media":2180,"parent":489,"menu_order":0,"comment_status":"closed","ping_status":"closed","template":"elementor_header_footer","meta":{"_acf_changed":false,"footnotes":""},"class_list":["post-1827","page","type-page","status-publish","has-post-thumbnail","hentry"],"acf":[],"_links":{"self":[{"href":"https:\/\/villamedicina.hu\/en\/wp-json\/wp\/v2\/pages\/1827","targetHints":{"allow":["GET"]}}],"collection":[{"href":"https:\/\/villamedicina.hu\/en\/wp-json\/wp\/v2\/pages"}],"about":[{"href":"https:\/\/villamedicina.hu\/en\/wp-json\/wp\/v2\/types\/page"}],"author":[{"embeddable":true,"href":"https:\/\/villamedicina.hu\/en\/wp-json\/wp\/v2\/users\/3"}],"replies":[{"embeddable":true,"href":"https:\/\/villamedicina.hu\/en\/wp-json\/wp\/v2\/comments?post=1827"}],"version-history":[{"count":5,"href":"https:\/\/villamedicina.hu\/en\/wp-json\/wp\/v2\/pages\/1827\/revisions"}],"predecessor-version":[{"id":2533,"href":"https:\/\/villamedicina.hu\/en\/wp-json\/wp\/v2\/pages\/1827\/revisions\/2533"}],"up":[{"embeddable":true,"href":"https:\/\/villamedicina.hu\/en\/wp-json\/wp\/v2\/pages\/489"}],"wp:featuredmedia":[{"embeddable":true,"href":"https:\/\/villamedicina.hu\/en\/wp-json\/wp\/v2\/media\/2180"}],"wp:attachment":[{"href":"https:\/\/villamedicina.hu\/en\/wp-json\/wp\/v2\/media?parent=1827"}],"curies":[{"name":"wp","href":"https:\/\/api.w.org\/{rel}","templated":true}]}}