{"id":1835,"date":"2024-02-03T15:08:43","date_gmt":"2024-02-03T15:08:43","guid":{"rendered":"https:\/\/villamedicina.hu\/?page_id=1835"},"modified":"2024-02-20T13:29:05","modified_gmt":"2024-02-20T13:29:05","slug":"terhesgondozas","status":"publish","type":"page","link":"https:\/\/villamedicina.hu\/en\/gyik\/terhesgondozas\/","title":{"rendered":"Prenatal Care"},"content":{"rendered":"<div data-elementor-type=\"wp-page\" data-elementor-id=\"1835\" class=\"elementor elementor-1835\" data-elementor-post-type=\"page\">\n\t\t\t\t<div class=\"elementor-element elementor-element-7f3ca01 e-flex e-con-boxed e-con e-parent\" data-id=\"7f3ca01\" data-element_type=\"container\" data-settings=\"{&quot;background_background&quot;:&quot;classic&quot;}\">\n\t\t\t\t\t<div class=\"e-con-inner\">\n\t\t<div class=\"elementor-element elementor-element-208521bd e-con-full e-flex e-con e-child\" data-id=\"208521bd\" data-element_type=\"container\">\n\t\t\t\t<div class=\"elementor-element elementor-element-619daa19 elementor-hidden-desktop elementor-widget elementor-widget-image\" data-id=\"619daa19\" data-element_type=\"widget\" data-widget_type=\"image.default\">\n\t\t\t\t<div class=\"elementor-widget-container\">\n\t\t\t<style>\/*! elementor - v3.23.0 - 15-07-2024 *\/\n.elementor-widget-image{text-align:center}.elementor-widget-image a{display:inline-block}.elementor-widget-image a img[src$=\".svg\"]{width:48px}.elementor-widget-image img{vertical-align:middle;display:inline-block}<\/style>\t\t\t\t\t\t\t\t\t\t<img fetchpriority=\"high\" decoding=\"async\" width=\"800\" height=\"533\" src=\"https:\/\/villamedicina.hu\/wp-content\/uploads\/2024\/01\/cheerful-blonde-woman-talking-to-her-doctor-1024x682.jpg\" class=\"attachment-large size-large wp-image-666\" alt=\"Cheerful blonde woman talking to her doctor\" srcset=\"https:\/\/villamedicina.hu\/wp-content\/uploads\/2024\/01\/cheerful-blonde-woman-talking-to-her-doctor-1024x682.jpg 1024w, https:\/\/villamedicina.hu\/wp-content\/uploads\/2024\/01\/cheerful-blonde-woman-talking-to-her-doctor-300x200.jpg 300w, https:\/\/villamedicina.hu\/wp-content\/uploads\/2024\/01\/cheerful-blonde-woman-talking-to-her-doctor-768x512.jpg 768w, https:\/\/villamedicina.hu\/wp-content\/uploads\/2024\/01\/cheerful-blonde-woman-talking-to-her-doctor-1536x1024.jpg 1536w, https:\/\/villamedicina.hu\/wp-content\/uploads\/2024\/01\/cheerful-blonde-woman-talking-to-her-doctor.jpg 1920w\" sizes=\"(max-width: 800px) 100vw, 800px\" \/>\t\t\t\t\t\t\t\t\t\t\t\t\t<\/div>\n\t\t\t\t<\/div>\n\t\t\t\t<div class=\"elementor-element elementor-element-b4a3d98 elementor-widget elementor-widget-heading\" data-id=\"b4a3d98\" data-element_type=\"widget\" data-widget_type=\"heading.default\">\n\t\t\t\t<div class=\"elementor-widget-container\">\n\t\t\t<style>\/*! elementor - v3.23.0 - 15-07-2024 *\/\n.elementor-heading-title{padding:0;margin:0;line-height:1}.elementor-widget-heading .elementor-heading-title[class*=elementor-size-]>a{color:inherit;font-size:inherit;line-height:inherit}.elementor-widget-heading .elementor-heading-title.elementor-size-small{font-size:15px}.elementor-widget-heading .elementor-heading-title.elementor-size-medium{font-size:19px}.elementor-widget-heading .elementor-heading-title.elementor-size-large{font-size:29px}.elementor-widget-heading .elementor-heading-title.elementor-size-xl{font-size:39px}.elementor-widget-heading .elementor-heading-title.elementor-size-xxl{font-size:59px}<\/style><h1 class=\"elementor-heading-title elementor-size-default\">FAQ \u2013 Prenatal care<\/h1>\t\t<\/div>\n\t\t\t\t<\/div>\n\t\t\t\t<div class=\"elementor-element elementor-element-4076e895 elementor-widget-divider--view-line elementor-widget elementor-widget-divider\" data-id=\"4076e895\" data-element_type=\"widget\" data-widget_type=\"divider.default\">\n\t\t\t\t<div class=\"elementor-widget-container\">\n\t\t\t<style>\/*! elementor - v3.23.0 - 15-07-2024 *\/\n.elementor-widget-divider{--divider-border-style:none;--divider-border-width:1px;--divider-color:#0c0d0e;--divider-icon-size:20px;--divider-element-spacing:10px;--divider-pattern-height:24px;--divider-pattern-size:20px;--divider-pattern-url:none;--divider-pattern-repeat:repeat-x}.elementor-widget-divider .elementor-divider{display:flex}.elementor-widget-divider .elementor-divider__text{font-size:15px;line-height:1;max-width:95%}.elementor-widget-divider .elementor-divider__element{margin:0 var(--divider-element-spacing);flex-shrink:0}.elementor-widget-divider .elementor-icon{font-size:var(--divider-icon-size)}.elementor-widget-divider .elementor-divider-separator{display:flex;margin:0;direction:ltr}.elementor-widget-divider--view-line_icon .elementor-divider-separator,.elementor-widget-divider--view-line_text .elementor-divider-separator{align-items:center}.elementor-widget-divider--view-line_icon .elementor-divider-separator:after,.elementor-widget-divider--view-line_icon .elementor-divider-separator:before,.elementor-widget-divider--view-line_text .elementor-divider-separator:after,.elementor-widget-divider--view-line_text .elementor-divider-separator:before{display:block;content:\"\";border-block-end:0;flex-grow:1;border-block-start:var(--divider-border-width) var(--divider-border-style) var(--divider-color)}.elementor-widget-divider--element-align-left .elementor-divider .elementor-divider-separator>.elementor-divider__svg:first-of-type{flex-grow:0;flex-shrink:100}.elementor-widget-divider--element-align-left .elementor-divider-separator:before{content:none}.elementor-widget-divider--element-align-left .elementor-divider__element{margin-left:0}.elementor-widget-divider--element-align-right .elementor-divider .elementor-divider-separator>.elementor-divider__svg:last-of-type{flex-grow:0;flex-shrink:100}.elementor-widget-divider--element-align-right .elementor-divider-separator:after{content:none}.elementor-widget-divider--element-align-right .elementor-divider__element{margin-right:0}.elementor-widget-divider--element-align-start .elementor-divider .elementor-divider-separator>.elementor-divider__svg:first-of-type{flex-grow:0;flex-shrink:100}.elementor-widget-divider--element-align-start .elementor-divider-separator:before{content:none}.elementor-widget-divider--element-align-start .elementor-divider__element{margin-inline-start:0}.elementor-widget-divider--element-align-end .elementor-divider .elementor-divider-separator>.elementor-divider__svg:last-of-type{flex-grow:0;flex-shrink:100}.elementor-widget-divider--element-align-end .elementor-divider-separator:after{content:none}.elementor-widget-divider--element-align-end .elementor-divider__element{margin-inline-end:0}.elementor-widget-divider:not(.elementor-widget-divider--view-line_text):not(.elementor-widget-divider--view-line_icon) .elementor-divider-separator{border-block-start:var(--divider-border-width) var(--divider-border-style) var(--divider-color)}.elementor-widget-divider--separator-type-pattern{--divider-border-style:none}.elementor-widget-divider--separator-type-pattern.elementor-widget-divider--view-line .elementor-divider-separator,.elementor-widget-divider--separator-type-pattern:not(.elementor-widget-divider--view-line) .elementor-divider-separator:after,.elementor-widget-divider--separator-type-pattern:not(.elementor-widget-divider--view-line) .elementor-divider-separator:before,.elementor-widget-divider--separator-type-pattern:not([class*=elementor-widget-divider--view]) .elementor-divider-separator{width:100%;min-height:var(--divider-pattern-height);-webkit-mask-size:var(--divider-pattern-size) 100%;mask-size:var(--divider-pattern-size) 100%;-webkit-mask-repeat:var(--divider-pattern-repeat);mask-repeat:var(--divider-pattern-repeat);background-color:var(--divider-color);-webkit-mask-image:var(--divider-pattern-url);mask-image:var(--divider-pattern-url)}.elementor-widget-divider--no-spacing{--divider-pattern-size:auto}.elementor-widget-divider--bg-round{--divider-pattern-repeat:round}.rtl .elementor-widget-divider .elementor-divider__text{direction:rtl}.e-con-inner>.elementor-widget-divider,.e-con>.elementor-widget-divider{width:var(--container-widget-width,100%);--flex-grow:var(--container-widget-flex-grow)}<\/style>\t\t<div class=\"elementor-divider\">\n\t\t\t<span class=\"elementor-divider-separator\">\n\t\t\t\t\t\t<\/span>\n\t\t<\/div>\n\t\t\t\t<\/div>\n\t\t\t\t<\/div>\n\t\t\t\t<div class=\"elementor-element elementor-element-31b6a668 elementor-widget elementor-widget-n-accordion\" data-id=\"31b6a668\" data-element_type=\"widget\" data-settings=\"{&quot;default_state&quot;:&quot;expanded&quot;,&quot;max_items_expended&quot;:&quot;one&quot;,&quot;n_accordion_animation_duration&quot;:{&quot;unit&quot;:&quot;ms&quot;,&quot;size&quot;:400,&quot;sizes&quot;:[]}}\" data-widget_type=\"nested-accordion.default\">\n\t\t\t\t<div class=\"elementor-widget-container\">\n\t\t\t\t\t<div class=\"e-n-accordion\" aria-label=\"Accordion. Open links with Enter or Space, close with Escape, and navigate with Arrow Keys\">\n\t\t\t\t\t\t<details id=\"e-n-accordion-item-8340\" class=\"e-n-accordion-item\" open>\n\t\t\t\t<summary class=\"e-n-accordion-item-title\" data-accordion-index=\"1\" tabindex=\"0\" aria-expanded=\"true\" aria-controls=\"e-n-accordion-item-8340\" >\n\t\t\t\t\t<span class='e-n-accordion-item-title-header'><h2 class=\"e-n-accordion-item-title-text\"> I am pregnant, when should I have my first test? <\/h2><\/span>\n\t\t\t\t\t\t\t\t\t<\/summary>\n\t\t\t\t<div role=\"region\" aria-labelledby=\"e-n-accordion-item-8340\" class=\"elementor-element elementor-element-319bbad e-con-full e-flex e-con e-child\" data-id=\"319bbad\" data-element_type=\"container\">\n\t\t\t\t<div class=\"elementor-element elementor-element-929e8b9 elementor-widget elementor-widget-text-editor\" data-id=\"929e8b9\" data-element_type=\"widget\" data-widget_type=\"text-editor.default\">\n\t\t\t\t<div class=\"elementor-widget-container\">\n\t\t\t<style>\/*! elementor - v3.23.0 - 15-07-2024 *\/\n.elementor-widget-text-editor.elementor-drop-cap-view-stacked .elementor-drop-cap{background-color:#69727d;color:#fff}.elementor-widget-text-editor.elementor-drop-cap-view-framed .elementor-drop-cap{color:#69727d;border:3px solid;background-color:transparent}.elementor-widget-text-editor:not(.elementor-drop-cap-view-default) .elementor-drop-cap{margin-top:8px}.elementor-widget-text-editor:not(.elementor-drop-cap-view-default) .elementor-drop-cap-letter{width:1em;height:1em}.elementor-widget-text-editor .elementor-drop-cap{float:left;text-align:center;line-height:1;font-size:50px}.elementor-widget-text-editor .elementor-drop-cap-letter{display:inline-block}<\/style>\t\t\t\t<p>Starting from the first day of the last bleeding, in the fifth week of pregnancy, the scrotum is already visible with an ultrasound examination, which proves that the pregnancy is located inside the uterus (it is not an ectopic pregnancy), so this week is the right one for the first examination.<\/p>\t\t\t\t\t\t<\/div>\n\t\t\t\t<\/div>\n\t\t\t\t<\/div>\n\t\t\t\t\t<\/details>\n\t\t\t\t\t\t<details id=\"e-n-accordion-item-8341\" class=\"e-n-accordion-item\" >\n\t\t\t\t<summary class=\"e-n-accordion-item-title\" data-accordion-index=\"2\" tabindex=\"-1\" aria-expanded=\"false\" aria-controls=\"e-n-accordion-item-8341\" >\n\t\t\t\t\t<span class='e-n-accordion-item-title-header'><h2 class=\"e-n-accordion-item-title-text\"> Is it a big problem if I experience little bleeding in the first trimester?  <\/h2><\/span>\n\t\t\t\t\t\t\t\t\t<\/summary>\n\t\t\t\t<div role=\"region\" aria-labelledby=\"e-n-accordion-item-8341\" class=\"elementor-element elementor-element-6aa31124 e-con-full e-flex e-con e-child\" data-id=\"6aa31124\" data-element_type=\"container\">\n\t\t\t\t<div class=\"elementor-element elementor-element-14e65a6b elementor-widget elementor-widget-text-editor\" data-id=\"14e65a6b\" data-element_type=\"widget\" data-widget_type=\"text-editor.default\">\n\t\t\t\t<div class=\"elementor-widget-container\">\n\t\t\t\t\t\t\t<p>In the first trimester, light, brownish or possibly red bleeding is common. In the majority of cases, this does not represent a serious problem, but of course you can only be sure with an ultrasound examination.<\/p>\t\t\t\t\t\t<\/div>\n\t\t\t\t<\/div>\n\t\t\t\t<\/div>\n\t\t\t\t\t<\/details>\n\t\t\t\t\t\t<details id=\"e-n-accordion-item-8342\" class=\"e-n-accordion-item\" >\n\t\t\t\t<summary class=\"e-n-accordion-item-title\" data-accordion-index=\"3\" tabindex=\"-1\" aria-expanded=\"false\" aria-controls=\"e-n-accordion-item-8342\" >\n\t\t\t\t\t<span class='e-n-accordion-item-title-header'><h2 class=\"e-n-accordion-item-title-text\"> I want to have a baby, how long should I wait to have the tests if I don't? <\/h2><\/span>\n\t\t\t\t\t\t\t\t\t<\/summary>\n\t\t\t\t<div role=\"region\" aria-labelledby=\"e-n-accordion-item-8342\" class=\"elementor-element elementor-element-37e5fc6f e-con-full e-flex e-con e-child\" data-id=\"37e5fc6f\" data-element_type=\"container\">\n\t\t\t\t<div class=\"elementor-element elementor-element-3f480afd elementor-widget elementor-widget-text-editor\" data-id=\"3f480afd\" data-element_type=\"widget\" data-widget_type=\"text-editor.default\">\n\t\t\t\t<div class=\"elementor-widget-container\">\n\t\t\t\t\t\t\t<p>We recommend starting the examination after one year under the age of 35 and half a year after the age of 35. Of course, in case of any other complaint (irregular cycle, burdensome medical history, etc.), it is worth starting with tests.<\/p>\t\t\t\t\t\t<\/div>\n\t\t\t\t<\/div>\n\t\t\t\t<\/div>\n\t\t\t\t\t<\/details>\n\t\t\t\t\t\t<details id=\"e-n-accordion-item-8343\" class=\"e-n-accordion-item\" >\n\t\t\t\t<summary class=\"e-n-accordion-item-title\" data-accordion-index=\"4\" tabindex=\"-1\" aria-expanded=\"false\" aria-controls=\"e-n-accordion-item-8343\" >\n\t\t\t\t\t<span class='e-n-accordion-item-title-header'><h2 class=\"e-n-accordion-item-title-text\"> If I go to Villa Medica for antenatal care, which tests should I have done elsewhere? <\/h2><\/span>\n\t\t\t\t\t\t\t\t\t<\/summary>\n\t\t\t\t<div role=\"region\" aria-labelledby=\"e-n-accordion-item-8343\" class=\"elementor-element elementor-element-4de0fcb e-con-full e-flex e-con e-child\" data-id=\"4de0fcb\" data-element_type=\"container\">\n\t\t\t\t<div class=\"elementor-element elementor-element-3ab485eb elementor-widget elementor-widget-text-editor\" data-id=\"3ab485eb\" data-element_type=\"widget\" data-widget_type=\"text-editor.default\">\n\t\t\t\t<div class=\"elementor-widget-container\">\n\t\t\t\t\t\t\t<p>All tests during pregnancy can be performed at Villa Medicina, including complete prenatal care, laboratory tests, EKG, genetic screening tests, CTG (NST) tests, etc.<\/p>\t\t\t\t\t\t<\/div>\n\t\t\t\t<\/div>\n\t\t\t\t<\/div>\n\t\t\t\t\t<\/details>\n\t\t\t\t\t<\/div>\n\t\t\t\t\t<script type=\"application\/ld+json\">{\"@context\":\"https:\\\/\\\/schema.org\",\"@type\":\"FAQPage\",\"mainEntity\":[{\"@type\":\"Question\",\"name\":\"Terhes vagyok, mikor ker\\u00fclj\\u00f6n sor az els\\u0151 vizsg\\u00e1latra?\",\"acceptedAnswer\":{\"@type\":\"Answer\",\"text\":\"Az utols\\u00f3 v\\u00e9rz\\u00e9s els\\u0151 napj\\u00e1t\\u00f3l sz\\u00e1m\\u00edtva az \\u00f6t\\u00f6dik terhess\\u00e9gi h\\u00e9ten m\\u00e1r l\\u00e1that\\u00f3 ultrahang vizsg\\u00e1lattal a szikh\\u00f3lyag, ami bizony\\u00edtja azt, hogy a terhess\\u00e9g a m\\u00e9hen bel\\u00fcl helyezkedik el (nem m\\u00e9hen k\\u00edv\\u00fcli terhess\\u00e9gr\\u0151l van sz\\u00f3), ez\\u00e9rt ez a h\\u00e9t a megfelel\\u0151 az els\\u0151 vizsg\\u00e1latra.\"}},{\"@type\":\"Question\",\"name\":\"Nagy baj van, ha az els\\u0151 trimeszterben kev\\u00e9s v\\u00e9rz\\u00e9st tapasztalok?\",\"acceptedAnswer\":{\"@type\":\"Answer\",\"text\":\"Az els\\u0151 trimeszterben gyakori a kev\\u00e9s, barn\\u00e1s, esetleg piros v\\u00e9rz\\u00e9s. Az esetek jelent\\u0151s r\\u00e9sz\\u00e9ben ez nem jelent komoly probl\\u00e9m\\u00e1t, de term\\u00e9szetesen biztosat csak egy ultrahang vizsg\\u00e1lattal lehet mondani.\"}},{\"@type\":\"Question\",\"name\":\"Bab\\u00e1t szeretn\\u00e9k, meddig v\\u00e1rjak a vizsg\\u00e1latokkal, ha nem siker\\u00fcl?\",\"acceptedAnswer\":{\"@type\":\"Answer\",\"text\":\"35 \\u00e9ves kor alatt egy \\u00e9v, 35 \\u00e9ves kor felett f\\u00e9l \\u00e9v spont\\u00e1n pr\\u00f3b\\u00e1lkoz\\u00e1s ut\\u00e1n javasoljuk a kivizsg\\u00e1l\\u00e1s elkezd\\u00e9s\\u00e9t. Term\\u00e9szetesen b\\u00e1rmilyen egy\\u00e9b panasz (rendszertelen ciklus, terhel\\u0151 anamn\\u00e9zis, stb.) eset\\u00e9n \\u00e9rdemes a vizsg\\u00e1latokkal kezdeni.\"}},{\"@type\":\"Question\",\"name\":\"Ha a Villa Medicin\\u00e1ba j\\u00e1rok terhesgondoz\\u00e1sra, mely vizsg\\u00e1latokat kell m\\u00e1shol elv\\u00e9geztessem?\",\"acceptedAnswer\":{\"@type\":\"Answer\",\"text\":\"A Villa Medicin\\u00e1ban a terhess\\u00e9g alatti \\u00f6sszes vizsg\\u00e1lat elv\\u00e9gezhet\\u0151, bele\\u00e9rtve a teljes terhesgondoz\\u00e1st, laborvizsg\\u00e1latokat, EKG-t, genetikai sz\\u0171r\\u0151vizsg\\u00e1latokat, CTG (NST) vizsg\\u00e1latokat stb.\"}}]}<\/script>\n\t\t\t\t\t<\/div>\n\t\t\t\t<\/div>\n\t\t\t\t<div class=\"elementor-element elementor-element-77c1b9e elementor-mobile-align-center elementor-widget elementor-widget-global elementor-global-2114 elementor-widget-button\" data-id=\"77c1b9e\" data-element_type=\"widget\" data-widget_type=\"button.default\">\n\t\t\t\t<div class=\"elementor-widget-container\">\n\t\t\t\t\t<div class=\"elementor-button-wrapper\">\n\t\t\t<a class=\"elementor-button elementor-button-link elementor-size-md\" href=\"https:\/\/villamedicina.hu\/en\/kapcsolat\/\">\n\t\t\t\t\t\t<span class=\"elementor-button-content-wrapper\">\n\t\t\t\t\t\t\t\t\t<span class=\"elementor-button-text\">Do you have a question? <\/span>\n\t\t\t\t\t<\/span>\n\t\t\t\t\t<\/a>\n\t\t<\/div>\n\t\t\t\t<\/div>\n\t\t\t\t<\/div>\n\t\t\t\t<\/div>\n\t\t<div class=\"elementor-element elementor-element-259cfe9d e-con-full elementor-hidden-tablet elementor-hidden-mobile e-flex e-con e-child\" data-id=\"259cfe9d\" data-element_type=\"container\" data-settings=\"{&quot;background_background&quot;:&quot;classic&quot;,&quot;sticky&quot;:&quot;top&quot;,&quot;sticky_parent&quot;:&quot;yes&quot;,&quot;sticky_on&quot;:[&quot;desktop&quot;,&quot;tablet&quot;,&quot;mobile&quot;],&quot;sticky_offset&quot;:0,&quot;sticky_effects_offset&quot;:0}\">\n\t\t\t\t<\/div>\n\t\t\t\t\t<\/div>\n\t\t\t\t<\/div>\n\t\t\t\t<\/div>","protected":false},"excerpt":{"rendered":"<p>Terhesgondoz\u00e1si k\u00e9rd\u00e9sek Terhes vagyok, mikor ker\u00fclj\u00f6n sor az els\u0151 vizsg\u00e1latra? Az utols\u00f3 v\u00e9rz\u00e9s els\u0151 napj\u00e1t\u00f3l sz\u00e1m\u00edtva az \u00f6t\u00f6dik terhess\u00e9gi h\u00e9ten m\u00e1r l\u00e1that\u00f3 ultrahang vizsg\u00e1lattal a szikh\u00f3lyag, ami bizony\u00edtja azt, hogy a terhess\u00e9g a m\u00e9hen bel\u00fcl helyezkedik el (nem m\u00e9hen k\u00edv\u00fcli terhess\u00e9gr\u0151l van sz\u00f3), ez\u00e9rt ez a h\u00e9t a megfelel\u0151 az els\u0151 vizsg\u00e1latra. Nagy baj van, [&hellip;]<\/p>","protected":false},"author":3,"featured_media":0,"parent":489,"menu_order":0,"comment_status":"closed","ping_status":"closed","template":"elementor_header_footer","meta":{"_acf_changed":false,"footnotes":""},"class_list":["post-1835","page","type-page","status-publish","hentry"],"acf":[],"_links":{"self":[{"href":"https:\/\/villamedicina.hu\/en\/wp-json\/wp\/v2\/pages\/1835","targetHints":{"allow":["GET"]}}],"collection":[{"href":"https:\/\/villamedicina.hu\/en\/wp-json\/wp\/v2\/pages"}],"about":[{"href":"https:\/\/villamedicina.hu\/en\/wp-json\/wp\/v2\/types\/page"}],"author":[{"embeddable":true,"href":"https:\/\/villamedicina.hu\/en\/wp-json\/wp\/v2\/users\/3"}],"replies":[{"embeddable":true,"href":"https:\/\/villamedicina.hu\/en\/wp-json\/wp\/v2\/comments?post=1835"}],"version-history":[{"count":5,"href":"https:\/\/villamedicina.hu\/en\/wp-json\/wp\/v2\/pages\/1835\/revisions"}],"predecessor-version":[{"id":2536,"href":"https:\/\/villamedicina.hu\/en\/wp-json\/wp\/v2\/pages\/1835\/revisions\/2536"}],"up":[{"embeddable":true,"href":"https:\/\/villamedicina.hu\/en\/wp-json\/wp\/v2\/pages\/489"}],"wp:attachment":[{"href":"https:\/\/villamedicina.hu\/en\/wp-json\/wp\/v2\/media?parent=1835"}],"curies":[{"name":"wp","href":"https:\/\/api.w.org\/{rel}","templated":true}]}}