{"id":1840,"date":"2024-02-03T15:12:06","date_gmt":"2024-02-03T15:12:06","guid":{"rendered":"https:\/\/villamedicina.hu\/?page_id=1840"},"modified":"2024-02-20T13:30:53","modified_gmt":"2024-02-20T13:30:53","slug":"meddoseg","status":"publish","type":"page","link":"https:\/\/villamedicina.hu\/en\/gyik\/meddoseg\/","title":{"rendered":"Infertility"},"content":{"rendered":"<div data-elementor-type=\"wp-page\" data-elementor-id=\"1840\" class=\"elementor elementor-1840\" data-elementor-post-type=\"page\">\n\t\t\t\t<div class=\"elementor-element elementor-element-3179a1f6 e-flex e-con-boxed e-con e-parent\" data-id=\"3179a1f6\" data-element_type=\"container\" data-settings=\"{&quot;background_background&quot;:&quot;classic&quot;}\">\n\t\t\t\t\t<div class=\"e-con-inner\">\n\t\t<div class=\"elementor-element elementor-element-30e153e3 e-con-full e-flex e-con e-child\" data-id=\"30e153e3\" data-element_type=\"container\">\n\t\t\t\t<div class=\"elementor-element elementor-element-750f7dd8 elementor-hidden-desktop elementor-widget elementor-widget-image\" data-id=\"750f7dd8\" data-element_type=\"widget\" data-widget_type=\"image.default\">\n\t\t\t\t<div class=\"elementor-widget-container\">\n\t\t\t<style>\/*! elementor - v3.23.0 - 15-07-2024 *\/\n.elementor-widget-image{text-align:center}.elementor-widget-image a{display:inline-block}.elementor-widget-image a img[src$=\".svg\"]{width:48px}.elementor-widget-image img{vertical-align:middle;display:inline-block}<\/style>\t\t\t\t\t\t\t\t\t\t<img fetchpriority=\"high\" decoding=\"async\" width=\"800\" height=\"533\" src=\"https:\/\/villamedicina.hu\/wp-content\/uploads\/2024\/01\/cheerful-blonde-woman-talking-to-her-doctor-1024x682.jpg\" class=\"attachment-large size-large wp-image-666\" alt=\"Cheerful blonde woman talking to her doctor\" srcset=\"https:\/\/villamedicina.hu\/wp-content\/uploads\/2024\/01\/cheerful-blonde-woman-talking-to-her-doctor-1024x682.jpg 1024w, https:\/\/villamedicina.hu\/wp-content\/uploads\/2024\/01\/cheerful-blonde-woman-talking-to-her-doctor-300x200.jpg 300w, https:\/\/villamedicina.hu\/wp-content\/uploads\/2024\/01\/cheerful-blonde-woman-talking-to-her-doctor-768x512.jpg 768w, https:\/\/villamedicina.hu\/wp-content\/uploads\/2024\/01\/cheerful-blonde-woman-talking-to-her-doctor-1536x1024.jpg 1536w, https:\/\/villamedicina.hu\/wp-content\/uploads\/2024\/01\/cheerful-blonde-woman-talking-to-her-doctor.jpg 1920w\" sizes=\"(max-width: 800px) 100vw, 800px\" \/>\t\t\t\t\t\t\t\t\t\t\t\t\t<\/div>\n\t\t\t\t<\/div>\n\t\t\t\t<div class=\"elementor-element elementor-element-406f07ba elementor-widget elementor-widget-heading\" data-id=\"406f07ba\" data-element_type=\"widget\" data-widget_type=\"heading.default\">\n\t\t\t\t<div class=\"elementor-widget-container\">\n\t\t\t<style>\/*! elementor - v3.23.0 - 15-07-2024 *\/\n.elementor-heading-title{padding:0;margin:0;line-height:1}.elementor-widget-heading .elementor-heading-title[class*=elementor-size-]>a{color:inherit;font-size:inherit;line-height:inherit}.elementor-widget-heading .elementor-heading-title.elementor-size-small{font-size:15px}.elementor-widget-heading .elementor-heading-title.elementor-size-medium{font-size:19px}.elementor-widget-heading .elementor-heading-title.elementor-size-large{font-size:29px}.elementor-widget-heading .elementor-heading-title.elementor-size-xl{font-size:39px}.elementor-widget-heading .elementor-heading-title.elementor-size-xxl{font-size:59px}<\/style><h1 class=\"elementor-heading-title elementor-size-default\">FAQ - Infertility<\/h1>\t\t<\/div>\n\t\t\t\t<\/div>\n\t\t\t\t<div class=\"elementor-element elementor-element-21a826 elementor-widget-divider--view-line elementor-widget elementor-widget-divider\" data-id=\"21a826\" data-element_type=\"widget\" data-widget_type=\"divider.default\">\n\t\t\t\t<div class=\"elementor-widget-container\">\n\t\t\t<style>\/*! elementor - v3.23.0 - 15-07-2024 *\/\n.elementor-widget-divider{--divider-border-style:none;--divider-border-width:1px;--divider-color:#0c0d0e;--divider-icon-size:20px;--divider-element-spacing:10px;--divider-pattern-height:24px;--divider-pattern-size:20px;--divider-pattern-url:none;--divider-pattern-repeat:repeat-x}.elementor-widget-divider .elementor-divider{display:flex}.elementor-widget-divider .elementor-divider__text{font-size:15px;line-height:1;max-width:95%}.elementor-widget-divider .elementor-divider__element{margin:0 var(--divider-element-spacing);flex-shrink:0}.elementor-widget-divider .elementor-icon{font-size:var(--divider-icon-size)}.elementor-widget-divider .elementor-divider-separator{display:flex;margin:0;direction:ltr}.elementor-widget-divider--view-line_icon .elementor-divider-separator,.elementor-widget-divider--view-line_text .elementor-divider-separator{align-items:center}.elementor-widget-divider--view-line_icon .elementor-divider-separator:after,.elementor-widget-divider--view-line_icon .elementor-divider-separator:before,.elementor-widget-divider--view-line_text .elementor-divider-separator:after,.elementor-widget-divider--view-line_text .elementor-divider-separator:before{display:block;content:\"\";border-block-end:0;flex-grow:1;border-block-start:var(--divider-border-width) var(--divider-border-style) var(--divider-color)}.elementor-widget-divider--element-align-left .elementor-divider .elementor-divider-separator>.elementor-divider__svg:first-of-type{flex-grow:0;flex-shrink:100}.elementor-widget-divider--element-align-left .elementor-divider-separator:before{content:none}.elementor-widget-divider--element-align-left .elementor-divider__element{margin-left:0}.elementor-widget-divider--element-align-right .elementor-divider .elementor-divider-separator>.elementor-divider__svg:last-of-type{flex-grow:0;flex-shrink:100}.elementor-widget-divider--element-align-right .elementor-divider-separator:after{content:none}.elementor-widget-divider--element-align-right .elementor-divider__element{margin-right:0}.elementor-widget-divider--element-align-start .elementor-divider .elementor-divider-separator>.elementor-divider__svg:first-of-type{flex-grow:0;flex-shrink:100}.elementor-widget-divider--element-align-start .elementor-divider-separator:before{content:none}.elementor-widget-divider--element-align-start .elementor-divider__element{margin-inline-start:0}.elementor-widget-divider--element-align-end .elementor-divider .elementor-divider-separator>.elementor-divider__svg:last-of-type{flex-grow:0;flex-shrink:100}.elementor-widget-divider--element-align-end .elementor-divider-separator:after{content:none}.elementor-widget-divider--element-align-end .elementor-divider__element{margin-inline-end:0}.elementor-widget-divider:not(.elementor-widget-divider--view-line_text):not(.elementor-widget-divider--view-line_icon) .elementor-divider-separator{border-block-start:var(--divider-border-width) var(--divider-border-style) var(--divider-color)}.elementor-widget-divider--separator-type-pattern{--divider-border-style:none}.elementor-widget-divider--separator-type-pattern.elementor-widget-divider--view-line .elementor-divider-separator,.elementor-widget-divider--separator-type-pattern:not(.elementor-widget-divider--view-line) .elementor-divider-separator:after,.elementor-widget-divider--separator-type-pattern:not(.elementor-widget-divider--view-line) .elementor-divider-separator:before,.elementor-widget-divider--separator-type-pattern:not([class*=elementor-widget-divider--view]) .elementor-divider-separator{width:100%;min-height:var(--divider-pattern-height);-webkit-mask-size:var(--divider-pattern-size) 100%;mask-size:var(--divider-pattern-size) 100%;-webkit-mask-repeat:var(--divider-pattern-repeat);mask-repeat:var(--divider-pattern-repeat);background-color:var(--divider-color);-webkit-mask-image:var(--divider-pattern-url);mask-image:var(--divider-pattern-url)}.elementor-widget-divider--no-spacing{--divider-pattern-size:auto}.elementor-widget-divider--bg-round{--divider-pattern-repeat:round}.rtl .elementor-widget-divider .elementor-divider__text{direction:rtl}.e-con-inner>.elementor-widget-divider,.e-con>.elementor-widget-divider{width:var(--container-widget-width,100%);--flex-grow:var(--container-widget-flex-grow)}<\/style>\t\t<div class=\"elementor-divider\">\n\t\t\t<span class=\"elementor-divider-separator\">\n\t\t\t\t\t\t<\/span>\n\t\t<\/div>\n\t\t\t\t<\/div>\n\t\t\t\t<\/div>\n\t\t\t\t<div class=\"elementor-element elementor-element-9b93d38 elementor-widget elementor-widget-n-accordion\" data-id=\"9b93d38\" data-element_type=\"widget\" data-settings=\"{&quot;default_state&quot;:&quot;expanded&quot;,&quot;max_items_expended&quot;:&quot;one&quot;,&quot;n_accordion_animation_duration&quot;:{&quot;unit&quot;:&quot;ms&quot;,&quot;size&quot;:400,&quot;sizes&quot;:[]}}\" data-widget_type=\"nested-accordion.default\">\n\t\t\t\t<div class=\"elementor-widget-container\">\n\t\t\t\t\t<div class=\"e-n-accordion\" aria-label=\"Accordion. Open links with Enter or Space, close with Escape, and navigate with Arrow Keys\">\n\t\t\t\t\t\t<details id=\"e-n-accordion-item-1630\" class=\"e-n-accordion-item\" open>\n\t\t\t\t<summary class=\"e-n-accordion-item-title\" data-accordion-index=\"1\" tabindex=\"0\" aria-expanded=\"true\" aria-controls=\"e-n-accordion-item-1630\" >\n\t\t\t\t\t<span class='e-n-accordion-item-title-header'><h2 class=\"e-n-accordion-item-title-text\"> What should I do if my period is late?  <\/h2><\/span>\n\t\t\t\t\t\t\t\t\t<\/summary>\n\t\t\t\t<div role=\"region\" aria-labelledby=\"e-n-accordion-item-1630\" class=\"elementor-element elementor-element-3c13e20b e-con-full e-flex e-con e-child\" data-id=\"3c13e20b\" data-element_type=\"container\">\n\t\t\t\t<div class=\"elementor-element elementor-element-75dc803a elementor-widget elementor-widget-text-editor\" data-id=\"75dc803a\" data-element_type=\"widget\" data-widget_type=\"text-editor.default\">\n\t\t\t\t<div class=\"elementor-widget-container\">\n\t\t\t<style>\/*! elementor - v3.23.0 - 15-07-2024 *\/\n.elementor-widget-text-editor.elementor-drop-cap-view-stacked .elementor-drop-cap{background-color:#69727d;color:#fff}.elementor-widget-text-editor.elementor-drop-cap-view-framed .elementor-drop-cap{color:#69727d;border:3px solid;background-color:transparent}.elementor-widget-text-editor:not(.elementor-drop-cap-view-default) .elementor-drop-cap{margin-top:8px}.elementor-widget-text-editor:not(.elementor-drop-cap-view-default) .elementor-drop-cap-letter{width:1em;height:1em}.elementor-widget-text-editor .elementor-drop-cap{float:left;text-align:center;line-height:1;font-size:50px}.elementor-widget-text-editor .elementor-drop-cap-letter{display:inline-block}<\/style>\t\t\t\t<p>The first step should be to check with a pregnancy test to see if you might be pregnant. If the test is negative, there are many reasons for a missed period, most of which are trivial, but serious causes cannot be ruled out without a gynecological examination, so you should visit your gynecologist!<\/p>\t\t\t\t\t\t<\/div>\n\t\t\t\t<\/div>\n\t\t\t\t<\/div>\n\t\t\t\t\t<\/details>\n\t\t\t\t\t\t<details id=\"e-n-accordion-item-1631\" class=\"e-n-accordion-item\" >\n\t\t\t\t<summary class=\"e-n-accordion-item-title\" data-accordion-index=\"2\" tabindex=\"-1\" aria-expanded=\"false\" aria-controls=\"e-n-accordion-item-1631\" >\n\t\t\t\t\t<span class='e-n-accordion-item-title-header'><h2 class=\"e-n-accordion-item-title-text\"> What should I do if I can't conceive?  <\/h2><\/span>\n\t\t\t\t\t\t\t\t\t<\/summary>\n\t\t\t\t<div role=\"region\" aria-labelledby=\"e-n-accordion-item-1631\" class=\"elementor-element elementor-element-6ea2c92f e-con-full e-flex e-con e-child\" data-id=\"6ea2c92f\" data-element_type=\"container\">\n\t\t\t\t<div class=\"elementor-element elementor-element-3db462a7 elementor-widget elementor-widget-text-editor\" data-id=\"3db462a7\" data-element_type=\"widget\" data-widget_type=\"text-editor.default\">\n\t\t\t\t<div class=\"elementor-widget-container\">\n\t\t\t\t\t\t\t<p>If after one year of trying (six months after the age of 35) you still cannot conceive, you should have a hormonal test, a tubal patency test (HyCoSy) and a sperm test. These will help us to decide what to do next.<\/p>\t\t\t\t\t\t<\/div>\n\t\t\t\t<\/div>\n\t\t\t\t<\/div>\n\t\t\t\t\t<\/details>\n\t\t\t\t\t\t<details id=\"e-n-accordion-item-1632\" class=\"e-n-accordion-item\" >\n\t\t\t\t<summary class=\"e-n-accordion-item-title\" data-accordion-index=\"3\" tabindex=\"-1\" aria-expanded=\"false\" aria-controls=\"e-n-accordion-item-1632\" >\n\t\t\t\t\t<span class='e-n-accordion-item-title-header'><h2 class=\"e-n-accordion-item-title-text\"> Is it normal for my period to be painful? <\/h2><\/span>\n\t\t\t\t\t\t\t\t\t<\/summary>\n\t\t\t\t<div role=\"region\" aria-labelledby=\"e-n-accordion-item-1632\" class=\"elementor-element elementor-element-60c80292 e-con-full e-flex e-con e-child\" data-id=\"60c80292\" data-element_type=\"container\">\n\t\t\t\t<div class=\"elementor-element elementor-element-48db0af7 elementor-widget elementor-widget-text-editor\" data-id=\"48db0af7\" data-element_type=\"widget\" data-widget_type=\"text-editor.default\">\n\t\t\t\t<div class=\"elementor-widget-container\">\n\t\t\t\t\t\t\t<p>In some cases, physiological pain during menses, such as mild lower abdominal pain or cramping. However, there can be many causes of pain during menses and in many cases we can do something about it, so it is worth visiting your gynaecologist if this is the case.<\/p>\t\t\t\t\t\t<\/div>\n\t\t\t\t<\/div>\n\t\t\t\t<\/div>\n\t\t\t\t\t<\/details>\n\t\t\t\t\t\t<details id=\"e-n-accordion-item-1633\" class=\"e-n-accordion-item\" >\n\t\t\t\t<summary class=\"e-n-accordion-item-title\" data-accordion-index=\"4\" tabindex=\"-1\" aria-expanded=\"false\" aria-controls=\"e-n-accordion-item-1633\" >\n\t\t\t\t\t<span class='e-n-accordion-item-title-header'><h2 class=\"e-n-accordion-item-title-text\"> I haven't given birth yet, can I still use an intrauterine contraceptive device (IUD)? <\/h2><\/span>\n\t\t\t\t\t\t\t\t\t<\/summary>\n\t\t\t\t<div role=\"region\" aria-labelledby=\"e-n-accordion-item-1633\" class=\"elementor-element elementor-element-8e015cc e-con-full e-flex e-con e-child\" data-id=\"8e015cc\" data-element_type=\"container\">\n\t\t\t\t<div class=\"elementor-element elementor-element-3fc727c5 elementor-widget elementor-widget-text-editor\" data-id=\"3fc727c5\" data-element_type=\"widget\" data-widget_type=\"text-editor.default\">\n\t\t\t\t<div class=\"elementor-widget-container\">\n\t\t\t\t\t\t\t<p>Yes, both hormone-free and hormonal intrauterine contraceptive devices are recommended for women who have not given birth.<\/p>\t\t\t\t\t\t<\/div>\n\t\t\t\t<\/div>\n\t\t\t\t<\/div>\n\t\t\t\t\t<\/details>\n\t\t\t\t\t<\/div>\n\t\t\t\t\t<script type=\"application\/ld+json\">{\"@context\":\"https:\\\/\\\/schema.org\",\"@type\":\"FAQPage\",\"mainEntity\":[{\"@type\":\"Question\",\"name\":\"Mit tegyek, ha nem j\\u00f6tt meg a menstru\\u00e1ci\\u00f3m?\",\"acceptedAnswer\":{\"@type\":\"Answer\",\"text\":\"Els\\u0151 l\\u00e9p\\u00e9sk\\u00e9nt \\u00e9rdemes egy terhess\\u00e9gi teszttel leellen\\u0151rizni, hogy nem terhess\\u00e9gr\\u0151l van-e sz\\u00f3. Amennyiben ez negat\\u00edv, a menzesz kimarad\\u00e1s\\u00e1nak sok oka lehet, melynek t\\u00f6bbs\\u00e9ge ban\\u00e1lis, de n\\u0151gy\\u00f3gy\\u00e1szati vizsg\\u00e1lat n\\u00e9lk\\u00fcl nem lehet kiz\\u00e1rni a komolyabb okokat, ez\\u00e9rt keresse fel n\\u0151gy\\u00f3gy\\u00e1sz\\u00e1t!\"}},{\"@type\":\"Question\",\"name\":\"Mit tegyek, ha nem j\\u00f6n \\u00f6ssze a Baba?\",\"acceptedAnswer\":{\"@type\":\"Answer\",\"text\":\"Amennyiben egy \\u00e9v (35 \\u00e9ves kor felett f\\u00e9l \\u00e9v) pr\\u00f3b\\u00e1lkoz\\u00e1s ut\\u00e1n sem siker\\u00fcl a teherbees\\u00e9s, indokolt egy hormon\\u00e1lis kivizsg\\u00e1l\\u00e1s, egy petevezet\\u00e9k \\u00e1tj\\u00e1rhat\\u00f3s\\u00e1gi vizsg\\u00e1lat (HyCoSy) \\u00e9s egy spermavizsg\\u00e1lat elv\\u00e9gz\\u00e9se. Ezek birtok\\u00e1ban tudjuk meghat\\u00e1rozni a tov\\u00e1bbi teend\\u0151ket.\"}},{\"@type\":\"Question\",\"name\":\"F\\u00e1j a menstru\\u00e1ci\\u00f3m, ez norm\\u00e1lis?\",\"acceptedAnswer\":{\"@type\":\"Answer\",\"text\":\"Bizonyos esetekben \\u00e9lettani a menses alatti f\\u00e1jdalom, pl. enyhe alhasi f\\u00e1jdalom, vagy g\\u00f6rcs. A menses alatti f\\u00e1jadalomnak azonban sz\\u00e1mos oka lehet \\u00e9s sok esetben tudunk tenni ellene, ez\\u00e9rt \\u00e9rdemes ebben az esetben felkeresni n\\u0151gy\\u00f3gy\\u00e1sz\\u00e1t!\"}},{\"@type\":\"Question\",\"name\":\"M\\u00e9g nem sz\\u00fcltem, haszn\\u00e1lhatok-e \\u00edgy is m\\u00e9hen bel\\u00fcli fogamz\\u00e1sg\\u00e1tl\\u00f3 eszk\\u00f6zt (spir\\u00e1lt)?\",\"acceptedAnswer\":{\"@type\":\"Answer\",\"text\":\"Igen, mind a hormonmentes, mind a hormon\\u00e1lis m\\u00e9hen bel\\u00fcli fogamz\\u00e1sg\\u00e1tl\\u00f3 eszk\\u00f6z\\u00f6kb\\u0151l l\\u00e9tezik nem sz\\u00fclt n\\u0151knek javasolt kivitel is.\"}}]}<\/script>\n\t\t\t\t\t<\/div>\n\t\t\t\t<\/div>\n\t\t\t\t<div class=\"elementor-element elementor-element-c56f717 elementor-mobile-align-center elementor-widget elementor-widget-global elementor-global-2114 elementor-widget-button\" data-id=\"c56f717\" data-element_type=\"widget\" data-widget_type=\"button.default\">\n\t\t\t\t<div class=\"elementor-widget-container\">\n\t\t\t\t\t<div class=\"elementor-button-wrapper\">\n\t\t\t<a class=\"elementor-button elementor-button-link elementor-size-md\" href=\"https:\/\/villamedicina.hu\/en\/kapcsolat\/\">\n\t\t\t\t\t\t<span class=\"elementor-button-content-wrapper\">\n\t\t\t\t\t\t\t\t\t<span class=\"elementor-button-text\">Do you have a question? <\/span>\n\t\t\t\t\t<\/span>\n\t\t\t\t\t<\/a>\n\t\t<\/div>\n\t\t\t\t<\/div>\n\t\t\t\t<\/div>\n\t\t\t\t<\/div>\n\t\t<div class=\"elementor-element elementor-element-366eba75 e-con-full elementor-hidden-tablet elementor-hidden-mobile e-flex e-con e-child\" data-id=\"366eba75\" data-element_type=\"container\" data-settings=\"{&quot;background_background&quot;:&quot;classic&quot;,&quot;sticky&quot;:&quot;top&quot;,&quot;sticky_parent&quot;:&quot;yes&quot;,&quot;sticky_on&quot;:[&quot;desktop&quot;,&quot;tablet&quot;,&quot;mobile&quot;],&quot;sticky_offset&quot;:0,&quot;sticky_effects_offset&quot;:0}\">\n\t\t\t\t<\/div>\n\t\t\t\t\t<\/div>\n\t\t\t\t<\/div>\n\t\t\t\t<\/div>","protected":false},"excerpt":{"rendered":"<p>Medd\u0151s\u00e9gi k\u00e9rd\u00e9sek Mit tegyek, ha nem j\u00f6tt meg a menstru\u00e1ci\u00f3m? Els\u0151 l\u00e9p\u00e9sk\u00e9nt \u00e9rdemes egy terhess\u00e9gi teszttel leellen\u0151rizni, hogy nem terhess\u00e9gr\u0151l van-e sz\u00f3. Amennyiben ez negat\u00edv, a menzesz kimarad\u00e1s\u00e1nak sok oka lehet, melynek t\u00f6bbs\u00e9ge ban\u00e1lis, de n\u0151gy\u00f3gy\u00e1szati vizsg\u00e1lat n\u00e9lk\u00fcl nem lehet kiz\u00e1rni a komolyabb okokat, ez\u00e9rt keresse fel n\u0151gy\u00f3gy\u00e1sz\u00e1t! Mit tegyek, ha nem j\u00f6n \u00f6ssze a [&hellip;]<\/p>","protected":false},"author":3,"featured_media":0,"parent":489,"menu_order":0,"comment_status":"closed","ping_status":"closed","template":"elementor_header_footer","meta":{"_acf_changed":false,"footnotes":""},"class_list":["post-1840","page","type-page","status-publish","hentry"],"acf":[],"_links":{"self":[{"href":"https:\/\/villamedicina.hu\/en\/wp-json\/wp\/v2\/pages\/1840","targetHints":{"allow":["GET"]}}],"collection":[{"href":"https:\/\/villamedicina.hu\/en\/wp-json\/wp\/v2\/pages"}],"about":[{"href":"https:\/\/villamedicina.hu\/en\/wp-json\/wp\/v2\/types\/page"}],"author":[{"embeddable":true,"href":"https:\/\/villamedicina.hu\/en\/wp-json\/wp\/v2\/users\/3"}],"replies":[{"embeddable":true,"href":"https:\/\/villamedicina.hu\/en\/wp-json\/wp\/v2\/comments?post=1840"}],"version-history":[{"count":5,"href":"https:\/\/villamedicina.hu\/en\/wp-json\/wp\/v2\/pages\/1840\/revisions"}],"predecessor-version":[{"id":2539,"href":"https:\/\/villamedicina.hu\/en\/wp-json\/wp\/v2\/pages\/1840\/revisions\/2539"}],"up":[{"embeddable":true,"href":"https:\/\/villamedicina.hu\/en\/wp-json\/wp\/v2\/pages\/489"}],"wp:attachment":[{"href":"https:\/\/villamedicina.hu\/en\/wp-json\/wp\/v2\/media?parent=1840"}],"curies":[{"name":"wp","href":"https:\/\/api.w.org\/{rel}","templated":true}]}}