{"id":1845,"date":"2024-02-03T15:16:01","date_gmt":"2024-02-03T15:16:01","guid":{"rendered":"https:\/\/villamedicina.hu\/?page_id=1845"},"modified":"2024-02-20T13:31:49","modified_gmt":"2024-02-20T13:31:49","slug":"belgyogyaszat","status":"publish","type":"page","link":"https:\/\/villamedicina.hu\/en\/gyik\/belgyogyaszat\/","title":{"rendered":"Internal Medicine"},"content":{"rendered":"<div data-elementor-type=\"wp-page\" data-elementor-id=\"1845\" class=\"elementor elementor-1845\" data-elementor-post-type=\"page\">\n\t\t\t\t<div class=\"elementor-element elementor-element-138a07c6 e-flex e-con-boxed e-con e-parent\" data-id=\"138a07c6\" data-element_type=\"container\" data-settings=\"{&quot;background_background&quot;:&quot;classic&quot;}\">\n\t\t\t\t\t<div class=\"e-con-inner\">\n\t\t<div class=\"elementor-element elementor-element-38c0442b e-con-full e-flex e-con e-child\" data-id=\"38c0442b\" data-element_type=\"container\">\n\t\t\t\t<div class=\"elementor-element elementor-element-71314fa2 elementor-hidden-desktop elementor-widget elementor-widget-image\" data-id=\"71314fa2\" data-element_type=\"widget\" data-widget_type=\"image.default\">\n\t\t\t\t<div class=\"elementor-widget-container\">\n\t\t\t<style>\/*! elementor - v3.23.0 - 15-07-2024 *\/\n.elementor-widget-image{text-align:center}.elementor-widget-image a{display:inline-block}.elementor-widget-image a img[src$=\".svg\"]{width:48px}.elementor-widget-image img{vertical-align:middle;display:inline-block}<\/style>\t\t\t\t\t\t\t\t\t\t<img fetchpriority=\"high\" decoding=\"async\" width=\"800\" height=\"533\" src=\"https:\/\/villamedicina.hu\/wp-content\/uploads\/2024\/01\/cheerful-blonde-woman-talking-to-her-doctor-1024x682.jpg\" class=\"attachment-large size-large wp-image-666\" alt=\"Cheerful blonde woman talking to her doctor\" srcset=\"https:\/\/villamedicina.hu\/wp-content\/uploads\/2024\/01\/cheerful-blonde-woman-talking-to-her-doctor-1024x682.jpg 1024w, https:\/\/villamedicina.hu\/wp-content\/uploads\/2024\/01\/cheerful-blonde-woman-talking-to-her-doctor-300x200.jpg 300w, https:\/\/villamedicina.hu\/wp-content\/uploads\/2024\/01\/cheerful-blonde-woman-talking-to-her-doctor-768x512.jpg 768w, https:\/\/villamedicina.hu\/wp-content\/uploads\/2024\/01\/cheerful-blonde-woman-talking-to-her-doctor-1536x1024.jpg 1536w, https:\/\/villamedicina.hu\/wp-content\/uploads\/2024\/01\/cheerful-blonde-woman-talking-to-her-doctor.jpg 1920w\" sizes=\"(max-width: 800px) 100vw, 800px\" \/>\t\t\t\t\t\t\t\t\t\t\t\t\t<\/div>\n\t\t\t\t<\/div>\n\t\t\t\t<div class=\"elementor-element elementor-element-548710ec elementor-widget elementor-widget-heading\" data-id=\"548710ec\" data-element_type=\"widget\" data-widget_type=\"heading.default\">\n\t\t\t\t<div class=\"elementor-widget-container\">\n\t\t\t<style>\/*! elementor - v3.23.0 - 15-07-2024 *\/\n.elementor-heading-title{padding:0;margin:0;line-height:1}.elementor-widget-heading .elementor-heading-title[class*=elementor-size-]>a{color:inherit;font-size:inherit;line-height:inherit}.elementor-widget-heading .elementor-heading-title.elementor-size-small{font-size:15px}.elementor-widget-heading .elementor-heading-title.elementor-size-medium{font-size:19px}.elementor-widget-heading .elementor-heading-title.elementor-size-large{font-size:29px}.elementor-widget-heading .elementor-heading-title.elementor-size-xl{font-size:39px}.elementor-widget-heading .elementor-heading-title.elementor-size-xxl{font-size:59px}<\/style><h1 class=\"elementor-heading-title elementor-size-default\">FAQ \u2013 Internal medicine<\/h1>\t\t<\/div>\n\t\t\t\t<\/div>\n\t\t\t\t<div class=\"elementor-element elementor-element-34b1f8a0 elementor-widget-divider--view-line elementor-widget elementor-widget-divider\" data-id=\"34b1f8a0\" data-element_type=\"widget\" data-widget_type=\"divider.default\">\n\t\t\t\t<div class=\"elementor-widget-container\">\n\t\t\t<style>\/*! elementor - v3.23.0 - 15-07-2024 *\/\n.elementor-widget-divider{--divider-border-style:none;--divider-border-width:1px;--divider-color:#0c0d0e;--divider-icon-size:20px;--divider-element-spacing:10px;--divider-pattern-height:24px;--divider-pattern-size:20px;--divider-pattern-url:none;--divider-pattern-repeat:repeat-x}.elementor-widget-divider .elementor-divider{display:flex}.elementor-widget-divider .elementor-divider__text{font-size:15px;line-height:1;max-width:95%}.elementor-widget-divider .elementor-divider__element{margin:0 var(--divider-element-spacing);flex-shrink:0}.elementor-widget-divider .elementor-icon{font-size:var(--divider-icon-size)}.elementor-widget-divider .elementor-divider-separator{display:flex;margin:0;direction:ltr}.elementor-widget-divider--view-line_icon .elementor-divider-separator,.elementor-widget-divider--view-line_text .elementor-divider-separator{align-items:center}.elementor-widget-divider--view-line_icon .elementor-divider-separator:after,.elementor-widget-divider--view-line_icon .elementor-divider-separator:before,.elementor-widget-divider--view-line_text .elementor-divider-separator:after,.elementor-widget-divider--view-line_text .elementor-divider-separator:before{display:block;content:\"\";border-block-end:0;flex-grow:1;border-block-start:var(--divider-border-width) var(--divider-border-style) var(--divider-color)}.elementor-widget-divider--element-align-left .elementor-divider .elementor-divider-separator>.elementor-divider__svg:first-of-type{flex-grow:0;flex-shrink:100}.elementor-widget-divider--element-align-left .elementor-divider-separator:before{content:none}.elementor-widget-divider--element-align-left .elementor-divider__element{margin-left:0}.elementor-widget-divider--element-align-right .elementor-divider .elementor-divider-separator>.elementor-divider__svg:last-of-type{flex-grow:0;flex-shrink:100}.elementor-widget-divider--element-align-right .elementor-divider-separator:after{content:none}.elementor-widget-divider--element-align-right .elementor-divider__element{margin-right:0}.elementor-widget-divider--element-align-start .elementor-divider .elementor-divider-separator>.elementor-divider__svg:first-of-type{flex-grow:0;flex-shrink:100}.elementor-widget-divider--element-align-start .elementor-divider-separator:before{content:none}.elementor-widget-divider--element-align-start .elementor-divider__element{margin-inline-start:0}.elementor-widget-divider--element-align-end .elementor-divider .elementor-divider-separator>.elementor-divider__svg:last-of-type{flex-grow:0;flex-shrink:100}.elementor-widget-divider--element-align-end .elementor-divider-separator:after{content:none}.elementor-widget-divider--element-align-end .elementor-divider__element{margin-inline-end:0}.elementor-widget-divider:not(.elementor-widget-divider--view-line_text):not(.elementor-widget-divider--view-line_icon) .elementor-divider-separator{border-block-start:var(--divider-border-width) var(--divider-border-style) var(--divider-color)}.elementor-widget-divider--separator-type-pattern{--divider-border-style:none}.elementor-widget-divider--separator-type-pattern.elementor-widget-divider--view-line .elementor-divider-separator,.elementor-widget-divider--separator-type-pattern:not(.elementor-widget-divider--view-line) .elementor-divider-separator:after,.elementor-widget-divider--separator-type-pattern:not(.elementor-widget-divider--view-line) .elementor-divider-separator:before,.elementor-widget-divider--separator-type-pattern:not([class*=elementor-widget-divider--view]) .elementor-divider-separator{width:100%;min-height:var(--divider-pattern-height);-webkit-mask-size:var(--divider-pattern-size) 100%;mask-size:var(--divider-pattern-size) 100%;-webkit-mask-repeat:var(--divider-pattern-repeat);mask-repeat:var(--divider-pattern-repeat);background-color:var(--divider-color);-webkit-mask-image:var(--divider-pattern-url);mask-image:var(--divider-pattern-url)}.elementor-widget-divider--no-spacing{--divider-pattern-size:auto}.elementor-widget-divider--bg-round{--divider-pattern-repeat:round}.rtl .elementor-widget-divider .elementor-divider__text{direction:rtl}.e-con-inner>.elementor-widget-divider,.e-con>.elementor-widget-divider{width:var(--container-widget-width,100%);--flex-grow:var(--container-widget-flex-grow)}<\/style>\t\t<div class=\"elementor-divider\">\n\t\t\t<span class=\"elementor-divider-separator\">\n\t\t\t\t\t\t<\/span>\n\t\t<\/div>\n\t\t\t\t<\/div>\n\t\t\t\t<\/div>\n\t\t\t\t<div class=\"elementor-element elementor-element-6732be5c elementor-widget elementor-widget-n-accordion\" data-id=\"6732be5c\" data-element_type=\"widget\" data-settings=\"{&quot;default_state&quot;:&quot;expanded&quot;,&quot;max_items_expended&quot;:&quot;one&quot;,&quot;n_accordion_animation_duration&quot;:{&quot;unit&quot;:&quot;ms&quot;,&quot;size&quot;:400,&quot;sizes&quot;:[]}}\" data-widget_type=\"nested-accordion.default\">\n\t\t\t\t<div class=\"elementor-widget-container\">\n\t\t\t\t\t<div class=\"e-n-accordion\" aria-label=\"Accordion. Open links with Enter or Space, close with Escape, and navigate with Arrow Keys\">\n\t\t\t\t\t\t<details id=\"e-n-accordion-item-1730\" class=\"e-n-accordion-item\" open>\n\t\t\t\t<summary class=\"e-n-accordion-item-title\" data-accordion-index=\"1\" tabindex=\"0\" aria-expanded=\"true\" aria-controls=\"e-n-accordion-item-1730\" >\n\t\t\t\t\t<span class='e-n-accordion-item-title-header'><h2 class=\"e-n-accordion-item-title-text\"> When is it recommended to see an internal medicine? <\/h2><\/span>\n\t\t\t\t\t\t\t\t\t<\/summary>\n\t\t\t\t<div role=\"region\" aria-labelledby=\"e-n-accordion-item-1730\" class=\"elementor-element elementor-element-2f00cbb4 e-con-full e-flex e-con e-child\" data-id=\"2f00cbb4\" data-element_type=\"container\">\n\t\t\t\t<div class=\"elementor-element elementor-element-7de34d5f elementor-widget elementor-widget-text-editor\" data-id=\"7de34d5f\" data-element_type=\"widget\" data-widget_type=\"text-editor.default\">\n\t\t\t\t<div class=\"elementor-widget-container\">\n\t\t\t<style>\/*! elementor - v3.23.0 - 15-07-2024 *\/\n.elementor-widget-text-editor.elementor-drop-cap-view-stacked .elementor-drop-cap{background-color:#69727d;color:#fff}.elementor-widget-text-editor.elementor-drop-cap-view-framed .elementor-drop-cap{color:#69727d;border:3px solid;background-color:transparent}.elementor-widget-text-editor:not(.elementor-drop-cap-view-default) .elementor-drop-cap{margin-top:8px}.elementor-widget-text-editor:not(.elementor-drop-cap-view-default) .elementor-drop-cap-letter{width:1em;height:1em}.elementor-widget-text-editor .elementor-drop-cap{float:left;text-align:center;line-height:1;font-size:50px}.elementor-widget-text-editor .elementor-drop-cap-letter{display:inline-block}<\/style>\t\t\t\t<p>Blood pressure lability, in case of suspected cardiac arrhythmia, when dyspnea and chest pressure are detected,<br>In connection with certain complaints of dizziness and malaise associated with fainting. The background of pathological fatigue must be clarified in every case<br>Abnormal blood sugar and blood fat values \u200b\u200bare also a matter of internal medicine<br>Common complaints include indigestion and abdominal pain<br>Internal diseases can often be caused by changes in the water flow and flooding<br>Recurring fever - fever, weight loss, anemia always require a thorough investigation<\/p>\t\t\t\t\t\t<\/div>\n\t\t\t\t<\/div>\n\t\t\t\t<div class=\"elementor-element elementor-element-e102807 elementor-mobile-align-center elementor-widget elementor-widget-global elementor-global-2114 elementor-widget-button\" data-id=\"e102807\" data-element_type=\"widget\" data-widget_type=\"button.default\">\n\t\t\t\t<div class=\"elementor-widget-container\">\n\t\t\t\t\t<div class=\"elementor-button-wrapper\">\n\t\t\t<a class=\"elementor-button elementor-button-link elementor-size-md\" href=\"https:\/\/villamedicina.hu\/en\/kapcsolat\/\">\n\t\t\t\t\t\t<span class=\"elementor-button-content-wrapper\">\n\t\t\t\t\t\t\t\t\t<span class=\"elementor-button-text\">Do you have a question? <\/span>\n\t\t\t\t\t<\/span>\n\t\t\t\t\t<\/a>\n\t\t<\/div>\n\t\t\t\t<\/div>\n\t\t\t\t<\/div>\n\t\t\t\t<\/div>\n\t\t\t\t\t<\/details>\n\t\t\t\t\t<\/div>\n\t\t\t\t\t<script type=\"application\/ld+json\">{\"@context\":\"https:\\\/\\\/schema.org\",\"@type\":\"FAQPage\",\"mainEntity\":[{\"@type\":\"Question\",\"name\":\"Mikor aj\\u00e1nlott Belgy\\u00f3gy\\u00e1szhoz fordulni?\",\"acceptedAnswer\":{\"@type\":\"Answer\",\"text\":\"V\\u00e9rnyom\\u00e1s labilit\\u00e1s, esetleges sz\\u00edvritmuszavar gyan\\u00faja eset\\u00e9n, neh\\u00e9zl\\u00e9gz\\u00e9s \\u00e9s mellkasi nyom\\u00e1s \\u00e9szlel\\u00e9sekorBizonyos sz\\u00e9d\\u00fcl\\u00e9ses panaszok, \\u00e1jul\\u00e1ssal j\\u00e1r\\u00f3 rosszull\\u00e9tek kapcs\\u00e1n. A k\\u00f3ros f\\u00e1rad\\u00e9konys\\u00e1g h\\u00e1tter\\u00e9t minden esetben tiszt\\u00e1zni kellA v\\u00e9rcukor \\u00e9s v\\u00e9rzs\\u00edr \\u00e9rt\\u00e9keinek k\\u00f3ros volta szint\\u00e9n belgy\\u00f3gy\\u00e1szati k\\u00e9rd\\u00e9sGyakori panaszk\\u00e9nt eml\\u00edthet\\u0151k az egyes em\\u00e9szt\\u00e9si zavarok, hasi f\\u00e1jdalmakA v\\u00edzforgalom megv\\u00e1ltoz\\u00e1sa, vizeny\\u0151 h\\u00e1tter\\u00e9ben gyakorta \\u00e1llhat belszervi megbeteged\\u00e9sA visszat\\u00e9r\\u0151 l\\u00e1z \\u2013h\\u0151emelked\\u00e9s, fogy\\u00e1s, v\\u00e9rszeg\\u00e9nys\\u00e9g mindig alapos kivizsg\\u00e1l\\u00e1st ig\\u00e9nyel\\t\\t\\t\\t\\t\\t\\n\\t\\t\\t\\t\\n\\t\\t\\t\\t\\n\\t\\t\\t\\t\\n\\t\\t\\t\\t\\t\\n\\t\\t\\t\\n\\t\\t\\t\\t\\t\\t\\n\\t\\t\\t\\t\\t\\t\\t\\t\\tK\\u00e9rd\\u00e9se van?\"}}]}<\/script>\n\t\t\t\t\t<\/div>\n\t\t\t\t<\/div>\n\t\t\t\t<\/div>\n\t\t<div class=\"elementor-element elementor-element-6356c2a0 e-con-full elementor-hidden-tablet elementor-hidden-mobile e-flex e-con e-child\" data-id=\"6356c2a0\" data-element_type=\"container\" data-settings=\"{&quot;background_background&quot;:&quot;classic&quot;,&quot;sticky&quot;:&quot;top&quot;,&quot;sticky_parent&quot;:&quot;yes&quot;,&quot;sticky_on&quot;:[&quot;desktop&quot;,&quot;tablet&quot;,&quot;mobile&quot;],&quot;sticky_offset&quot;:0,&quot;sticky_effects_offset&quot;:0}\">\n\t\t\t\t<\/div>\n\t\t\t\t\t<\/div>\n\t\t\t\t<\/div>\n\t\t\t\t<\/div>","protected":false},"excerpt":{"rendered":"<p>Belgy\u00f3gy\u00e1szati k\u00e9rd\u00e9sek Mikor aj\u00e1nlott Belgy\u00f3gy\u00e1szhoz fordulni? V\u00e9rnyom\u00e1s labilit\u00e1s, esetleges sz\u00edvritmuszavar gyan\u00faja eset\u00e9n, neh\u00e9zl\u00e9gz\u00e9s \u00e9s mellkasi nyom\u00e1s \u00e9szlel\u00e9sekorBizonyos sz\u00e9d\u00fcl\u00e9ses panaszok, \u00e1jul\u00e1ssal j\u00e1r\u00f3 rosszull\u00e9tek kapcs\u00e1n. A k\u00f3ros f\u00e1rad\u00e9konys\u00e1g h\u00e1tter\u00e9t minden esetben tiszt\u00e1zni kellA v\u00e9rcukor \u00e9s v\u00e9rzs\u00edr \u00e9rt\u00e9keinek k\u00f3ros volta szint\u00e9n belgy\u00f3gy\u00e1szati k\u00e9rd\u00e9sGyakori panaszk\u00e9nt eml\u00edthet\u0151k az egyes em\u00e9szt\u00e9si zavarok, hasi f\u00e1jdalmakA v\u00edzforgalom megv\u00e1ltoz\u00e1sa, vizeny\u0151 h\u00e1tter\u00e9ben gyakorta \u00e1llhat belszervi [&hellip;]<\/p>","protected":false},"author":3,"featured_media":2275,"parent":489,"menu_order":0,"comment_status":"closed","ping_status":"closed","template":"elementor_header_footer","meta":{"_acf_changed":false,"footnotes":""},"class_list":["post-1845","page","type-page","status-publish","has-post-thumbnail","hentry"],"acf":[],"_links":{"self":[{"href":"https:\/\/villamedicina.hu\/en\/wp-json\/wp\/v2\/pages\/1845","targetHints":{"allow":["GET"]}}],"collection":[{"href":"https:\/\/villamedicina.hu\/en\/wp-json\/wp\/v2\/pages"}],"about":[{"href":"https:\/\/villamedicina.hu\/en\/wp-json\/wp\/v2\/types\/page"}],"author":[{"embeddable":true,"href":"https:\/\/villamedicina.hu\/en\/wp-json\/wp\/v2\/users\/3"}],"replies":[{"embeddable":true,"href":"https:\/\/villamedicina.hu\/en\/wp-json\/wp\/v2\/comments?post=1845"}],"version-history":[{"count":5,"href":"https:\/\/villamedicina.hu\/en\/wp-json\/wp\/v2\/pages\/1845\/revisions"}],"predecessor-version":[{"id":2542,"href":"https:\/\/villamedicina.hu\/en\/wp-json\/wp\/v2\/pages\/1845\/revisions\/2542"}],"up":[{"embeddable":true,"href":"https:\/\/villamedicina.hu\/en\/wp-json\/wp\/v2\/pages\/489"}],"wp:featuredmedia":[{"embeddable":true,"href":"https:\/\/villamedicina.hu\/en\/wp-json\/wp\/v2\/media\/2275"}],"wp:attachment":[{"href":"https:\/\/villamedicina.hu\/en\/wp-json\/wp\/v2\/media?parent=1845"}],"curies":[{"name":"wp","href":"https:\/\/api.w.org\/{rel}","templated":true}]}}