{"id":1850,"date":"2024-02-03T16:49:46","date_gmt":"2024-02-03T16:49:46","guid":{"rendered":"https:\/\/villamedicina.hu\/?page_id=1850"},"modified":"2024-02-20T13:36:58","modified_gmt":"2024-02-20T13:36:58","slug":"endokrinologia","status":"publish","type":"page","link":"https:\/\/villamedicina.hu\/en\/gyik\/endokrinologia\/","title":{"rendered":"Endocrinology"},"content":{"rendered":"<div data-elementor-type=\"wp-page\" data-elementor-id=\"1850\" class=\"elementor elementor-1850\" data-elementor-post-type=\"page\">\n\t\t\t\t<div class=\"elementor-element elementor-element-7ba0e04d e-flex e-con-boxed e-con e-parent\" data-id=\"7ba0e04d\" data-element_type=\"container\" data-settings=\"{&quot;background_background&quot;:&quot;classic&quot;}\">\n\t\t\t\t\t<div class=\"e-con-inner\">\n\t\t<div class=\"elementor-element elementor-element-67687d20 e-con-full e-flex e-con e-child\" data-id=\"67687d20\" data-element_type=\"container\">\n\t\t\t\t<div class=\"elementor-element elementor-element-24cf70c5 elementor-hidden-desktop elementor-widget elementor-widget-image\" data-id=\"24cf70c5\" data-element_type=\"widget\" data-widget_type=\"image.default\">\n\t\t\t\t<div class=\"elementor-widget-container\">\n\t\t\t<style>\/*! elementor - v3.23.0 - 15-07-2024 *\/\n.elementor-widget-image{text-align:center}.elementor-widget-image a{display:inline-block}.elementor-widget-image a img[src$=\".svg\"]{width:48px}.elementor-widget-image img{vertical-align:middle;display:inline-block}<\/style>\t\t\t\t\t\t\t\t\t\t<img fetchpriority=\"high\" decoding=\"async\" width=\"800\" height=\"533\" src=\"https:\/\/villamedicina.hu\/wp-content\/uploads\/2024\/01\/cheerful-blonde-woman-talking-to-her-doctor-1024x682.jpg\" class=\"attachment-large size-large wp-image-666\" alt=\"Cheerful blonde woman talking to her doctor\" srcset=\"https:\/\/villamedicina.hu\/wp-content\/uploads\/2024\/01\/cheerful-blonde-woman-talking-to-her-doctor-1024x682.jpg 1024w, https:\/\/villamedicina.hu\/wp-content\/uploads\/2024\/01\/cheerful-blonde-woman-talking-to-her-doctor-300x200.jpg 300w, https:\/\/villamedicina.hu\/wp-content\/uploads\/2024\/01\/cheerful-blonde-woman-talking-to-her-doctor-768x512.jpg 768w, https:\/\/villamedicina.hu\/wp-content\/uploads\/2024\/01\/cheerful-blonde-woman-talking-to-her-doctor-1536x1024.jpg 1536w, https:\/\/villamedicina.hu\/wp-content\/uploads\/2024\/01\/cheerful-blonde-woman-talking-to-her-doctor.jpg 1920w\" sizes=\"(max-width: 800px) 100vw, 800px\" \/>\t\t\t\t\t\t\t\t\t\t\t\t\t<\/div>\n\t\t\t\t<\/div>\n\t\t\t\t<div class=\"elementor-element elementor-element-7dd6ebaf elementor-widget elementor-widget-heading\" data-id=\"7dd6ebaf\" data-element_type=\"widget\" data-widget_type=\"heading.default\">\n\t\t\t\t<div class=\"elementor-widget-container\">\n\t\t\t<style>\/*! elementor - v3.23.0 - 15-07-2024 *\/\n.elementor-heading-title{padding:0;margin:0;line-height:1}.elementor-widget-heading .elementor-heading-title[class*=elementor-size-]>a{color:inherit;font-size:inherit;line-height:inherit}.elementor-widget-heading .elementor-heading-title.elementor-size-small{font-size:15px}.elementor-widget-heading .elementor-heading-title.elementor-size-medium{font-size:19px}.elementor-widget-heading .elementor-heading-title.elementor-size-large{font-size:29px}.elementor-widget-heading .elementor-heading-title.elementor-size-xl{font-size:39px}.elementor-widget-heading .elementor-heading-title.elementor-size-xxl{font-size:59px}<\/style><h1 class=\"elementor-heading-title elementor-size-default\">FAQ \u2013 Endocrinology<\/h1>\t\t<\/div>\n\t\t\t\t<\/div>\n\t\t\t\t<div class=\"elementor-element elementor-element-26f5684e elementor-widget-divider--view-line elementor-widget elementor-widget-divider\" data-id=\"26f5684e\" data-element_type=\"widget\" data-widget_type=\"divider.default\">\n\t\t\t\t<div class=\"elementor-widget-container\">\n\t\t\t<style>\/*! elementor - v3.23.0 - 15-07-2024 *\/\n.elementor-widget-divider{--divider-border-style:none;--divider-border-width:1px;--divider-color:#0c0d0e;--divider-icon-size:20px;--divider-element-spacing:10px;--divider-pattern-height:24px;--divider-pattern-size:20px;--divider-pattern-url:none;--divider-pattern-repeat:repeat-x}.elementor-widget-divider .elementor-divider{display:flex}.elementor-widget-divider .elementor-divider__text{font-size:15px;line-height:1;max-width:95%}.elementor-widget-divider .elementor-divider__element{margin:0 var(--divider-element-spacing);flex-shrink:0}.elementor-widget-divider .elementor-icon{font-size:var(--divider-icon-size)}.elementor-widget-divider .elementor-divider-separator{display:flex;margin:0;direction:ltr}.elementor-widget-divider--view-line_icon .elementor-divider-separator,.elementor-widget-divider--view-line_text .elementor-divider-separator{align-items:center}.elementor-widget-divider--view-line_icon .elementor-divider-separator:after,.elementor-widget-divider--view-line_icon .elementor-divider-separator:before,.elementor-widget-divider--view-line_text .elementor-divider-separator:after,.elementor-widget-divider--view-line_text .elementor-divider-separator:before{display:block;content:\"\";border-block-end:0;flex-grow:1;border-block-start:var(--divider-border-width) var(--divider-border-style) var(--divider-color)}.elementor-widget-divider--element-align-left .elementor-divider .elementor-divider-separator>.elementor-divider__svg:first-of-type{flex-grow:0;flex-shrink:100}.elementor-widget-divider--element-align-left .elementor-divider-separator:before{content:none}.elementor-widget-divider--element-align-left .elementor-divider__element{margin-left:0}.elementor-widget-divider--element-align-right .elementor-divider .elementor-divider-separator>.elementor-divider__svg:last-of-type{flex-grow:0;flex-shrink:100}.elementor-widget-divider--element-align-right .elementor-divider-separator:after{content:none}.elementor-widget-divider--element-align-right .elementor-divider__element{margin-right:0}.elementor-widget-divider--element-align-start .elementor-divider .elementor-divider-separator>.elementor-divider__svg:first-of-type{flex-grow:0;flex-shrink:100}.elementor-widget-divider--element-align-start .elementor-divider-separator:before{content:none}.elementor-widget-divider--element-align-start .elementor-divider__element{margin-inline-start:0}.elementor-widget-divider--element-align-end .elementor-divider .elementor-divider-separator>.elementor-divider__svg:last-of-type{flex-grow:0;flex-shrink:100}.elementor-widget-divider--element-align-end .elementor-divider-separator:after{content:none}.elementor-widget-divider--element-align-end .elementor-divider__element{margin-inline-end:0}.elementor-widget-divider:not(.elementor-widget-divider--view-line_text):not(.elementor-widget-divider--view-line_icon) .elementor-divider-separator{border-block-start:var(--divider-border-width) var(--divider-border-style) var(--divider-color)}.elementor-widget-divider--separator-type-pattern{--divider-border-style:none}.elementor-widget-divider--separator-type-pattern.elementor-widget-divider--view-line .elementor-divider-separator,.elementor-widget-divider--separator-type-pattern:not(.elementor-widget-divider--view-line) .elementor-divider-separator:after,.elementor-widget-divider--separator-type-pattern:not(.elementor-widget-divider--view-line) .elementor-divider-separator:before,.elementor-widget-divider--separator-type-pattern:not([class*=elementor-widget-divider--view]) .elementor-divider-separator{width:100%;min-height:var(--divider-pattern-height);-webkit-mask-size:var(--divider-pattern-size) 100%;mask-size:var(--divider-pattern-size) 100%;-webkit-mask-repeat:var(--divider-pattern-repeat);mask-repeat:var(--divider-pattern-repeat);background-color:var(--divider-color);-webkit-mask-image:var(--divider-pattern-url);mask-image:var(--divider-pattern-url)}.elementor-widget-divider--no-spacing{--divider-pattern-size:auto}.elementor-widget-divider--bg-round{--divider-pattern-repeat:round}.rtl .elementor-widget-divider .elementor-divider__text{direction:rtl}.e-con-inner>.elementor-widget-divider,.e-con>.elementor-widget-divider{width:var(--container-widget-width,100%);--flex-grow:var(--container-widget-flex-grow)}<\/style>\t\t<div class=\"elementor-divider\">\n\t\t\t<span class=\"elementor-divider-separator\">\n\t\t\t\t\t\t<\/span>\n\t\t<\/div>\n\t\t\t\t<\/div>\n\t\t\t\t<\/div>\n\t\t\t\t<div class=\"elementor-element elementor-element-7504f8c4 elementor-widget elementor-widget-n-accordion\" data-id=\"7504f8c4\" data-element_type=\"widget\" data-settings=\"{&quot;default_state&quot;:&quot;expanded&quot;,&quot;max_items_expended&quot;:&quot;one&quot;,&quot;n_accordion_animation_duration&quot;:{&quot;unit&quot;:&quot;ms&quot;,&quot;size&quot;:400,&quot;sizes&quot;:[]}}\" data-widget_type=\"nested-accordion.default\">\n\t\t\t\t<div class=\"elementor-widget-container\">\n\t\t\t\t\t<div class=\"e-n-accordion\" aria-label=\"Accordion. Open links with Enter or Space, close with Escape, and navigate with Arrow Keys\">\n\t\t\t\t\t\t<details id=\"e-n-accordion-item-1960\" class=\"e-n-accordion-item\" open>\n\t\t\t\t<summary class=\"e-n-accordion-item-title\" data-accordion-index=\"1\" tabindex=\"0\" aria-expanded=\"true\" aria-controls=\"e-n-accordion-item-1960\" >\n\t\t\t\t\t<span class='e-n-accordion-item-title-header'><h2 class=\"e-n-accordion-item-title-text\"> I felt a lump in my neck, my wight became unstable, my blood pressure also fluctuated, I was tired and energized. What test do I need? <\/h2><\/span>\n\t\t\t\t\t\t\t\t\t<\/summary>\n\t\t\t\t<div role=\"region\" aria-labelledby=\"e-n-accordion-item-1960\" class=\"elementor-element elementor-element-7105d3d9 e-con-full e-flex e-con e-child\" data-id=\"7105d3d9\" data-element_type=\"container\">\n\t\t\t\t<div class=\"elementor-element elementor-element-494d4e32 elementor-widget elementor-widget-text-editor\" data-id=\"494d4e32\" data-element_type=\"widget\" data-widget_type=\"text-editor.default\">\n\t\t\t\t<div class=\"elementor-widget-container\">\n\t\t\t<style>\/*! elementor - v3.23.0 - 15-07-2024 *\/\n.elementor-widget-text-editor.elementor-drop-cap-view-stacked .elementor-drop-cap{background-color:#69727d;color:#fff}.elementor-widget-text-editor.elementor-drop-cap-view-framed .elementor-drop-cap{color:#69727d;border:3px solid;background-color:transparent}.elementor-widget-text-editor:not(.elementor-drop-cap-view-default) .elementor-drop-cap{margin-top:8px}.elementor-widget-text-editor:not(.elementor-drop-cap-view-default) .elementor-drop-cap-letter{width:1em;height:1em}.elementor-widget-text-editor .elementor-drop-cap{float:left;text-align:center;line-height:1;font-size:50px}.elementor-widget-text-editor .elementor-drop-cap-letter{display:inline-block}<\/style>\t\t\t\t<p>In the first step, the task is to assess abnormal thyroid function and abnormalities detected during the neck ultrasound examination (thyroid nodules), then medication, possible isotope therapy, or surgical intervention may be among the solutions.<\/p>\t\t\t\t\t\t<\/div>\n\t\t\t\t<\/div>\n\t\t\t\t<\/div>\n\t\t\t\t\t<\/details>\n\t\t\t\t\t\t<details id=\"e-n-accordion-item-1961\" class=\"e-n-accordion-item\" >\n\t\t\t\t<summary class=\"e-n-accordion-item-title\" data-accordion-index=\"2\" tabindex=\"-1\" aria-expanded=\"false\" aria-controls=\"e-n-accordion-item-1961\" >\n\t\t\t\t\t<span class='e-n-accordion-item-title-header'><h2 class=\"e-n-accordion-item-title-text\"> I've had a headache for quite some time and my vision is also deteriorating, I'm tired and I'm not the same in my sexual life. What tests do I need? <\/h2><\/span>\n\t\t\t\t\t\t\t\t\t<\/summary>\n\t\t\t\t<div role=\"region\" aria-labelledby=\"e-n-accordion-item-1961\" class=\"elementor-element elementor-element-4d6dc728 e-con-full e-flex e-con e-child\" data-id=\"4d6dc728\" data-element_type=\"container\">\n\t\t\t\t<div class=\"elementor-element elementor-element-aa12568 elementor-widget elementor-widget-text-editor\" data-id=\"aa12568\" data-element_type=\"widget\" data-widget_type=\"text-editor.default\">\n\t\t\t\t<div class=\"elementor-widget-container\">\n\t\t\t\t\t\t\t<p>The solutions may include the examination, treatment and care of hormone-producing and non-hormone-producing pituitary gland tumors (benign, \"adenoma\").<\/p>\t\t\t\t\t\t<\/div>\n\t\t\t\t<\/div>\n\t\t\t\t<\/div>\n\t\t\t\t\t<\/details>\n\t\t\t\t\t\t<details id=\"e-n-accordion-item-1962\" class=\"e-n-accordion-item\" >\n\t\t\t\t<summary class=\"e-n-accordion-item-title\" data-accordion-index=\"3\" tabindex=\"-1\" aria-expanded=\"false\" aria-controls=\"e-n-accordion-item-1962\" >\n\t\t\t\t\t<span class='e-n-accordion-item-title-header'><h2 class=\"e-n-accordion-item-title-text\"> My period was sparse at first, then stopped for quite some time, while breast discharge appeared. What reasons could be behind it?  <\/h2><\/span>\n\t\t\t\t\t\t\t\t\t<\/summary>\n\t\t\t\t<div role=\"region\" aria-labelledby=\"e-n-accordion-item-1962\" class=\"elementor-element elementor-element-66cfd4b7 e-con-full e-flex e-con e-child\" data-id=\"66cfd4b7\" data-element_type=\"container\">\n\t\t\t\t<div class=\"elementor-element elementor-element-3b7b0e94 elementor-widget elementor-widget-text-editor\" data-id=\"3b7b0e94\" data-element_type=\"widget\" data-widget_type=\"text-editor.default\">\n\t\t\t\t<div class=\"elementor-widget-container\">\n\t\t\t\t\t\t\t<p>Disturbances in the production of the hormone prolactin and its clinical symptoms may be the cause. Examining the relationship between body weight and hormone balance, as well as uncovering possible internal medicine and endocrinological causes of menstrual disorders, can be of great importance.<\/p>\t\t\t\t\t\t<\/div>\n\t\t\t\t<\/div>\n\t\t\t\t<\/div>\n\t\t\t\t\t<\/details>\n\t\t\t\t\t\t<details id=\"e-n-accordion-item-1963\" class=\"e-n-accordion-item\" >\n\t\t\t\t<summary class=\"e-n-accordion-item-title\" data-accordion-index=\"4\" tabindex=\"-1\" aria-expanded=\"false\" aria-controls=\"e-n-accordion-item-1963\" >\n\t\t\t\t\t<span class='e-n-accordion-item-title-header'><h2 class=\"e-n-accordion-item-title-text\"> I haven't given birth yet, can I still use an intrauterine contraceptive device (IUD)?  <\/h2><\/span>\n\t\t\t\t\t\t\t\t\t<\/summary>\n\t\t\t\t<div role=\"region\" aria-labelledby=\"e-n-accordion-item-1963\" class=\"elementor-element elementor-element-c538290 e-con-full e-flex e-con e-child\" data-id=\"c538290\" data-element_type=\"container\">\n\t\t\t\t<div class=\"elementor-element elementor-element-3a6ba5e3 elementor-widget elementor-widget-text-editor\" data-id=\"3a6ba5e3\" data-element_type=\"widget\" data-widget_type=\"text-editor.default\">\n\t\t\t\t<div class=\"elementor-widget-container\">\n\t\t\t\t\t\t\t<p>Yes, both hormone-free and hormonal intrauterine contraceptive devices are recommended for women who have not given birth.<\/p>\t\t\t\t\t\t<\/div>\n\t\t\t\t<\/div>\n\t\t\t\t<\/div>\n\t\t\t\t\t<\/details>\n\t\t\t\t\t\t<details id=\"e-n-accordion-item-1964\" class=\"e-n-accordion-item\" >\n\t\t\t\t<summary class=\"e-n-accordion-item-title\" data-accordion-index=\"5\" tabindex=\"-1\" aria-expanded=\"false\" aria-controls=\"e-n-accordion-item-1964\" >\n\t\t\t\t\t<span class='e-n-accordion-item-title-header'><h2 class=\"e-n-accordion-item-title-text\"> I've been gaining weight for years, I've become diabetic, my blood pressure is high, and blackberry-colored stripes \"stria\" have appeared on my abdominal wall. What could be the reason for this?  <\/h2><\/span>\n\t\t\t\t\t\t\t\t\t<\/summary>\n\t\t\t\t<div role=\"region\" aria-labelledby=\"e-n-accordion-item-1964\" class=\"elementor-element elementor-element-5d9b6349 e-con-full e-flex e-con e-child\" data-id=\"5d9b6349\" data-element_type=\"container\">\n\t\t\t\t<div class=\"elementor-element elementor-element-6715febc elementor-widget elementor-widget-text-editor\" data-id=\"6715febc\" data-element_type=\"widget\" data-widget_type=\"text-editor.default\">\n\t\t\t\t<div class=\"elementor-widget-container\">\n\t\t\t\t\t\t\t<p>Clinical symptoms of hormone overproduction by the adrenal cortex and suspicion of the so-called Cushing's syndrome may occur, so we establish an appropriate diagnosis and treatment strategy.<\/p>\t\t\t\t\t\t<\/div>\n\t\t\t\t<\/div>\n\t\t\t\t<\/div>\n\t\t\t\t\t<\/details>\n\t\t\t\t\t\t<details id=\"e-n-accordion-item-1965\" class=\"e-n-accordion-item\" >\n\t\t\t\t<summary class=\"e-n-accordion-item-title\" data-accordion-index=\"6\" tabindex=\"-1\" aria-expanded=\"false\" aria-controls=\"e-n-accordion-item-1965\" >\n\t\t\t\t\t<span class='e-n-accordion-item-title-header'><h2 class=\"e-n-accordion-item-title-text\"> Why can't the general practitioner and internist adjust my blood pressure?  <\/h2><\/span>\n\t\t\t\t\t\t\t\t\t<\/summary>\n\t\t\t\t<div role=\"region\" aria-labelledby=\"e-n-accordion-item-1965\" class=\"elementor-element elementor-element-a6d016a e-con-full e-flex e-con e-child\" data-id=\"a6d016a\" data-element_type=\"container\">\n\t\t\t\t<div class=\"elementor-element elementor-element-211b322e elementor-widget elementor-widget-text-editor\" data-id=\"211b322e\" data-element_type=\"widget\" data-widget_type=\"text-editor.default\">\n\t\t\t\t<div class=\"elementor-widget-container\">\n\t\t\t\t\t\t\t<p>In this case, it is recommended to explore the causes of the secondary high blood pressure disease and to set up a special drug or other treatment.<\/p>\t\t\t\t\t\t<\/div>\n\t\t\t\t<\/div>\n\t\t\t\t<\/div>\n\t\t\t\t\t<\/details>\n\t\t\t\t\t\t<details id=\"e-n-accordion-item-1966\" class=\"e-n-accordion-item\" >\n\t\t\t\t<summary class=\"e-n-accordion-item-title\" data-accordion-index=\"7\" tabindex=\"-1\" aria-expanded=\"false\" aria-controls=\"e-n-accordion-item-1966\" >\n\t\t\t\t\t<span class='e-n-accordion-item-title-header'><h2 class=\"e-n-accordion-item-title-text\"> My muscles are tired, I have frequent muscle spasms and muscle pains. What is the reason of this? <\/h2><\/span>\n\t\t\t\t\t\t\t\t\t<\/summary>\n\t\t\t\t<div role=\"region\" aria-labelledby=\"e-n-accordion-item-1966\" class=\"elementor-element elementor-element-46dfb666 e-con-full e-flex e-con e-child\" data-id=\"46dfb666\" data-element_type=\"container\">\n\t\t\t\t<div class=\"elementor-element elementor-element-7a86b960 elementor-widget elementor-widget-text-editor\" data-id=\"7a86b960\" data-element_type=\"widget\" data-widget_type=\"text-editor.default\">\n\t\t\t\t<div class=\"elementor-widget-container\">\n\t\t\t\t\t\t\t<p>Disturbances of Ca homeostasis, abnormally high or abnormally low values \u200b\u200band its clinical implications may be behind this.<\/p>\t\t\t\t\t\t<\/div>\n\t\t\t\t<\/div>\n\t\t\t\t<\/div>\n\t\t\t\t\t<\/details>\n\t\t\t\t\t<\/div>\n\t\t\t\t\t<script type=\"application\/ld+json\">{\"@context\":\"https:\\\/\\\/schema.org\",\"@type\":\"FAQPage\",\"mainEntity\":[{\"@type\":\"Question\",\"name\":\"Nyaki gomb\\u00f3c \\u00e9rz\\u00e9sem volt, a tests\\u00falyom labilis lett, a v\\u00e9rnyom\\u00e1som ingadozik, f\\u00e1radt vagyok \\u00e9s enerv\\u00e1lt. Milyen vizsg\\u00e1latokra van sz\\u00fcks\\u00e9gem?\",\"acceptedAnswer\":{\"@type\":\"Answer\",\"text\":\"Els\\u0151 l\\u00e9p\\u00e9sben a k\\u00f3ros pajzsmirigy funkci\\u00f3 \\u00e9s a nyaki ultrahang vizsg\\u00e1lat sor\\u00e1n \\u00e9szlelt elt\\u00e9r\\u00e9sek (pajzsmirigy g\\u00f6b\\u00f6k) meg\\u00edt\\u00e9l\\u00e9se a feladat, majd gy\\u00f3gyszeres-, esetleges izot\\u00f3p ter\\u00e1pia, vagy seb\\u00e9szeti beavatkoz\\u00e1s szerepelhet a megold\\u00e1sok k\\u00f6z\\u00f6tt.\"}},{\"@type\":\"Question\",\"name\":\"J\\u00f3 ideje f\\u00e1j a fejem \\u00e9s a l\\u00e1t\\u00e1som is romlik, f\\u00e1rad\\u00e9kony vagyok \\u00e9s a szexu\\u00e1lis \\u00e9letem sem a r\\u00e9gi. Milyen vizsg\\u00e1latokra van sz\\u00fcks\\u00e9gem?\",\"acceptedAnswer\":{\"@type\":\"Answer\",\"text\":\"A megold\\u00e1sok k\\u00f6z\\u00f6tt szerepelhet a hormontermel\\u0151 \\u00e9s hormont nem termel\\u0151 agyalapi mirigydaganatok (j\\u00f3indulat\\u00fa, \\u201eadenoma\\u201d) kivizsg\\u00e1l\\u00e1sa, kezel\\u00e9se \\u00e9s gondoz\\u00e1sa.\"}},{\"@type\":\"Question\",\"name\":\"A menstru\\u00e1ci\\u00f3m kezdetben ritkult, majd egy j\\u00f3 ideje elmaradt, mik\\u00f6zben eml\\u0151-v\\u00e1lad\\u00e9koz\\u00e1s jelent meg n\\u00e1lam. Milyen okok \\u00e1llhatnak a h\\u00e1tt\\u00e9rben?\",\"acceptedAnswer\":{\"@type\":\"Answer\",\"text\":\"A prolactin nev\\u0171 hormon termel\\u00e9s\\u00e9nek zavarai \\u00e9s ennek klinikai t\\u00fcnetei \\u00e1llhatnak a h\\u00e1tt\\u00e9rben. A tests\\u00faly \\u00e9s a hormonh\\u00e1ztart\\u00e1s \\u00f6sszef\\u00fcgg\\u00e9s\\u00e9nek vizsg\\u00e1lata, valamint a menstru\\u00e1ci\\u00f3s zavarok esetleges belgy\\u00f3gy\\u00e1szati \\u2013 endokrinol\\u00f3giai okainak felt\\u00e1r\\u00e1sa kiemelked\\u0151 fontoss\\u00e1g\\u00fa lehet.\"}},{\"@type\":\"Question\",\"name\":\"M\\u00e9g nem sz\\u00fcltem, haszn\\u00e1lhatok-e \\u00edgy is m\\u00e9hen bel\\u00fcli fogamz\\u00e1sg\\u00e1tl\\u00f3 eszk\\u00f6zt (spir\\u00e1lt)?\",\"acceptedAnswer\":{\"@type\":\"Answer\",\"text\":\"Igen, mind a hormonmentes, mind a hormon\\u00e1lis m\\u00e9hen bel\\u00fcli fogamz\\u00e1sg\\u00e1tl\\u00f3 eszk\\u00f6z\\u00f6kb\\u0151l l\\u00e9tezik nem sz\\u00fclt n\\u0151knek javasolt kivitel is.\"}},{\"@type\":\"Question\",\"name\":\"\\u00c9vek \\u00f3ta h\\u00edzom, cukorbeteg lettem, a v\\u00e9rnyom\\u00e1som is magas \\u00e9s szederjes sz\\u00edn\\u0171 cs\\u00edkok \\\"stria\\\" jelentek meg a hasfalamon. Mi lehet ennek az oka?\",\"acceptedAnswer\":{\"@type\":\"Answer\",\"text\":\"A mell\\u00e9kvesek\\u00e9reg hormont\\u00faltermel\\u00e9s klinikai t\\u00fcnetei \\u00e9s az \\u00fagynevezett Cushing szindr\\u00f3ma gyan\\u00faja l\\u00e9phet fel, ez\\u00e9rt megfelel\\u0151 diagn\\u00f3zist \\u00e9s kezel\\u00e9si strat\\u00e9gi\\u00e1t \\u00e1ll\\u00edtunk fel.\"}},{\"@type\":\"Question\",\"name\":\"Mi\\u00e9rt nem tudja a h\\u00e1ziorvos \\u00e9s a belgy\\u00f3gy\\u00e1sz be\\u00e1ll\\u00edtani a v\\u00e9rnyom\\u00e1somat?\",\"acceptedAnswer\":{\"@type\":\"Answer\",\"text\":\"Ez esetben a m\\u00e1sodlagos magas v\\u00e9rnyom\\u00e1s betegs\\u00e9g okainak felt\\u00e1r\\u00e1sa, speci\\u00e1lis gy\\u00f3gyszeres vagy egy\\u00e9b kezel\\u00e9s be\\u00e1ll\\u00edt\\u00e1sa javasolt.\"}},{\"@type\":\"Question\",\"name\":\"Az irmaim f\\u00e1rad\\u00e9konyak, gyakori izomg\\u00f6rcs\\u00f6k \\u00e9s izom f\\u00e1jdalmak jelentkeznek n\\u00e1lam. Mi ennek az oka?\",\"acceptedAnswer\":{\"@type\":\"Answer\",\"text\":\"A Ca-h\\u00e1ztart\\u00e1s zavarai, k\\u00f3rosan magas, vagy k\\u00f3rosan alacsony \\u00e9rt\\u00e9kei \\u00e9s ennek klinikai vonatkoz\\u00e1sai \\u00e1llhatnak a h\\u00e1tt\\u00e9rben.\"}}]}<\/script>\n\t\t\t\t\t<\/div>\n\t\t\t\t<\/div>\n\t\t\t\t<div class=\"elementor-element elementor-element-2625c05 elementor-mobile-align-center elementor-widget elementor-widget-global elementor-global-2114 elementor-widget-button\" data-id=\"2625c05\" data-element_type=\"widget\" data-widget_type=\"button.default\">\n\t\t\t\t<div class=\"elementor-widget-container\">\n\t\t\t\t\t<div class=\"elementor-button-wrapper\">\n\t\t\t<a class=\"elementor-button elementor-button-link elementor-size-md\" href=\"https:\/\/villamedicina.hu\/en\/kapcsolat\/\">\n\t\t\t\t\t\t<span class=\"elementor-button-content-wrapper\">\n\t\t\t\t\t\t\t\t\t<span class=\"elementor-button-text\">Do you have a question? <\/span>\n\t\t\t\t\t<\/span>\n\t\t\t\t\t<\/a>\n\t\t<\/div>\n\t\t\t\t<\/div>\n\t\t\t\t<\/div>\n\t\t\t\t<\/div>\n\t\t<div class=\"elementor-element elementor-element-332aefb9 e-con-full elementor-hidden-tablet elementor-hidden-mobile e-flex e-con e-child\" data-id=\"332aefb9\" data-element_type=\"container\" data-settings=\"{&quot;background_background&quot;:&quot;classic&quot;,&quot;sticky&quot;:&quot;top&quot;,&quot;sticky_parent&quot;:&quot;yes&quot;,&quot;sticky_on&quot;:[&quot;desktop&quot;,&quot;tablet&quot;,&quot;mobile&quot;],&quot;sticky_offset&quot;:0,&quot;sticky_effects_offset&quot;:0}\">\n\t\t\t\t<\/div>\n\t\t\t\t\t<\/div>\n\t\t\t\t<\/div>\n\t\t\t\t<\/div>","protected":false},"excerpt":{"rendered":"<p>Endokrinol\u00f3giai k\u00e9rd\u00e9sek Nyaki gomb\u00f3c \u00e9rz\u00e9sem volt, a tests\u00falyom labilis lett, a v\u00e9rnyom\u00e1som ingadozik, f\u00e1radt vagyok \u00e9s enerv\u00e1lt. Milyen vizsg\u00e1latokra van sz\u00fcks\u00e9gem? Els\u0151 l\u00e9p\u00e9sben a k\u00f3ros pajzsmirigy funkci\u00f3 \u00e9s a nyaki ultrahang vizsg\u00e1lat sor\u00e1n \u00e9szlelt elt\u00e9r\u00e9sek (pajzsmirigy g\u00f6b\u00f6k) meg\u00edt\u00e9l\u00e9se a feladat, majd gy\u00f3gyszeres-, esetleges izot\u00f3p ter\u00e1pia, vagy seb\u00e9szeti beavatkoz\u00e1s szerepelhet a megold\u00e1sok k\u00f6z\u00f6tt. J\u00f3 ideje f\u00e1j [&hellip;]<\/p>","protected":false},"author":3,"featured_media":1906,"parent":489,"menu_order":0,"comment_status":"closed","ping_status":"closed","template":"","meta":{"_acf_changed":false,"footnotes":""},"class_list":["post-1850","page","type-page","status-publish","has-post-thumbnail","hentry"],"acf":[],"_links":{"self":[{"href":"https:\/\/villamedicina.hu\/en\/wp-json\/wp\/v2\/pages\/1850","targetHints":{"allow":["GET"]}}],"collection":[{"href":"https:\/\/villamedicina.hu\/en\/wp-json\/wp\/v2\/pages"}],"about":[{"href":"https:\/\/villamedicina.hu\/en\/wp-json\/wp\/v2\/types\/page"}],"author":[{"embeddable":true,"href":"https:\/\/villamedicina.hu\/en\/wp-json\/wp\/v2\/users\/3"}],"replies":[{"embeddable":true,"href":"https:\/\/villamedicina.hu\/en\/wp-json\/wp\/v2\/comments?post=1850"}],"version-history":[{"count":5,"href":"https:\/\/villamedicina.hu\/en\/wp-json\/wp\/v2\/pages\/1850\/revisions"}],"predecessor-version":[{"id":2545,"href":"https:\/\/villamedicina.hu\/en\/wp-json\/wp\/v2\/pages\/1850\/revisions\/2545"}],"up":[{"embeddable":true,"href":"https:\/\/villamedicina.hu\/en\/wp-json\/wp\/v2\/pages\/489"}],"wp:featuredmedia":[{"embeddable":true,"href":"https:\/\/villamedicina.hu\/en\/wp-json\/wp\/v2\/media\/1906"}],"wp:attachment":[{"href":"https:\/\/villamedicina.hu\/en\/wp-json\/wp\/v2\/media?parent=1850"}],"curies":[{"name":"wp","href":"https:\/\/api.w.org\/{rel}","templated":true}]}}