{"id":2608,"date":"2024-02-22T20:17:37","date_gmt":"2024-02-22T20:17:37","guid":{"rendered":"https:\/\/villamedicina.hu\/?page_id=2608"},"modified":"2024-02-26T09:55:10","modified_gmt":"2024-02-26T09:55:10","slug":"hormonalis-egyensuly-csomag","status":"publish","type":"page","link":"https:\/\/villamedicina.hu\/en\/hormonalis-egyensuly-csomag\/","title":{"rendered":"HORMONAL BALANCE PACKAGE"},"content":{"rendered":"<div data-elementor-type=\"wp-page\" data-elementor-id=\"2608\" class=\"elementor elementor-2608\" data-elementor-post-type=\"page\">\n\t\t\t\t<div class=\"elementor-element elementor-element-8bfec44 e-flex e-con-boxed e-con e-parent\" data-id=\"8bfec44\" data-element_type=\"container\">\n\t\t\t\t\t<div class=\"e-con-inner\">\n\t\t<div class=\"elementor-element elementor-element-446dbea e-con-full e-flex e-con e-child\" data-id=\"446dbea\" data-element_type=\"container\">\n\t\t\t\t<div class=\"elementor-element elementor-element-512c341 elementor-widget elementor-widget-heading\" data-id=\"512c341\" data-element_type=\"widget\" data-widget_type=\"heading.default\">\n\t\t\t\t<div class=\"elementor-widget-container\">\n\t\t\t<style>\/*! elementor - v3.23.0 - 15-07-2024 *\/\n.elementor-heading-title{padding:0;margin:0;line-height:1}.elementor-widget-heading .elementor-heading-title[class*=elementor-size-]>a{color:inherit;font-size:inherit;line-height:inherit}.elementor-widget-heading .elementor-heading-title.elementor-size-small{font-size:15px}.elementor-widget-heading .elementor-heading-title.elementor-size-medium{font-size:19px}.elementor-widget-heading .elementor-heading-title.elementor-size-large{font-size:29px}.elementor-widget-heading .elementor-heading-title.elementor-size-xl{font-size:39px}.elementor-widget-heading .elementor-heading-title.elementor-size-xxl{font-size:59px}<\/style><h2 class=\"elementor-heading-title elementor-size-default\">HORMONAL BALANCE PACKAGE<\/h2>\t\t<\/div>\n\t\t\t\t<\/div>\n\t\t\t\t<div class=\"elementor-element elementor-element-2205c9c elementor-widget elementor-widget-text-editor\" data-id=\"2205c9c\" data-element_type=\"widget\" data-widget_type=\"text-editor.default\">\n\t\t\t\t<div class=\"elementor-widget-container\">\n\t\t\t<style>\/*! elementor - v3.23.0 - 15-07-2024 *\/\n.elementor-widget-text-editor.elementor-drop-cap-view-stacked .elementor-drop-cap{background-color:#69727d;color:#fff}.elementor-widget-text-editor.elementor-drop-cap-view-framed .elementor-drop-cap{color:#69727d;border:3px solid;background-color:transparent}.elementor-widget-text-editor:not(.elementor-drop-cap-view-default) .elementor-drop-cap{margin-top:8px}.elementor-widget-text-editor:not(.elementor-drop-cap-view-default) .elementor-drop-cap-letter{width:1em;height:1em}.elementor-widget-text-editor .elementor-drop-cap{float:left;text-align:center;line-height:1;font-size:50px}.elementor-widget-text-editor .elementor-drop-cap-letter{display:inline-block}<\/style>\t\t\t\t<p>Hormonal balance is critical to maintaining and restoring women\u2019s health.<\/p><p>Numerous research by the RHRI (Reproductive Health Research Institute) have confirmed and continue to confirm that a wide range of women\u2019s health problems are caused by disturbances in the balance of the reproductive hormone system.<\/p><p>The hormonal balance package allows women to achieve and restore their health by approaching ovulation as one of the cornerstones of women\u2019s health. Disorders of the ovulation cycle are caused by reproductive endocrinological problems.<\/p><p>During counseling, it is possible to diagnose the symptoms of pain, headaches, anxiety, fatigue, weight gain, hirsutism, and acne, thereby helping to identify underlying hormonal problems in order to restore health.<\/p><p>The Hormonal Balance Package offers careful diagnosis and treatment of symptomatic endocrine problems and covers conditions such as ovulatory dysfunction, cycle and bleeding disorders, polycystic ovaries, thyroid problems, endometriosis, infertility, menopausal disorders, and depression.<\/p>\t\t\t\t\t\t<\/div>\n\t\t\t\t<\/div>\n\t\t\t\t<\/div>\n\t\t<div class=\"elementor-element elementor-element-befdd4e e-con-full e-flex e-con e-child\" data-id=\"befdd4e\" data-element_type=\"container\">\n\t\t\t\t<div class=\"elementor-element elementor-element-2ae56d1 elementor-widget elementor-widget-image\" data-id=\"2ae56d1\" data-element_type=\"widget\" data-widget_type=\"image.default\">\n\t\t\t\t<div class=\"elementor-widget-container\">\n\t\t\t<style>\/*! elementor - v3.23.0 - 15-07-2024 *\/\n.elementor-widget-image{text-align:center}.elementor-widget-image a{display:inline-block}.elementor-widget-image a img[src$=\".svg\"]{width:48px}.elementor-widget-image img{vertical-align:middle;display:inline-block}<\/style>\t\t\t\t\t\t\t\t\t\t<img fetchpriority=\"high\" decoding=\"async\" width=\"768\" height=\"515\" src=\"https:\/\/villamedicina.hu\/wp-content\/uploads\/2024\/02\/hormonok2-768x515-1.jpg\" class=\"attachment-large size-large wp-image-2609\" alt=\"\" srcset=\"https:\/\/villamedicina.hu\/wp-content\/uploads\/2024\/02\/hormonok2-768x515-1.jpg 768w, https:\/\/villamedicina.hu\/wp-content\/uploads\/2024\/02\/hormonok2-768x515-1-300x201.jpg 300w, https:\/\/villamedicina.hu\/wp-content\/uploads\/2024\/02\/hormonok2-768x515-1-18x12.jpg 18w\" sizes=\"(max-width: 768px) 100vw, 768px\" \/>\t\t\t\t\t\t\t\t\t\t\t\t\t<\/div>\n\t\t\t\t<\/div>\n\t\t\t\t<\/div>\n\t\t\t\t\t<\/div>\n\t\t\t\t<\/div>\n\t\t<div class=\"elementor-element elementor-element-39432d6 e-flex e-con-boxed e-con e-parent\" data-id=\"39432d6\" data-element_type=\"container\">\n\t\t\t\t\t<div class=\"e-con-inner\">\n\t\t\t\t<div class=\"elementor-element elementor-element-24a93c9 elementor-widget elementor-widget-heading\" data-id=\"24a93c9\" data-element_type=\"widget\" data-widget_type=\"heading.default\">\n\t\t\t\t<div class=\"elementor-widget-container\">\n\t\t\t<h3 class=\"elementor-heading-title elementor-size-default\">CONTENTS OF THE HORMONAL BALANCE PACKAGE:<\/h3>\t\t<\/div>\n\t\t\t\t<\/div>\n\t\t\t\t\t<\/div>\n\t\t\t\t<\/div>\n\t\t<div class=\"elementor-element elementor-element-0cee8ef e-flex e-con-boxed e-con e-parent\" data-id=\"0cee8ef\" data-element_type=\"container\">\n\t\t\t\t\t<div class=\"e-con-inner\">\n\t\t\t\t<div class=\"elementor-element elementor-element-ff8f37b elementor-widget-divider--view-line elementor-widget elementor-widget-divider\" data-id=\"ff8f37b\" data-element_type=\"widget\" data-widget_type=\"divider.default\">\n\t\t\t\t<div class=\"elementor-widget-container\">\n\t\t\t<style>\/*! elementor - v3.23.0 - 15-07-2024 *\/\n.elementor-widget-divider{--divider-border-style:none;--divider-border-width:1px;--divider-color:#0c0d0e;--divider-icon-size:20px;--divider-element-spacing:10px;--divider-pattern-height:24px;--divider-pattern-size:20px;--divider-pattern-url:none;--divider-pattern-repeat:repeat-x}.elementor-widget-divider .elementor-divider{display:flex}.elementor-widget-divider .elementor-divider__text{font-size:15px;line-height:1;max-width:95%}.elementor-widget-divider .elementor-divider__element{margin:0 var(--divider-element-spacing);flex-shrink:0}.elementor-widget-divider .elementor-icon{font-size:var(--divider-icon-size)}.elementor-widget-divider .elementor-divider-separator{display:flex;margin:0;direction:ltr}.elementor-widget-divider--view-line_icon .elementor-divider-separator,.elementor-widget-divider--view-line_text .elementor-divider-separator{align-items:center}.elementor-widget-divider--view-line_icon .elementor-divider-separator:after,.elementor-widget-divider--view-line_icon .elementor-divider-separator:before,.elementor-widget-divider--view-line_text .elementor-divider-separator:after,.elementor-widget-divider--view-line_text .elementor-divider-separator:before{display:block;content:\"\";border-block-end:0;flex-grow:1;border-block-start:var(--divider-border-width) var(--divider-border-style) var(--divider-color)}.elementor-widget-divider--element-align-left .elementor-divider .elementor-divider-separator>.elementor-divider__svg:first-of-type{flex-grow:0;flex-shrink:100}.elementor-widget-divider--element-align-left .elementor-divider-separator:before{content:none}.elementor-widget-divider--element-align-left .elementor-divider__element{margin-left:0}.elementor-widget-divider--element-align-right .elementor-divider .elementor-divider-separator>.elementor-divider__svg:last-of-type{flex-grow:0;flex-shrink:100}.elementor-widget-divider--element-align-right .elementor-divider-separator:after{content:none}.elementor-widget-divider--element-align-right .elementor-divider__element{margin-right:0}.elementor-widget-divider--element-align-start .elementor-divider .elementor-divider-separator>.elementor-divider__svg:first-of-type{flex-grow:0;flex-shrink:100}.elementor-widget-divider--element-align-start .elementor-divider-separator:before{content:none}.elementor-widget-divider--element-align-start .elementor-divider__element{margin-inline-start:0}.elementor-widget-divider--element-align-end .elementor-divider .elementor-divider-separator>.elementor-divider__svg:last-of-type{flex-grow:0;flex-shrink:100}.elementor-widget-divider--element-align-end .elementor-divider-separator:after{content:none}.elementor-widget-divider--element-align-end .elementor-divider__element{margin-inline-end:0}.elementor-widget-divider:not(.elementor-widget-divider--view-line_text):not(.elementor-widget-divider--view-line_icon) .elementor-divider-separator{border-block-start:var(--divider-border-width) var(--divider-border-style) var(--divider-color)}.elementor-widget-divider--separator-type-pattern{--divider-border-style:none}.elementor-widget-divider--separator-type-pattern.elementor-widget-divider--view-line .elementor-divider-separator,.elementor-widget-divider--separator-type-pattern:not(.elementor-widget-divider--view-line) .elementor-divider-separator:after,.elementor-widget-divider--separator-type-pattern:not(.elementor-widget-divider--view-line) .elementor-divider-separator:before,.elementor-widget-divider--separator-type-pattern:not([class*=elementor-widget-divider--view]) .elementor-divider-separator{width:100%;min-height:var(--divider-pattern-height);-webkit-mask-size:var(--divider-pattern-size) 100%;mask-size:var(--divider-pattern-size) 100%;-webkit-mask-repeat:var(--divider-pattern-repeat);mask-repeat:var(--divider-pattern-repeat);background-color:var(--divider-color);-webkit-mask-image:var(--divider-pattern-url);mask-image:var(--divider-pattern-url)}.elementor-widget-divider--no-spacing{--divider-pattern-size:auto}.elementor-widget-divider--bg-round{--divider-pattern-repeat:round}.rtl .elementor-widget-divider .elementor-divider__text{direction:rtl}.e-con-inner>.elementor-widget-divider,.e-con>.elementor-widget-divider{width:var(--container-widget-width,100%);--flex-grow:var(--container-widget-flex-grow)}<\/style>\t\t<div class=\"elementor-divider\">\n\t\t\t<span class=\"elementor-divider-separator\">\n\t\t\t\t\t\t<\/span>\n\t\t<\/div>\n\t\t\t\t<\/div>\n\t\t\t\t<\/div>\n\t\t\t\t\t<\/div>\n\t\t\t\t<\/div>\n\t\t<div class=\"elementor-element elementor-element-811feea e-flex e-con-boxed e-con e-parent\" data-id=\"811feea\" data-element_type=\"container\">\n\t\t\t\t\t<div class=\"e-con-inner\">\n\t\t\t\t<div class=\"elementor-element elementor-element-c2d5f6f elementor-widget elementor-widget-text-editor\" data-id=\"c2d5f6f\" data-element_type=\"widget\" data-widget_type=\"text-editor.default\">\n\t\t\t\t<div class=\"elementor-widget-container\">\n\t\t\t\t\t\t\t<div class=\"elementor-element elementor-element-82724cc elementor-position-left elementor-view-default elementor-mobile-position-top elementor-vertical-align-top elementor-widget elementor-widget-icon-box\" data-id=\"82724cc\" data-element_type=\"widget\" data-widget_type=\"icon-box.default\"><div class=\"elementor-widget-container\"><div class=\"elementor-icon-box-wrapper\"><div class=\"elementor-icon-box-content\"><ul><li>First online consultation<br \/>The first online consultation lasts 60 minutes and costs HUF 30,000, of which HUF 15,000 must be paid in advance before the start of the consultation. The online consultation takes place via the Google Meet service.<\/li><li>Ultrasound<\/li><li>Blood test (within 3 months)<br \/>Labs:<br \/>Basic hormone profile:<br \/>Cycle 3-5. between days: FSH, LH, PRL, TSH, DHEA-S, Androstenedione, Total testosterone, free-testosterone, SHBG, estradiol, vitamin D<br \/>Day 3 and day 7 after ovulation: progesterone, estradiol.<br \/>Complete blood count, LDL, HDL, Triglycerides, fasting blood sugar.<\/li><li>Online consultation (with results)<\/li><\/ul><\/div><\/div><\/div><\/div><div class=\"elementor-element elementor-element-15e17fd elementor-position-left elementor-view-default elementor-mobile-position-top elementor-vertical-align-top elementor-widget elementor-widget-icon-box\" data-id=\"15e17fd\" data-element_type=\"widget\" data-widget_type=\"icon-box.default\"><div class=\"elementor-widget-container\"><div class=\"elementor-icon-box-wrapper\">\u00a0<\/div><\/div><\/div>\t\t\t\t\t\t<\/div>\n\t\t\t\t<\/div>\n\t\t\t\t\t<\/div>\n\t\t\t\t<\/div>\n\t\t<div class=\"elementor-element elementor-element-af690a0 e-flex e-con-boxed e-con e-parent\" data-id=\"af690a0\" data-element_type=\"container\">\n\t\t\t\t\t<div class=\"e-con-inner\">\n\t\t\t\t<div class=\"elementor-element elementor-element-901c208 elementor-widget elementor-widget-text-editor\" data-id=\"901c208\" data-element_type=\"widget\" data-widget_type=\"text-editor.default\">\n\t\t\t\t<div class=\"elementor-widget-container\">\n\t\t\t\t\t\t\t<p><strong>Treatment plans help women restore healthy hormonal balance. Depending on the deficits measured, treatment protocols can range from a significant emphasis on diet, exercise, and lifestyle changes to pharmacological interventions or immunological support. During therapy, our main goal is not to treat the symptoms, but to treat the root causes of health conditions, the underlying hormonal problems.<\/strong><\/p>\t\t\t\t\t\t<\/div>\n\t\t\t\t<\/div>\n\t\t\t\t<div class=\"elementor-element elementor-element-503f9a3 elementor-mobile-align-center elementor-align-left elementor-widget elementor-widget-global elementor-global-2449 elementor-widget-button\" data-id=\"503f9a3\" data-element_type=\"widget\" data-widget_type=\"button.default\">\n\t\t\t\t<div class=\"elementor-widget-container\">\n\t\t\t\t\t<div class=\"elementor-button-wrapper\">\n\t\t\t<a class=\"elementor-button elementor-button-link elementor-size-md\" href=\"https:\/\/villamedicina.salonic.hu\/showServices\/?placeId=3176&#038;specId=58906\">\n\t\t\t\t\t\t<span class=\"elementor-button-content-wrapper\">\n\t\t\t\t\t\t\t\t\t<span class=\"elementor-button-text\">APPOINTMENT<\/span>\n\t\t\t\t\t<\/span>\n\t\t\t\t\t<\/a>\n\t\t<\/div>\n\t\t\t\t<\/div>\n\t\t\t\t<\/div>\n\t\t\t\t\t<\/div>\n\t\t\t\t<\/div>\n\t\t\t\t<\/div>","protected":false},"excerpt":{"rendered":"<p>A hormon\u00e1lis egyens\u00faly kritikus fontoss\u00e1g\u00fa a n\u0151k eg\u00e9szs\u00e9g\u00e9nek meg\u0151rz\u00e9s\u00e9ben \u00e9s helyre\u00e1ll\u00edt\u00e1s\u00e1ban. Az RHRI (Reproductive Health Research Institute) sz\u00e1mos kutat\u00e1sa igazolta \u00e9s igazolja, hogy a n\u0151k eg\u00e9szs\u00e9g\u00fcgyi probl\u00e9m\u00e1inak sz\u00e9les sk\u00e1l\u00e1j\u00e1t a reprodukt\u00edv hormonrendszer egyens\u00faly\u00e1nak zavarai okozz\u00e1k. A hormon\u00e1lis egyens\u00faly csomag lehet\u0151v\u00e9 teszi a N\u0151k sz\u00e1m\u00e1ra, hogy el\u00e9rj\u00e9k, vissza\u00e1ll\u00edts\u00e1k eg\u00e9szs\u00e9g\u00fcket az\u00e1ltal, hogy az ovul\u00e1ci\u00f3t, mint a N\u0151k [&hellip;]<\/p>","protected":false},"author":3,"featured_media":2609,"parent":0,"menu_order":0,"comment_status":"closed","ping_status":"closed","template":"","meta":{"_acf_changed":false,"footnotes":""},"class_list":["post-2608","page","type-page","status-publish","has-post-thumbnail","hentry"],"acf":[],"_links":{"self":[{"href":"https:\/\/villamedicina.hu\/en\/wp-json\/wp\/v2\/pages\/2608","targetHints":{"allow":["GET"]}}],"collection":[{"href":"https:\/\/villamedicina.hu\/en\/wp-json\/wp\/v2\/pages"}],"about":[{"href":"https:\/\/villamedicina.hu\/en\/wp-json\/wp\/v2\/types\/page"}],"author":[{"embeddable":true,"href":"https:\/\/villamedicina.hu\/en\/wp-json\/wp\/v2\/users\/3"}],"replies":[{"embeddable":true,"href":"https:\/\/villamedicina.hu\/en\/wp-json\/wp\/v2\/comments?post=2608"}],"version-history":[{"count":5,"href":"https:\/\/villamedicina.hu\/en\/wp-json\/wp\/v2\/pages\/2608\/revisions"}],"predecessor-version":[{"id":2654,"href":"https:\/\/villamedicina.hu\/en\/wp-json\/wp\/v2\/pages\/2608\/revisions\/2654"}],"wp:featuredmedia":[{"embeddable":true,"href":"https:\/\/villamedicina.hu\/en\/wp-json\/wp\/v2\/media\/2609"}],"wp:attachment":[{"href":"https:\/\/villamedicina.hu\/en\/wp-json\/wp\/v2\/media?parent=2608"}],"curies":[{"name":"wp","href":"https:\/\/api.w.org\/{rel}","templated":true}]}}