{"id":3066,"date":"2024-03-04T08:42:04","date_gmt":"2024-03-04T08:42:04","guid":{"rendered":"https:\/\/villamedicina.hu\/?page_id=3066"},"modified":"2024-10-02T13:06:30","modified_gmt":"2024-10-02T13:06:30","slug":"partnereink","status":"publish","type":"page","link":"https:\/\/villamedicina.hu\/en\/partnereink\/","title":{"rendered":"Partnerek"},"content":{"rendered":"<div data-elementor-type=\"wp-page\" data-elementor-id=\"3066\" class=\"elementor elementor-3066\" data-elementor-post-type=\"page\">\n\t\t\t\t<div class=\"elementor-element elementor-element-0a7d613 e-flex e-con-boxed e-con e-parent\" data-id=\"0a7d613\" data-element_type=\"container\">\n\t\t\t\t\t<div class=\"e-con-inner\">\n\t\t\t\t<div class=\"elementor-element elementor-element-6b352f3e elementor-widget elementor-widget-heading\" data-id=\"6b352f3e\" data-element_type=\"widget\" data-widget_type=\"heading.default\">\n\t\t\t\t<div class=\"elementor-widget-container\">\n\t\t\t<style>\/*! elementor - v3.23.0 - 15-07-2024 *\/\n.elementor-heading-title{padding:0;margin:0;line-height:1}.elementor-widget-heading .elementor-heading-title[class*=elementor-size-]>a{color:inherit;font-size:inherit;line-height:inherit}.elementor-widget-heading .elementor-heading-title.elementor-size-small{font-size:15px}.elementor-widget-heading .elementor-heading-title.elementor-size-medium{font-size:19px}.elementor-widget-heading .elementor-heading-title.elementor-size-large{font-size:29px}.elementor-widget-heading .elementor-heading-title.elementor-size-xl{font-size:39px}.elementor-widget-heading .elementor-heading-title.elementor-size-xxl{font-size:59px}<\/style><h1 class=\"elementor-heading-title elementor-size-default\">Healthcare partners<\/h1>\t\t<\/div>\n\t\t\t\t<\/div>\n\t\t\t\t<div class=\"elementor-element elementor-element-471dfd6 gallery-spacing-custom elementor-widget elementor-widget-image-gallery\" data-id=\"471dfd6\" data-element_type=\"widget\" data-widget_type=\"image-gallery.default\">\n\t\t\t\t<div class=\"elementor-widget-container\">\n\t\t\t<style>\/*! elementor - v3.23.0 - 15-07-2024 *\/\n.elementor-image-gallery .gallery-item{display:inline-block;text-align:center;vertical-align:top;width:100%;max-width:100%;margin:0 auto}.elementor-image-gallery .gallery-item img{margin:0 auto}.elementor-image-gallery .gallery-item .gallery-caption{margin:0}.elementor-image-gallery figure img{display:block}.elementor-image-gallery figure figcaption{width:100%}.gallery-spacing-custom .elementor-image-gallery .gallery-icon{padding:0}@media (min-width:768px){.elementor-image-gallery .gallery-columns-2 .gallery-item{max-width:50%}.elementor-image-gallery .gallery-columns-3 .gallery-item{max-width:33.33%}.elementor-image-gallery .gallery-columns-4 .gallery-item{max-width:25%}.elementor-image-gallery .gallery-columns-5 .gallery-item{max-width:20%}.elementor-image-gallery .gallery-columns-6 .gallery-item{max-width:16.666%}.elementor-image-gallery .gallery-columns-7 .gallery-item{max-width:14.28%}.elementor-image-gallery .gallery-columns-8 .gallery-item{max-width:12.5%}.elementor-image-gallery .gallery-columns-9 .gallery-item{max-width:11.11%}.elementor-image-gallery .gallery-columns-10 .gallery-item{max-width:10%}}@media (min-width:480px) and (max-width:767px){.elementor-image-gallery .gallery.gallery-columns-2 .gallery-item,.elementor-image-gallery .gallery.gallery-columns-3 .gallery-item,.elementor-image-gallery .gallery.gallery-columns-4 .gallery-item,.elementor-image-gallery .gallery.gallery-columns-5 .gallery-item,.elementor-image-gallery .gallery.gallery-columns-6 .gallery-item,.elementor-image-gallery .gallery.gallery-columns-7 .gallery-item,.elementor-image-gallery .gallery.gallery-columns-8 .gallery-item,.elementor-image-gallery .gallery.gallery-columns-9 .gallery-item,.elementor-image-gallery .gallery.gallery-columns-10 .gallery-item{max-width:50%}}@media (max-width:479px){.elementor-image-gallery .gallery.gallery-columns-2 .gallery-item,.elementor-image-gallery .gallery.gallery-columns-3 .gallery-item,.elementor-image-gallery .gallery.gallery-columns-4 .gallery-item,.elementor-image-gallery .gallery.gallery-columns-5 .gallery-item,.elementor-image-gallery .gallery.gallery-columns-6 .gallery-item,.elementor-image-gallery .gallery.gallery-columns-7 .gallery-item,.elementor-image-gallery .gallery.gallery-columns-8 .gallery-item,.elementor-image-gallery .gallery.gallery-columns-9 .gallery-item,.elementor-image-gallery .gallery.gallery-columns-10 .gallery-item{max-width:100%}}<\/style>\t\t<div class=\"elementor-image-gallery\">\n\t\t\t<div id='gallery-1' class='gallery galleryid-3066 gallery-columns-6 gallery-size-medium'><figure class='gallery-item'>\n\t\t\t<div class='gallery-icon landscape'>\n\t\t\t\t<img decoding=\"async\" width=\"216\" height=\"108\" src=\"https:\/\/villamedicina.hu\/wp-content\/uploads\/2024\/03\/xyx-e1592579527896.jpeg\" class=\"attachment-medium size-medium\" alt=\"\" srcset=\"https:\/\/villamedicina.hu\/wp-content\/uploads\/2024\/03\/xyx-e1592579527896.jpeg 216w, https:\/\/villamedicina.hu\/wp-content\/uploads\/2024\/03\/xyx-e1592579527896-18x9.jpeg 18w\" sizes=\"(max-width: 216px) 100vw, 216px\" \/>\n\t\t\t<\/div><\/figure><figure class='gallery-item'>\n\t\t\t<div class='gallery-icon landscape'>\n\t\t\t\t<img decoding=\"async\" width=\"288\" height=\"144\" src=\"https:\/\/villamedicina.hu\/wp-content\/uploads\/2024\/03\/czeizel-intezet-masolat.png\" class=\"attachment-medium size-medium\" alt=\"\" srcset=\"https:\/\/villamedicina.hu\/wp-content\/uploads\/2024\/03\/czeizel-intezet-masolat.png 288w, https:\/\/villamedicina.hu\/wp-content\/uploads\/2024\/03\/czeizel-intezet-masolat-18x9.png 18w\" sizes=\"(max-width: 288px) 100vw, 288px\" \/>\n\t\t\t<\/div><\/figure><figure class='gallery-item'>\n\t\t\t<div class='gallery-icon landscape'>\n\t\t\t\t<img decoding=\"async\" width=\"216\" height=\"112\" src=\"https:\/\/villamedicina.hu\/wp-content\/uploads\/2024\/03\/unicorp.jpg\" class=\"attachment-medium size-medium\" alt=\"\" srcset=\"https:\/\/villamedicina.hu\/wp-content\/uploads\/2024\/03\/unicorp.jpg 216w, https:\/\/villamedicina.hu\/wp-content\/uploads\/2024\/03\/unicorp-18x9.jpg 18w\" sizes=\"(max-width: 216px) 100vw, 216px\" \/>\n\t\t\t<\/div><\/figure><figure class='gallery-item'>\n\t\t\t<div class='gallery-icon landscape'>\n\t\t\t\t<img loading=\"lazy\" decoding=\"async\" width=\"216\" height=\"112\" src=\"https:\/\/villamedicina.hu\/wp-content\/uploads\/2024\/03\/rextra.jpg\" class=\"attachment-medium size-medium\" alt=\"\" srcset=\"https:\/\/villamedicina.hu\/wp-content\/uploads\/2024\/03\/rextra.jpg 216w, https:\/\/villamedicina.hu\/wp-content\/uploads\/2024\/03\/rextra-18x9.jpg 18w\" sizes=\"(max-width: 216px) 100vw, 216px\" \/>\n\t\t\t<\/div><\/figure><figure class='gallery-item'>\n\t\t\t<div class='gallery-icon landscape'>\n\t\t\t\t<img loading=\"lazy\" decoding=\"async\" width=\"216\" height=\"112\" src=\"https:\/\/villamedicina.hu\/wp-content\/uploads\/2024\/03\/wolf.jpg\" class=\"attachment-medium size-medium\" alt=\"\" srcset=\"https:\/\/villamedicina.hu\/wp-content\/uploads\/2024\/03\/wolf.jpg 216w, https:\/\/villamedicina.hu\/wp-content\/uploads\/2024\/03\/wolf-18x9.jpg 18w\" sizes=\"(max-width: 216px) 100vw, 216px\" \/>\n\t\t\t<\/div><\/figure><figure class='gallery-item'>\n\t\t\t<div class='gallery-icon landscape'>\n\t\t\t\t<img loading=\"lazy\" decoding=\"async\" width=\"216\" height=\"112\" src=\"https:\/\/villamedicina.hu\/wp-content\/uploads\/2024\/03\/cook.jpg\" class=\"attachment-medium size-medium\" alt=\"\" srcset=\"https:\/\/villamedicina.hu\/wp-content\/uploads\/2024\/03\/cook.jpg 216w, https:\/\/villamedicina.hu\/wp-content\/uploads\/2024\/03\/cook-18x9.jpg 18w\" sizes=\"(max-width: 216px) 100vw, 216px\" \/>\n\t\t\t<\/div><\/figure><figure class='gallery-item'>\n\t\t\t<div class='gallery-icon landscape'>\n\t\t\t\t<img loading=\"lazy\" decoding=\"async\" width=\"300\" height=\"175\" src=\"https:\/\/villamedicina.hu\/wp-content\/uploads\/2024\/03\/GenePlanet_V_color-masolat-300x175.jpg\" class=\"attachment-medium size-medium\" alt=\"\" srcset=\"https:\/\/villamedicina.hu\/wp-content\/uploads\/2024\/03\/GenePlanet_V_color-masolat-300x175.jpg 300w, https:\/\/villamedicina.hu\/wp-content\/uploads\/2024\/03\/GenePlanet_V_color-masolat-18x10.jpg 18w, https:\/\/villamedicina.hu\/wp-content\/uploads\/2024\/03\/GenePlanet_V_color-masolat.jpg 340w\" sizes=\"(max-width: 300px) 100vw, 300px\" \/>\n\t\t\t<\/div><\/figure><figure class='gallery-item'>\n\t\t\t<div class='gallery-icon landscape'>\n\t\t\t\t<img loading=\"lazy\" decoding=\"async\" width=\"300\" height=\"138\" src=\"https:\/\/villamedicina.hu\/wp-content\/uploads\/2024\/03\/PlusMedical-masolat-1-705x324-1-300x138.jpg\" class=\"attachment-medium size-medium\" alt=\"\" srcset=\"https:\/\/villamedicina.hu\/wp-content\/uploads\/2024\/03\/PlusMedical-masolat-1-705x324-1-300x138.jpg 300w, https:\/\/villamedicina.hu\/wp-content\/uploads\/2024\/03\/PlusMedical-masolat-1-705x324-1-18x8.jpg 18w, https:\/\/villamedicina.hu\/wp-content\/uploads\/2024\/03\/PlusMedical-masolat-1-705x324-1.jpg 705w\" sizes=\"(max-width: 300px) 100vw, 300px\" \/>\n\t\t\t<\/div><\/figure><figure class='gallery-item'>\n\t\t\t<div class='gallery-icon landscape'>\n\t\t\t\t<img loading=\"lazy\" decoding=\"async\" width=\"216\" height=\"112\" src=\"https:\/\/villamedicina.hu\/wp-content\/uploads\/2024\/03\/gendiagnosztika.jpg\" class=\"attachment-medium size-medium\" alt=\"\" srcset=\"https:\/\/villamedicina.hu\/wp-content\/uploads\/2024\/03\/gendiagnosztika.jpg 216w, https:\/\/villamedicina.hu\/wp-content\/uploads\/2024\/03\/gendiagnosztika-18x9.jpg 18w\" sizes=\"(max-width: 216px) 100vw, 216px\" \/>\n\t\t\t<\/div><\/figure><figure class='gallery-item'>\n\t\t\t<div class='gallery-icon landscape'>\n\t\t\t\t<img loading=\"lazy\" decoding=\"async\" width=\"216\" height=\"112\" src=\"https:\/\/villamedicina.hu\/wp-content\/uploads\/2024\/03\/dentium.jpg\" class=\"attachment-medium size-medium\" alt=\"\" srcset=\"https:\/\/villamedicina.hu\/wp-content\/uploads\/2024\/03\/dentium.jpg 216w, https:\/\/villamedicina.hu\/wp-content\/uploads\/2024\/03\/dentium-18x9.jpg 18w\" sizes=\"(max-width: 216px) 100vw, 216px\" \/>\n\t\t\t<\/div><\/figure><figure class='gallery-item'>\n\t\t\t<div class='gallery-icon landscape'>\n\t\t\t\t<img loading=\"lazy\" decoding=\"async\" width=\"216\" height=\"112\" src=\"https:\/\/villamedicina.hu\/wp-content\/uploads\/2024\/03\/synlab.jpg\" class=\"attachment-medium size-medium\" alt=\"\" srcset=\"https:\/\/villamedicina.hu\/wp-content\/uploads\/2024\/03\/synlab.jpg 216w, https:\/\/villamedicina.hu\/wp-content\/uploads\/2024\/03\/synlab-18x9.jpg 18w\" sizes=\"(max-width: 216px) 100vw, 216px\" \/>\n\t\t\t<\/div><\/figure><figure class='gallery-item'>\n\t\t\t<div class='gallery-icon landscape'>\n\t\t\t\t<img loading=\"lazy\" decoding=\"async\" width=\"216\" height=\"112\" src=\"https:\/\/villamedicina.hu\/wp-content\/uploads\/2024\/03\/cord.jpg\" class=\"attachment-medium size-medium\" alt=\"\" srcset=\"https:\/\/villamedicina.hu\/wp-content\/uploads\/2024\/03\/cord.jpg 216w, https:\/\/villamedicina.hu\/wp-content\/uploads\/2024\/03\/cord-18x9.jpg 18w\" sizes=\"(max-width: 216px) 100vw, 216px\" \/>\n\t\t\t<\/div><\/figure><figure class='gallery-item'>\n\t\t\t<div class='gallery-icon landscape'>\n\t\t\t\t<img loading=\"lazy\" decoding=\"async\" width=\"216\" height=\"112\" src=\"https:\/\/villamedicina.hu\/wp-content\/uploads\/2024\/03\/ferticad.jpg\" class=\"attachment-medium size-medium\" alt=\"\" srcset=\"https:\/\/villamedicina.hu\/wp-content\/uploads\/2024\/03\/ferticad.jpg 216w, https:\/\/villamedicina.hu\/wp-content\/uploads\/2024\/03\/ferticad-18x9.jpg 18w\" sizes=\"(max-width: 216px) 100vw, 216px\" \/>\n\t\t\t<\/div><\/figure><figure class='gallery-item'>\n\t\t\t<div class='gallery-icon landscape'>\n\t\t\t\t<img loading=\"lazy\" decoding=\"async\" width=\"200\" height=\"105\" src=\"https:\/\/villamedicina.hu\/wp-content\/uploads\/2024\/03\/endocare-FB-logo-e1592579508937.jpg\" class=\"attachment-medium size-medium\" alt=\"\" srcset=\"https:\/\/villamedicina.hu\/wp-content\/uploads\/2024\/03\/endocare-FB-logo-e1592579508937.jpg 200w, https:\/\/villamedicina.hu\/wp-content\/uploads\/2024\/03\/endocare-FB-logo-e1592579508937-18x9.jpg 18w\" sizes=\"(max-width: 200px) 100vw, 200px\" \/>\n\t\t\t<\/div><\/figure><figure class='gallery-item'>\n\t\t\t<div class='gallery-icon landscape'>\n\t\t\t\t<img loading=\"lazy\" decoding=\"async\" width=\"150\" height=\"150\" src=\"https:\/\/villamedicina.hu\/wp-content\/uploads\/2024\/03\/waberer-150x150-1.png\" class=\"attachment-medium size-medium\" alt=\"\" srcset=\"https:\/\/villamedicina.hu\/wp-content\/uploads\/2024\/03\/waberer-150x150-1.png 150w, https:\/\/villamedicina.hu\/wp-content\/uploads\/2024\/03\/waberer-150x150-1-12x12.png 12w\" sizes=\"(max-width: 150px) 100vw, 150px\" \/>\n\t\t\t<\/div><\/figure><figure class='gallery-item'>\n\t\t\t<div class='gallery-icon landscape'>\n\t\t\t\t<img loading=\"lazy\" decoding=\"async\" width=\"300\" height=\"60\" src=\"https:\/\/villamedicina.hu\/wp-content\/uploads\/2024\/03\/prenagenetics_logo_final-masolat-705x141-1-300x60.jpg\" class=\"attachment-medium size-medium\" alt=\"\" srcset=\"https:\/\/villamedicina.hu\/wp-content\/uploads\/2024\/03\/prenagenetics_logo_final-masolat-705x141-1-300x60.jpg 300w, https:\/\/villamedicina.hu\/wp-content\/uploads\/2024\/03\/prenagenetics_logo_final-masolat-705x141-1-18x4.jpg 18w, https:\/\/villamedicina.hu\/wp-content\/uploads\/2024\/03\/prenagenetics_logo_final-masolat-705x141-1.jpg 705w\" sizes=\"(max-width: 300px) 100vw, 300px\" \/>\n\t\t\t<\/div><\/figure><figure class='gallery-item'>\n\t\t\t<div class='gallery-icon landscape'>\n\t\t\t\t<img loading=\"lazy\" decoding=\"async\" width=\"216\" height=\"112\" src=\"https:\/\/villamedicina.hu\/wp-content\/uploads\/2024\/03\/septox.jpg\" class=\"attachment-medium size-medium\" alt=\"\" srcset=\"https:\/\/villamedicina.hu\/wp-content\/uploads\/2024\/03\/septox.jpg 216w, https:\/\/villamedicina.hu\/wp-content\/uploads\/2024\/03\/septox-18x9.jpg 18w\" sizes=\"(max-width: 216px) 100vw, 216px\" \/>\n\t\t\t<\/div><\/figure><figure class='gallery-item'>\n\t\t\t<div class='gallery-icon landscape'>\n\t\t\t\t<img loading=\"lazy\" decoding=\"async\" width=\"216\" height=\"112\" src=\"https:\/\/villamedicina.hu\/wp-content\/uploads\/2024\/03\/schmitz.jpg\" class=\"attachment-medium size-medium\" alt=\"\" srcset=\"https:\/\/villamedicina.hu\/wp-content\/uploads\/2024\/03\/schmitz.jpg 216w, https:\/\/villamedicina.hu\/wp-content\/uploads\/2024\/03\/schmitz-18x9.jpg 18w\" sizes=\"(max-width: 216px) 100vw, 216px\" \/>\n\t\t\t<\/div><\/figure>\n\t\t<\/div>\n\t\t<\/div>\n\t\t\t\t<\/div>\n\t\t\t\t<\/div>\n\t\t\t\t\t<\/div>\n\t\t\t\t<\/div>\n\t\t<div class=\"elementor-element elementor-element-36d0121 e-flex e-con-boxed e-con e-parent\" data-id=\"36d0121\" data-element_type=\"container\">\n\t\t\t\t\t<div class=\"e-con-inner\">\n\t\t\t\t<div class=\"elementor-element elementor-element-6b75476 elementor-widget elementor-widget-heading\" data-id=\"6b75476\" data-element_type=\"widget\" data-widget_type=\"heading.default\">\n\t\t\t\t<div class=\"elementor-widget-container\">\n\t\t\t<h1 class=\"elementor-heading-title elementor-size-default\">Other partners<\/h1>\t\t<\/div>\n\t\t\t\t<\/div>\n\t\t\t\t<div class=\"elementor-element elementor-element-2b10dee gallery-spacing-custom elementor-widget elementor-widget-image-gallery\" data-id=\"2b10dee\" data-element_type=\"widget\" data-widget_type=\"image-gallery.default\">\n\t\t\t\t<div class=\"elementor-widget-container\">\n\t\t\t\t\t<div class=\"elementor-image-gallery\">\n\t\t\t<div id='gallery-2' class='gallery galleryid-3066 gallery-columns-6 gallery-size-medium'><figure class='gallery-item'>\n\t\t\t<div class='gallery-icon landscape'>\n\t\t\t\t<img loading=\"lazy\" decoding=\"async\" width=\"288\" height=\"144\" src=\"https:\/\/villamedicina.hu\/wp-content\/uploads\/2024\/03\/kboss.hu-kft.-masolat-1.png\" class=\"attachment-medium size-medium\" alt=\"\" srcset=\"https:\/\/villamedicina.hu\/wp-content\/uploads\/2024\/03\/kboss.hu-kft.-masolat-1.png 288w, https:\/\/villamedicina.hu\/wp-content\/uploads\/2024\/03\/kboss.hu-kft.-masolat-1-18x9.png 18w\" sizes=\"(max-width: 288px) 100vw, 288px\" \/>\n\t\t\t<\/div><\/figure><figure class='gallery-item'>\n\t\t\t<div class='gallery-icon landscape'>\n\t\t\t\t<img loading=\"lazy\" decoding=\"async\" width=\"300\" height=\"200\" src=\"https:\/\/villamedicina.hu\/wp-content\/uploads\/2024\/03\/Slezak-Erika-black-high-res-2048x1365-1-300x200.png\" class=\"attachment-medium size-medium\" alt=\"\" srcset=\"https:\/\/villamedicina.hu\/wp-content\/uploads\/2024\/03\/Slezak-Erika-black-high-res-2048x1365-1-300x200.png 300w, https:\/\/villamedicina.hu\/wp-content\/uploads\/2024\/03\/Slezak-Erika-black-high-res-2048x1365-1-1024x683.png 1024w, https:\/\/villamedicina.hu\/wp-content\/uploads\/2024\/03\/Slezak-Erika-black-high-res-2048x1365-1-768x512.png 768w, https:\/\/villamedicina.hu\/wp-content\/uploads\/2024\/03\/Slezak-Erika-black-high-res-2048x1365-1-1536x1024.png 1536w, https:\/\/villamedicina.hu\/wp-content\/uploads\/2024\/03\/Slezak-Erika-black-high-res-2048x1365-1-18x12.png 18w, https:\/\/villamedicina.hu\/wp-content\/uploads\/2024\/03\/Slezak-Erika-black-high-res-2048x1365-1.png 2048w\" sizes=\"(max-width: 300px) 100vw, 300px\" \/>\n\t\t\t<\/div><\/figure><figure class='gallery-item'>\n\t\t\t<div class='gallery-icon landscape'>\n\t\t\t\t<img loading=\"lazy\" decoding=\"async\" width=\"216\" height=\"112\" src=\"https:\/\/villamedicina.hu\/wp-content\/uploads\/2024\/03\/ghcg.jpg\" class=\"attachment-medium size-medium\" alt=\"\" srcset=\"https:\/\/villamedicina.hu\/wp-content\/uploads\/2024\/03\/ghcg.jpg 216w, https:\/\/villamedicina.hu\/wp-content\/uploads\/2024\/03\/ghcg-18x9.jpg 18w\" sizes=\"(max-width: 216px) 100vw, 216px\" \/>\n\t\t\t<\/div><\/figure><figure class='gallery-item'>\n\t\t\t<div class='gallery-icon landscape'>\n\t\t\t\t<img loading=\"lazy\" decoding=\"async\" width=\"216\" height=\"112\" src=\"https:\/\/villamedicina.hu\/wp-content\/uploads\/2024\/03\/intima.jpg\" class=\"attachment-medium size-medium\" alt=\"\" srcset=\"https:\/\/villamedicina.hu\/wp-content\/uploads\/2024\/03\/intima.jpg 216w, https:\/\/villamedicina.hu\/wp-content\/uploads\/2024\/03\/intima-18x9.jpg 18w\" sizes=\"(max-width: 216px) 100vw, 216px\" \/>\n\t\t\t<\/div><\/figure><figure class='gallery-item'>\n\t\t\t<div class='gallery-icon landscape'>\n\t\t\t\t<img loading=\"lazy\" decoding=\"async\" width=\"300\" height=\"111\" src=\"https:\/\/villamedicina.hu\/wp-content\/uploads\/2024\/03\/Malyva_logo_turkiz_szalaggal_1-masolata-2-scaled-1-2048x759-1-300x111.jpg\" class=\"attachment-medium size-medium\" alt=\"\" srcset=\"https:\/\/villamedicina.hu\/wp-content\/uploads\/2024\/03\/Malyva_logo_turkiz_szalaggal_1-masolata-2-scaled-1-2048x759-1-300x111.jpg 300w, https:\/\/villamedicina.hu\/wp-content\/uploads\/2024\/03\/Malyva_logo_turkiz_szalaggal_1-masolata-2-scaled-1-2048x759-1-1024x380.jpg 1024w, https:\/\/villamedicina.hu\/wp-content\/uploads\/2024\/03\/Malyva_logo_turkiz_szalaggal_1-masolata-2-scaled-1-2048x759-1-768x285.jpg 768w, https:\/\/villamedicina.hu\/wp-content\/uploads\/2024\/03\/Malyva_logo_turkiz_szalaggal_1-masolata-2-scaled-1-2048x759-1-1536x569.jpg 1536w, https:\/\/villamedicina.hu\/wp-content\/uploads\/2024\/03\/Malyva_logo_turkiz_szalaggal_1-masolata-2-scaled-1-2048x759-1-18x7.jpg 18w, https:\/\/villamedicina.hu\/wp-content\/uploads\/2024\/03\/Malyva_logo_turkiz_szalaggal_1-masolata-2-scaled-1-2048x759-1-scaled.jpg 1920w\" sizes=\"(max-width: 300px) 100vw, 300px\" \/>\n\t\t\t<\/div><\/figure><figure class='gallery-item'>\n\t\t\t<div class='gallery-icon landscape'>\n\t\t\t\t<img loading=\"lazy\" decoding=\"async\" width=\"160\" height=\"52\" src=\"https:\/\/villamedicina.hu\/wp-content\/uploads\/2024\/03\/visa.png\" class=\"attachment-medium size-medium\" alt=\"\" srcset=\"https:\/\/villamedicina.hu\/wp-content\/uploads\/2024\/03\/visa.png 160w, https:\/\/villamedicina.hu\/wp-content\/uploads\/2024\/03\/visa-18x6.png 18w\" sizes=\"(max-width: 160px) 100vw, 160px\" \/>\n\t\t\t<\/div><\/figure><figure class='gallery-item'>\n\t\t\t<div class='gallery-icon portrait'>\n\t\t\t\t<img loading=\"lazy\" decoding=\"async\" width=\"93\" height=\"100\" src=\"https:\/\/villamedicina.hu\/wp-content\/uploads\/2024\/03\/vpay.jpeg\" class=\"attachment-medium size-medium\" alt=\"\" srcset=\"https:\/\/villamedicina.hu\/wp-content\/uploads\/2024\/03\/vpay.jpeg 93w, https:\/\/villamedicina.hu\/wp-content\/uploads\/2024\/03\/vpay-11x12.jpeg 11w\" sizes=\"(max-width: 93px) 100vw, 93px\" \/>\n\t\t\t<\/div><\/figure>\n\t\t<\/div>\n\t\t<\/div>\n\t\t\t\t<\/div>\n\t\t\t\t<\/div>\n\t\t\t\t\t<\/div>\n\t\t\t\t<\/div>\n\t\t\t\t<\/div>","protected":false},"excerpt":{"rendered":"<p>Eg\u00e9szs\u00e9g\u00fcgyi partnereink Egy\u00e9b partnerek<\/p>","protected":false},"author":2,"featured_media":2558,"parent":0,"menu_order":0,"comment_status":"closed","ping_status":"closed","template":"","meta":{"_acf_changed":false,"footnotes":""},"class_list":["post-3066","page","type-page","status-publish","has-post-thumbnail","hentry"],"acf":[],"_links":{"self":[{"href":"https:\/\/villamedicina.hu\/en\/wp-json\/wp\/v2\/pages\/3066","targetHints":{"allow":["GET"]}}],"collection":[{"href":"https:\/\/villamedicina.hu\/en\/wp-json\/wp\/v2\/pages"}],"about":[{"href":"https:\/\/villamedicina.hu\/en\/wp-json\/wp\/v2\/types\/page"}],"author":[{"embeddable":true,"href":"https:\/\/villamedicina.hu\/en\/wp-json\/wp\/v2\/users\/2"}],"replies":[{"embeddable":true,"href":"https:\/\/villamedicina.hu\/en\/wp-json\/wp\/v2\/comments?post=3066"}],"version-history":[{"count":5,"href":"https:\/\/villamedicina.hu\/en\/wp-json\/wp\/v2\/pages\/3066\/revisions"}],"predecessor-version":[{"id":3969,"href":"https:\/\/villamedicina.hu\/en\/wp-json\/wp\/v2\/pages\/3066\/revisions\/3969"}],"wp:featuredmedia":[{"embeddable":true,"href":"https:\/\/villamedicina.hu\/en\/wp-json\/wp\/v2\/media\/2558"}],"wp:attachment":[{"href":"https:\/\/villamedicina.hu\/en\/wp-json\/wp\/v2\/media?parent=3066"}],"curies":[{"name":"wp","href":"https:\/\/api.w.org\/{rel}","templated":true}]}}