{"id":693,"date":"2024-01-24T11:38:54","date_gmt":"2024-01-24T11:38:54","guid":{"rendered":"https:\/\/villamedicina.hu\/?page_id=693"},"modified":"2025-06-24T12:19:40","modified_gmt":"2025-06-24T12:19:40","slug":"rolunk","status":"publish","type":"page","link":"https:\/\/villamedicina.hu\/en\/rolunk\/","title":{"rendered":"About us"},"content":{"rendered":"<div data-elementor-type=\"wp-page\" data-elementor-id=\"693\" class=\"elementor elementor-693\" data-elementor-post-type=\"page\">\n\t\t\t\t<div class=\"elementor-element elementor-element-315ad601 e-flex e-con-boxed e-con e-parent\" data-id=\"315ad601\" data-element_type=\"container\" data-settings=\"{&quot;background_background&quot;:&quot;classic&quot;}\">\n\t\t\t\t\t<div class=\"e-con-inner\">\n\t\t<div class=\"elementor-element elementor-element-72382cc2 e-con-full e-flex e-con e-child\" data-id=\"72382cc2\" data-element_type=\"container\">\n\t\t\t\t<div class=\"elementor-element elementor-element-73d41b8 elementor-widget elementor-widget-heading\" data-id=\"73d41b8\" data-element_type=\"widget\" data-widget_type=\"heading.default\">\n\t\t\t\t<div class=\"elementor-widget-container\">\n\t\t\t<style>\/*! elementor - v3.23.0 - 15-07-2024 *\/\n.elementor-heading-title{padding:0;margin:0;line-height:1}.elementor-widget-heading .elementor-heading-title[class*=elementor-size-]>a{color:inherit;font-size:inherit;line-height:inherit}.elementor-widget-heading .elementor-heading-title.elementor-size-small{font-size:15px}.elementor-widget-heading .elementor-heading-title.elementor-size-medium{font-size:19px}.elementor-widget-heading .elementor-heading-title.elementor-size-large{font-size:29px}.elementor-widget-heading .elementor-heading-title.elementor-size-xl{font-size:39px}.elementor-widget-heading .elementor-heading-title.elementor-size-xxl{font-size:59px}<\/style><h1 class=\"elementor-heading-title elementor-size-default\">Our Clinic<\/h1>\t\t<\/div>\n\t\t\t\t<\/div>\n\t\t\t\t<div class=\"elementor-element elementor-element-c0a426d elementor-widget elementor-widget-text-editor\" data-id=\"c0a426d\" data-element_type=\"widget\" data-widget_type=\"text-editor.default\">\n\t\t\t\t<div class=\"elementor-widget-container\">\n\t\t\t<style>\/*! elementor - v3.23.0 - 15-07-2024 *\/\n.elementor-widget-text-editor.elementor-drop-cap-view-stacked .elementor-drop-cap{background-color:#69727d;color:#fff}.elementor-widget-text-editor.elementor-drop-cap-view-framed .elementor-drop-cap{color:#69727d;border:3px solid;background-color:transparent}.elementor-widget-text-editor:not(.elementor-drop-cap-view-default) .elementor-drop-cap{margin-top:8px}.elementor-widget-text-editor:not(.elementor-drop-cap-view-default) .elementor-drop-cap-letter{width:1em;height:1em}.elementor-widget-text-editor .elementor-drop-cap{float:left;text-align:center;line-height:1;font-size:50px}.elementor-widget-text-editor .elementor-drop-cap-letter{display:inline-block}<\/style>\t\t\t\t<p>Villa Medicina is a private clinic for gynaecology that opened on 15 September 2014, and is located now at 68 N\u00e9metv\u00f6lgyi Street (16 Szendi Street), 1126 Budapest. The clinic existed previously and catered to patients under the name of Pro Gyno Med Kft. since 2003.<\/p>\n<p>In the beginning, the clinic provided pre-natal care and offered gynaecological services. We did complete gynaecological ultrasound diagnostic examinations, and offered our patients the opportunity to do blood tests at convenient hours, without having to wait in line.<\/p>\n<p>Today, we offer our patients an entire array of gynaecological and pre-natal services, with our professional knowledge and corresponding to the latest standards. We offer the best possible environment for our patients and work with state-of-the-art equipment and methods.<\/p>\n<p>\u201cWe pursue healing services in a devoted manner according to European standards, using high quality instruments and equipment, firmly relying on the professionalism of our staff.  Our goal is to provide the most adequate healthcare to our patients and heal them in a quiet environment. We aim to establish a long-term relationship based on trust and confidence.\u201d\n(Dr. Kia)<br>(Dr. Kia)<\/p>\t\t\t\t\t\t<\/div>\n\t\t\t\t<\/div>\n\t\t\t\t<div class=\"elementor-element elementor-element-0d4b560 elementor-mobile-align-center elementor-widget elementor-widget-global elementor-global-2114 elementor-widget-button\" data-id=\"0d4b560\" data-element_type=\"widget\" data-widget_type=\"button.default\">\n\t\t\t\t<div class=\"elementor-widget-container\">\n\t\t\t\t\t<div class=\"elementor-button-wrapper\">\n\t\t\t<a class=\"elementor-button elementor-button-link elementor-size-md\" href=\"https:\/\/villamedicina.hu\/en\/kapcsolat\/\">\n\t\t\t\t\t\t<span class=\"elementor-button-content-wrapper\">\n\t\t\t\t\t\t\t\t\t<span class=\"elementor-button-text\">Do you have a question? <\/span>\n\t\t\t\t\t<\/span>\n\t\t\t\t\t<\/a>\n\t\t<\/div>\n\t\t\t\t<\/div>\n\t\t\t\t<\/div>\n\t\t\t\t<\/div>\n\t\t<div class=\"elementor-element elementor-element-5f4b15e e-con-full e-flex e-con e-child\" data-id=\"5f4b15e\" data-element_type=\"container\">\n\t\t\t\t<div class=\"elementor-element elementor-element-65bc9dd elementor-widget elementor-widget-image\" data-id=\"65bc9dd\" data-element_type=\"widget\" data-widget_type=\"image.default\">\n\t\t\t\t<div class=\"elementor-widget-container\">\n\t\t\t<style>\/*! elementor - v3.23.0 - 15-07-2024 *\/\n.elementor-widget-image{text-align:center}.elementor-widget-image a{display:inline-block}.elementor-widget-image a img[src$=\".svg\"]{width:48px}.elementor-widget-image img{vertical-align:middle;display:inline-block}<\/style>\t\t\t\t\t\t\t\t\t\t<img fetchpriority=\"high\" decoding=\"async\" width=\"1024\" height=\"1536\" src=\"https:\/\/villamedicina.hu\/wp-content\/uploads\/2024\/02\/DSC6335_nagy-1024x1536.jpg\" class=\"attachment-1536x1536 size-1536x1536 wp-image-2558\" alt=\"\" srcset=\"https:\/\/villamedicina.hu\/wp-content\/uploads\/2024\/02\/DSC6335_nagy-1024x1536.jpg 1024w, https:\/\/villamedicina.hu\/wp-content\/uploads\/2024\/02\/DSC6335_nagy-200x300.jpg 200w, https:\/\/villamedicina.hu\/wp-content\/uploads\/2024\/02\/DSC6335_nagy-683x1024.jpg 683w, https:\/\/villamedicina.hu\/wp-content\/uploads\/2024\/02\/DSC6335_nagy-768x1152.jpg 768w, https:\/\/villamedicina.hu\/wp-content\/uploads\/2024\/02\/DSC6335_nagy-1365x2048.jpg 1365w, https:\/\/villamedicina.hu\/wp-content\/uploads\/2024\/02\/DSC6335_nagy-8x12.jpg 8w, https:\/\/villamedicina.hu\/wp-content\/uploads\/2024\/02\/DSC6335_nagy-scaled.jpg 1280w\" sizes=\"(max-width: 1024px) 100vw, 1024px\" \/>\t\t\t\t\t\t\t\t\t\t\t\t\t<\/div>\n\t\t\t\t<\/div>\n\t\t\t\t<\/div>\n\t\t\t\t\t<\/div>\n\t\t\t\t<\/div>\n\t\t<div class=\"elementor-element elementor-element-278cdb2 e-flex e-con-boxed e-con e-parent\" data-id=\"278cdb2\" data-element_type=\"container\">\n\t\t\t\t\t<div class=\"e-con-inner\">\n\t\t\t\t<div class=\"elementor-element elementor-element-06434d3 timeline elementor-widget elementor-widget-timeline-widget-addon\" data-id=\"06434d3\" data-element_type=\"widget\" data-widget_type=\"timeline-widget-addon.default\">\n\t\t\t\t<div class=\"elementor-widget-container\">\n\t\t\t<!-- ========= Timeline Widget Addon For Elementor 1.6.17 ========= -->\n<div id=\"twae-wrapper-06434d3\" class=\"twae-vertical twae-wrapper  twae-both-sided\">   \n    <div class=\"twae-start\"><\/div>    \n    <div id=\"twea-timeline-06434d3\" class=\"twae-timeline\" ><!-- Story Year Label --><div class=\"twae-year twae-year-container story-year-e62a7d6\">\n\t\t\t\t\t<div class=\"twae-year-label twae-year-text\">2003<\/div>\n\t\t\t\t<\/div><!-- Start of Story Repeater Content --><div id=\"story-e62a7d6\" class=\"twae-story twae-repeater-item twae-story-right twae-story-no-icon\"><!-- Story Icon Dot --><div class=\"twae-icondot\"><\/div><!-- Story Arrow --><div class=\"twae-arrow\"><\/div><!-- Start of Story Content --><div class=\"twae-content\"><!-- Story Title --><div class=\"twae-title\">The founding of Pro Gyno Med Ltd. \u2013 The beginnings<\/div><!-- Story Description --><div class=\"twae-description\"><p class=\"translation-block\"><span style=\"font-weight: 400\">Dr. Bahrehmand Kiarash founded Pro Gyno Med Ltd. Medical activity in the field of obstetrics and gynecology.<\/span><span style=\"font-weight: 400\">This was the basis for a long-term commitment that focuses on high-quality patient care.<\/span><\/p><\/div><\/div><\/div><!-- Story Year Label --><div class=\"twae-year twae-year-container story-year-14b47de\">\n\t\t\t\t\t<div class=\"twae-year-label twae-year-text\">2019<\/div>\n\t\t\t\t<\/div><!-- Start of Story Repeater Content --><div id=\"story-14b47de\" class=\"twae-story twae-repeater-item twae-story-left twae-story-no-icon\"><!-- Story Icon Dot --><div class=\"twae-icondot\"><\/div><!-- Story Arrow --><div class=\"twae-arrow\"><\/div><!-- Start of Story Content --><div class=\"twae-content\"><!-- Story Title --><div class=\"twae-title\">Moving to your own villa \u2013 The Szendi Street era<\/div><!-- Story Description --><div class=\"twae-description\"><p class=\"translation-block\"><span style=\"font-weight: 400\">The increasing patient traffic and the constantly expanding range of services justified Villa Medicina moving to a larger and more modern location. At that time, it moved to its own villa on Szendi Street, where it awaited patients in an even more comfortable environment with an expanded professional offer. At the same time, the clinic offered full-scale services not only for women, but also for men and children, encompassing many other specialties in addition to obstetrics and gynecology (pediatrics, radiology, internal medicine, etc.). <\/span><\/p><\/div><\/div><\/div><!-- Story Year Label --><div class=\"twae-year twae-year-container story-year-636bbf2\">\n\t\t\t\t\t<div class=\"twae-year-label twae-year-text\">2025<\/div>\n\t\t\t\t<\/div><!-- Start of Story Repeater Content --><div id=\"story-636bbf2\" class=\"twae-story twae-repeater-item twae-story-right twae-story-no-icon\"><!-- Story Icon Dot --><div class=\"twae-icondot\"><\/div><!-- Story Arrow --><div class=\"twae-arrow\"><\/div><!-- Start of Story Content --><div class=\"twae-content\"><!-- Story Title --><div class=\"twae-title\">Towards the future \u2013 Another move <\/div><!-- Story Description --><div class=\"twae-description\"><p class=\"translation-block\"><span style=\"font-weight: 400\">The latest stage in the continuous development of Villa Medicina is the move to the same location as the MOM Park Szent Magdolna Private Hospital.<\/span> This step further strengthens the practice's commitment to modern medical care and patient comfort. <\/span><b>The goal of the move to the Szent Magdolna Private Hospital is to facilitate patient comfort and allow diagnostics and possible surgeries to take place in one place.<\/b><span style=\"font-weight: 400\"> As Dr. Kia says: \"We perform the noble service of healing at European standards with our high-quality equipment and the professional professionalism of our staff. Our goal is to provide our patients with appropriate care, treatment, and health preservation in a calm environment, as well as to build a long-term and confidential relationship.\"<\/span><\/p><p>\u00a0<\/p><\/div><\/div><\/div><\/div>\n    <div class=\"twae-end\"><\/div>\n    <\/div><style type=\"text\/css\">@media (max-width: 1024px){ .twae-wrapper{--tw-ybx-size: 80px !important;}}@media (max-width: 767px){ .twae-wrapper{--tw-ybx-size: 80px !important}}<\/style>\t\t<\/div>\n\t\t\t\t<\/div>\n\t\t\t\t\t<\/div>\n\t\t\t\t<\/div>\n\t\t\t\t<\/div>","protected":false},"excerpt":{"rendered":"<p>Rendel\u0151nk A Villa Medicina 2014. szeptember 15-\u00e9n nyitotta meg mag\u00e1nrendel\u00e9s\u00e9t Bud\u00e1n, a XII. ker\u00fcleti N\u00e9metv\u00f6lgyi \u00faton, Dr. Bahrehmand Kiarash sz\u00fcl\u00e9sz-n\u0151gy\u00f3gy\u00e1sz \u00e9s Bahrehmand Kiarmin vezet\u00e9s\u00e9vel, azonban orvosi te\u00adv\u00e9\u00adkeny\u00ads\u00e9ge a Pro Gyno Med Kft. megalap\u00edt\u00e1s\u00e1val 2003-ban kezd\u0151d\u00f6tt. A rendel\u0151 kezdetben a sz\u00fcl\u00e9szeti \u00e9s n\u0151gy\u00f3gy\u00e1szati betegek ell\u00e1t\u00e1s\u00e1n \u00e9s a teljes k\u00f6r\u0171 sz\u00fcl\u00e9szet-n\u0151gy\u00f3gy\u00e1szati ultrahang diagnosztika vizsg\u00e1latokon k\u00edv\u00fcl lehet\u0151s\u00e9get ny\u00fajtott [&hellip;]<\/p>","protected":false},"author":2,"featured_media":0,"parent":0,"menu_order":0,"comment_status":"closed","ping_status":"closed","template":"","meta":{"_acf_changed":false,"footnotes":""},"class_list":["post-693","page","type-page","status-publish","hentry"],"acf":[],"_links":{"self":[{"href":"https:\/\/villamedicina.hu\/en\/wp-json\/wp\/v2\/pages\/693","targetHints":{"allow":["GET"]}}],"collection":[{"href":"https:\/\/villamedicina.hu\/en\/wp-json\/wp\/v2\/pages"}],"about":[{"href":"https:\/\/villamedicina.hu\/en\/wp-json\/wp\/v2\/types\/page"}],"author":[{"embeddable":true,"href":"https:\/\/villamedicina.hu\/en\/wp-json\/wp\/v2\/users\/2"}],"replies":[{"embeddable":true,"href":"https:\/\/villamedicina.hu\/en\/wp-json\/wp\/v2\/comments?post=693"}],"version-history":[{"count":6,"href":"https:\/\/villamedicina.hu\/en\/wp-json\/wp\/v2\/pages\/693\/revisions"}],"predecessor-version":[{"id":4757,"href":"https:\/\/villamedicina.hu\/en\/wp-json\/wp\/v2\/pages\/693\/revisions\/4757"}],"wp:attachment":[{"href":"https:\/\/villamedicina.hu\/en\/wp-json\/wp\/v2\/media?parent=693"}],"curies":[{"name":"wp","href":"https:\/\/api.w.org\/{rel}","templated":true}]}}